{"id":40276,"date":"2025-10-01T10:07:58","date_gmt":"2025-10-01T02:07:58","guid":{"rendered":"https:\/\/www.seopaying.com\/esclusione-di-responsabilita-legale\/"},"modified":"2025-10-01T10:09:01","modified_gmt":"2025-10-01T02:09:01","slug":"esclusione-di-responsabilita-legale","status":"publish","type":"page","link":"https:\/\/seopaying.com\/it\/esclusione-di-responsabilita-legale\/","title":{"rendered":"Esclusione di responsabilit\u00e0 legale"},"content":{"rendered":"\t\t<div data-elementor-type=\"wp-page\" data-elementor-id=\"40276\" class=\"elementor elementor-40276 elementor-40250\" data-elementor-post-type=\"page\">\n\t\t\t\t<div class=\"elementor-element elementor-element-5f681af5 e-flex e-con-boxed e-con e-parent\" data-id=\"5f681af5\" data-element_type=\"container\" data-settings=\"{&quot;background_background&quot;:&quot;classic&quot;}\">\n\t\t\t\t\t<div class=\"e-con-inner\">\n\t\t\t\t<div class=\"elementor-element elementor-element-5396d3 elementor-widget elementor-widget-etheme_animated_headline\" data-id=\"5396d3\" data-element_type=\"widget\" data-settings=\"{&quot;shape&quot;:&quot;double_underline&quot;,&quot;text_style&quot;:&quot;highlight&quot;,&quot;duration&quot;:{&quot;unit&quot;:&quot;px&quot;,&quot;size&quot;:&quot;&quot;,&quot;sizes&quot;:[]},&quot;delay&quot;:{&quot;unit&quot;:&quot;px&quot;,&quot;size&quot;:&quot;&quot;,&quot;sizes&quot;:[]}}\" data-widget_type=\"etheme_animated_headline.default\">\n\t\t\t\t<div class=\"elementor-widget-container\">\n\t\t\t\t\t        \n        <div class=\"etheme-headline-wrapper\">\n            <h1 class=\"etheme-headline\" data-style=\"highlight\">\n\t\t                        <span class=\"etheme-headline-text-wrapper\">\n                \n\t\t        Esclusione di responsabilit\u00e0 legale<svg xmlns=\"http:\/\/www.w3.org\/2000\/svg\" viewBox=\"0 0 500 150\" preserveAspectRatio=\"none\"><path d=\"M5 130.476C199.783 121.045 295.145 109.078 495 127.639M50.6522 146.306C165.797 137.383 343.333 128.045 457.464 142.755\"><\/path><\/svg>                \n                <\/span>\n                            <\/h1>\n        <\/div>\n        \n\t\t\t\t\t\t<\/div>\n\t\t\t\t<\/div>\n\t\t\t\t<div class=\"elementor-element elementor-element-2ab5bc6b elementor-widget elementor-widget-text-editor\" data-id=\"2ab5bc6b\" data-element_type=\"widget\" data-widget_type=\"text-editor.default\">\n\t\t\t\t\t\t\t\t\t\n<p><strong>Avviso importante<\/strong><br>Questa clausola di esclusione della responsabilit\u00e0 legale si applica all&#8217;utilizzo dei nostri servizi di assistenza per la gestione della reputazione online. Ti invitiamo a leggerla attentamente prima di utilizzare i nostri servizi. <\/p>\n\n<ol class=\"wp-block-list\" start=\"1\">\n<li><strong>Ruolo del fornitore di servizi e limitazione di responsabilit\u00e0<\/strong>\n<ul class=\"wp-block-list\">\n<li>Agiamo come <strong>assistente di gestione<\/strong> del commerciante sulle piattaforme di recensioni, non come creatore o manipolatore di contenuti delle recensioni.<\/li>\n\n<li>Ci impegniamo a fornire i nostri servizi in conformit\u00e0 con i termini pubblicati dalle rispettive piattaforme di recensione e con le leggi e i regolamenti applicabili. Tuttavia, le politiche delle piattaforme sono soggette a cambiamenti e non possiamo garantire che ogni aspetto del nostro servizio sia sempre e assolutamente in linea con tutte le future interpretazioni delle politiche delle piattaforme. Pertanto, l&#8217;esercente ha la responsabilit\u00e0 ultima di garantire che le sue operazioni siano conformi ai requisiti della piattaforma.  <\/li>\n<\/ul>\n<\/li>\n\n<li><strong>Responsabilit\u00e0 del cliente (commerciante)<\/strong>\n<ul class=\"wp-block-list\">\n<li><strong>Autorit\u00e0 dell&#8217;account:<\/strong> Devi garantire di essere il legittimo proprietario dell&#8217;account della piattaforma commerciale o di essere legalmente autorizzato a gestirlo e di concederci il permesso di eseguire le azioni di cui sopra.<\/li>\n\n<li><strong>Autenticit\u00e0 delle informazioni:<\/strong> Devi garantire che tutti i dati dei clienti che ci vengono forniti provengano da fonti legittime e veritiere. Tutti gli ordini utilizzati per attivare gli inviti alla recensione devono essere autentici e validi. <\/li>\n\n<li><strong>Autorit\u00e0 decisionale finale:<\/strong> La decisione finale e la responsabilit\u00e0 di azioni come la segnalazione di una revisione spettano a te. Noi ci limitiamo a fornire raccomandazioni e supporto esecutivo. <\/li>\n<\/ul>\n<\/li>\n\n<li><strong>Informativa sui rischi della piattaforma<\/strong>\n<ul class=\"wp-block-list\">\n<li>Le piattaforme di recensioni (ad esempio, Trustpilot, SiteJabber) mantengono l&#8217;autorit\u00e0 finale su tutti i contenuti presenti sulle loro piattaforme. Ci\u00f2 include il diritto di rimuovere unilateralmente le recensioni o di imporre restrizioni agli account degli esercenti che violano le loro politiche. <\/li>\n\n<li><strong>Non potremo essere ritenuti responsabili<\/strong> per eventuali danni diretti o indiretti derivanti da modifiche alle politiche della piattaforma o da azioni amministrative (come la rimozione di recensioni, la sospensione dell&#8217;account, ecc.<\/li>\n<\/ul>\n<\/li>\n\n<li><strong>Conformit\u00e0 alle leggi e ai regolamenti<\/strong>\n<ul class=\"wp-block-list\">\n<li>I nostri servizi rispettano rigorosamente le leggi e le normative vigenti.<\/li>\n<\/ul>\n<\/li>\n\n<li><strong>Ambito di applicazione della clausola di esclusione della responsabilit\u00e0<\/strong>\n<ul class=\"wp-block-list\">\n<li>Nella misura massima consentita dalla legge, non saremo responsabili di alcun danno indiretto, incidentale o consequenziale derivante dall&#8217;uso dei nostri servizi.<\/li>\n<\/ul>\n<\/li>\n<\/ol>\n\n<p><strong>Conclusione<\/strong><br>Utilizzando i nostri servizi, dichiari di aver letto, compreso e accettato tutti i termini descritti in questa Dichiarazione di Esonero di Responsabilit\u00e0. Il nostro obiettivo \u00e8 quello di aiutarti a gestire la tua reputazione online in modo pi\u00f9 efficiente, rispettando le regole. <\/p>\n\t\t\t\t\t\t\t\t<\/div>\n\t\t\t\t\t<\/div>\n\t\t\t\t<\/div>\n\t\t\t\t<\/div>\n\t\t","protected":false},"excerpt":{"rendered":"<p>Esclusione di responsabilit\u00e0 legale Avviso importanteQuesta clausola di esclusione della responsabilit\u00e0 legale si applica all&#8217;utilizzo dei nostri servizi di assistenza per la gestione della reputazione&#8230;<\/p>\n","protected":false},"author":1,"featured_media":0,"parent":0,"menu_order":0,"comment_status":"closed","ping_status":"closed","template":"","meta":{"footnotes":""},"class_list":["post-40276","page","type-page","status-publish","hentry"],"yoast_head":"<!-- This site is optimized with the Yoast SEO plugin v27.1.1 - https:\/\/yoast.com\/product\/yoast-seo-wordpress\/ -->\n<title>Esclusione di responsabilit\u00e0 legale - SEOPAYING<\/title>\n<meta name=\"robots\" content=\"index, follow, max-snippet:-1, max-image-preview:large, max-video-preview:-1\" \/>\n<link rel=\"canonical\" href=\"https:\/\/seopaying.com\/it\/esclusione-di-responsabilita-legale\/\" \/>\n<meta property=\"og:locale\" content=\"it_IT\" \/>\n<meta property=\"og:type\" content=\"article\" \/>\n<meta property=\"og:title\" content=\"Esclusione di responsabilit\u00e0 legale - SEOPAYING\" \/>\n<meta property=\"og:description\" content=\"Esclusione di responsabilit\u00e0 legale Avviso importanteQuesta clausola di esclusione della responsabilit\u00e0 legale si applica all&#8217;utilizzo dei nostri servizi di assistenza per la gestione della reputazione...\" \/>\n<meta property=\"og:url\" content=\"https:\/\/seopaying.com\/it\/esclusione-di-responsabilita-legale\/\" \/>\n<meta property=\"og:site_name\" content=\"SEOPAYING\" \/>\n<meta property=\"article:modified_time\" content=\"2025-10-01T02:09:01+00:00\" \/>\n<meta name=\"twitter:card\" content=\"summary_large_image\" \/>\n<meta name=\"twitter:label1\" content=\"Tempo di lettura stimato\" \/>\n\t<meta name=\"twitter:data1\" content=\"2 minuti\" \/>\n<script type=\"application\/ld+json\" class=\"yoast-schema-graph\">{\"@context\":\"https:\/\/schema.org\",\"@graph\":[{\"@type\":\"WebPage\",\"@id\":\"https:\/\/seopaying.com\/it\/esclusione-di-responsabilita-legale\/\",\"url\":\"https:\/\/seopaying.com\/it\/esclusione-di-responsabilita-legale\/\",\"name\":\"Esclusione di responsabilit\u00e0 legale - SEOPAYING\",\"isPartOf\":{\"@id\":\"https:\/\/seopaying.com\/it\/#website\"},\"datePublished\":\"2025-10-01T02:07:58+00:00\",\"dateModified\":\"2025-10-01T02:09:01+00:00\",\"breadcrumb\":{\"@id\":\"https:\/\/seopaying.com\/it\/esclusione-di-responsabilita-legale\/#breadcrumb\"},\"inLanguage\":\"it-IT\",\"potentialAction\":[{\"@type\":\"ReadAction\",\"target\":[\"https:\/\/seopaying.com\/it\/esclusione-di-responsabilita-legale\/\"]}]},{\"@type\":\"BreadcrumbList\",\"@id\":\"https:\/\/seopaying.com\/it\/esclusione-di-responsabilita-legale\/#breadcrumb\",\"itemListElement\":[{\"@type\":\"ListItem\",\"position\":1,\"name\":\"Casa\",\"item\":\"https:\/\/seopaying.com\/it\/\"},{\"@type\":\"ListItem\",\"position\":2,\"name\":\"Esclusione di responsabilit\u00e0 legale\"}]},{\"@type\":\"WebSite\",\"@id\":\"https:\/\/seopaying.com\/it\/#website\",\"url\":\"https:\/\/seopaying.com\/it\/\",\"name\":\"SEOPAYING\",\"description\":\"Acquista recensioni online e migliora la reputazione online del tuo sito web\",\"publisher\":{\"@id\":\"https:\/\/seopaying.com\/it\/#organization\"},\"potentialAction\":[{\"@type\":\"SearchAction\",\"target\":{\"@type\":\"EntryPoint\",\"urlTemplate\":\"https:\/\/seopaying.com\/it\/?s={search_term_string}\"},\"query-input\":{\"@type\":\"PropertyValueSpecification\",\"valueRequired\":true,\"valueName\":\"search_term_string\"}}],\"inLanguage\":\"it-IT\"},{\"@type\":\"Organization\",\"@id\":\"https:\/\/seopaying.com\/it\/#organization\",\"name\":\"SEOPAYING\",\"url\":\"https:\/\/seopaying.com\/it\/\",\"logo\":{\"@type\":\"ImageObject\",\"inLanguage\":\"it-IT\",\"@id\":\"https:\/\/seopaying.com\/it\/#\/schema\/logo\/image\/\",\"url\":\"https:\/\/seopaying.com\/wp-content\/uploads\/2025\/09\/SEO-PAYING-Buy-Reviews-1.svg\",\"contentUrl\":\"https:\/\/seopaying.com\/wp-content\/uploads\/2025\/09\/SEO-PAYING-Buy-Reviews-1.svg\",\"width\":450,\"height\":179,\"caption\":\"SEOPAYING\"},\"image\":{\"@id\":\"https:\/\/seopaying.com\/it\/#\/schema\/logo\/image\/\"}}]}<\/script>\n<!-- \/ Yoast SEO plugin. -->","yoast_head_json":{"title":"Esclusione di responsabilit\u00e0 legale - SEOPAYING","robots":{"index":"index","follow":"follow","max-snippet":"max-snippet:-1","max-image-preview":"max-image-preview:large","max-video-preview":"max-video-preview:-1"},"canonical":"https:\/\/seopaying.com\/it\/esclusione-di-responsabilita-legale\/","og_locale":"it_IT","og_type":"article","og_title":"Esclusione di responsabilit\u00e0 legale - SEOPAYING","og_description":"Esclusione di responsabilit\u00e0 legale Avviso importanteQuesta clausola di esclusione della responsabilit\u00e0 legale si applica all&#8217;utilizzo dei nostri servizi di assistenza per la gestione della reputazione...","og_url":"https:\/\/seopaying.com\/it\/esclusione-di-responsabilita-legale\/","og_site_name":"SEOPAYING","article_modified_time":"2025-10-01T02:09:01+00:00","twitter_card":"summary_large_image","twitter_misc":{"Tempo di lettura stimato":"2 minuti"},"schema":{"@context":"https:\/\/schema.org","@graph":[{"@type":"WebPage","@id":"https:\/\/seopaying.com\/it\/esclusione-di-responsabilita-legale\/","url":"https:\/\/seopaying.com\/it\/esclusione-di-responsabilita-legale\/","name":"Esclusione di responsabilit\u00e0 legale - SEOPAYING","isPartOf":{"@id":"https:\/\/seopaying.com\/it\/#website"},"datePublished":"2025-10-01T02:07:58+00:00","dateModified":"2025-10-01T02:09:01+00:00","breadcrumb":{"@id":"https:\/\/seopaying.com\/it\/esclusione-di-responsabilita-legale\/#breadcrumb"},"inLanguage":"it-IT","potentialAction":[{"@type":"ReadAction","target":["https:\/\/seopaying.com\/it\/esclusione-di-responsabilita-legale\/"]}]},{"@type":"BreadcrumbList","@id":"https:\/\/seopaying.com\/it\/esclusione-di-responsabilita-legale\/#breadcrumb","itemListElement":[{"@type":"ListItem","position":1,"name":"Casa","item":"https:\/\/seopaying.com\/it\/"},{"@type":"ListItem","position":2,"name":"Esclusione di responsabilit\u00e0 legale"}]},{"@type":"WebSite","@id":"https:\/\/seopaying.com\/it\/#website","url":"https:\/\/seopaying.com\/it\/","name":"SEOPAYING","description":"Acquista recensioni online e migliora la reputazione online del tuo sito web","publisher":{"@id":"https:\/\/seopaying.com\/it\/#organization"},"potentialAction":[{"@type":"SearchAction","target":{"@type":"EntryPoint","urlTemplate":"https:\/\/seopaying.com\/it\/?s={search_term_string}"},"query-input":{"@type":"PropertyValueSpecification","valueRequired":true,"valueName":"search_term_string"}}],"inLanguage":"it-IT"},{"@type":"Organization","@id":"https:\/\/seopaying.com\/it\/#organization","name":"SEOPAYING","url":"https:\/\/seopaying.com\/it\/","logo":{"@type":"ImageObject","inLanguage":"it-IT","@id":"https:\/\/seopaying.com\/it\/#\/schema\/logo\/image\/","url":"https:\/\/seopaying.com\/wp-content\/uploads\/2025\/09\/SEO-PAYING-Buy-Reviews-1.svg","contentUrl":"https:\/\/seopaying.com\/wp-content\/uploads\/2025\/09\/SEO-PAYING-Buy-Reviews-1.svg","width":450,"height":179,"caption":"SEOPAYING"},"image":{"@id":"https:\/\/seopaying.com\/it\/#\/schema\/logo\/image\/"}}]}},"jetpack_sharing_enabled":true,"_links":{"self":[{"href":"https:\/\/seopaying.com\/it\/wp-json\/wp\/v2\/pages\/40276","targetHints":{"allow":["GET"]}}],"collection":[{"href":"https:\/\/seopaying.com\/it\/wp-json\/wp\/v2\/pages"}],"about":[{"href":"https:\/\/seopaying.com\/it\/wp-json\/wp\/v2\/types\/page"}],"author":[{"embeddable":true,"href":"https:\/\/seopaying.com\/it\/wp-json\/wp\/v2\/users\/1"}],"replies":[{"embeddable":true,"href":"https:\/\/seopaying.com\/it\/wp-json\/wp\/v2\/comments?post=40276"}],"version-history":[{"count":0,"href":"https:\/\/seopaying.com\/it\/wp-json\/wp\/v2\/pages\/40276\/revisions"}],"wp:attachment":[{"href":"https:\/\/seopaying.com\/it\/wp-json\/wp\/v2\/media?parent=40276"}],"curies":[{"name":"wp","href":"https:\/\/api.w.org\/{rel}","templated":true}]}}