{"id":40170,"date":"2025-10-01T09:53:43","date_gmt":"2025-10-01T01:53:43","guid":{"rendered":"https:\/\/www.seopaying.com\/politica-di-rimborso\/"},"modified":"2025-10-01T10:10:49","modified_gmt":"2025-10-01T02:10:49","slug":"politica-di-rimborso","status":"publish","type":"page","link":"https:\/\/seopaying.com\/it\/politica-di-rimborso\/","title":{"rendered":"Politica di rimborso"},"content":{"rendered":"\t\t<div data-elementor-type=\"wp-page\" data-elementor-id=\"40170\" class=\"elementor elementor-40170 elementor-40149\" data-elementor-post-type=\"page\">\n\t\t\t\t<div class=\"elementor-element elementor-element-892021d e-flex e-con-boxed e-con e-parent\" data-id=\"892021d\" data-element_type=\"container\" data-settings=\"{&quot;background_background&quot;:&quot;classic&quot;}\">\n\t\t\t\t\t<div class=\"e-con-inner\">\n\t\t\t\t<div class=\"elementor-element elementor-element-4a23d86f elementor-widget elementor-widget-etheme_animated_headline\" data-id=\"4a23d86f\" data-element_type=\"widget\" data-settings=\"{&quot;shape&quot;:&quot;double_underline&quot;,&quot;text_style&quot;:&quot;highlight&quot;,&quot;duration&quot;:{&quot;unit&quot;:&quot;px&quot;,&quot;size&quot;:&quot;&quot;,&quot;sizes&quot;:[]},&quot;delay&quot;:{&quot;unit&quot;:&quot;px&quot;,&quot;size&quot;:&quot;&quot;,&quot;sizes&quot;:[]}}\" data-widget_type=\"etheme_animated_headline.default\">\n\t\t\t\t<div class=\"elementor-widget-container\">\n\t\t\t\t\t        \n        <div class=\"etheme-headline-wrapper\">\n            <h1 class=\"etheme-headline\" data-style=\"highlight\">\n\t\t                        <span class=\"etheme-headline-text-wrapper\">\n                \n\t\t        Politica di rimborso<svg xmlns=\"http:\/\/www.w3.org\/2000\/svg\" viewBox=\"0 0 500 150\" preserveAspectRatio=\"none\"><path d=\"M5 130.476C199.783 121.045 295.145 109.078 495 127.639M50.6522 146.306C165.797 137.383 343.333 128.045 457.464 142.755\"><\/path><\/svg>                \n                <\/span>\n                            <\/h1>\n        <\/div>\n        \n\t\t\t\t\t\t<\/div>\n\t\t\t\t<\/div>\n\t\t\t\t<div class=\"elementor-element elementor-element-ab0fed4 elementor-widget elementor-widget-text-editor\" data-id=\"ab0fed4\" data-element_type=\"widget\" data-widget_type=\"text-editor.default\">\n\t\t\t\t\t\t\t\t\t\n<p class=\"ds-markdown-paragraph\">Noi di SEOPAYING ci impegniamo a fornire servizi affidabili e di alta qualit\u00e0. La presente Politica dei rimborsi illustra le circostanze in cui possono essere concessi i rimborsi. Ti invitiamo a leggerla attentamente prima di effettuare un ordine.  <\/p>\n<h4><strong>1. Ammissibilit\u00e0 ai rimborsi<\/strong><\/h4>\n<p class=\"ds-markdown-paragraph\">Una richiesta di rimborso pu\u00f2 essere presa in considerazione <strong>solo se il servizio non \u00e8 ancora stato completamente erogato<\/strong>. La nostra politica \u00e8 pensata per essere equa nei confronti dei nostri clienti e dei nostri costi operativi. <\/p>\n<ul>\n<li>\n<p class=\"ds-markdown-paragraph\"><strong>Prima dell&#8217;inizio del servizio:<\/strong> Se richiedi la cancellazione <strong>prima che<\/strong> il nostro team abbia iniziato a lavorare sul tuo ordine, hai diritto a un rimborso completo.<\/p>\n<\/li>\n<li>\n<p class=\"ds-markdown-paragraph\"><strong>Durante l&#8217;erogazione del servizio:<\/strong> Se richiedi la cancellazione <strong>dopo l&#8217;<\/strong> inizio del servizio, ma prima che sia stato consegnato il numero di recensioni concordato, pu\u00f2 essere effettuato un <strong>rimborso parziale<\/strong>. L&#8217;importo del rimborso sar\u00e0 calcolato come segue: Valore totale dell&#8217;ordine meno il costo delle recensioni gi\u00e0 consegnate e una commissione di elaborazione. <\/p>\n<\/li>\n<\/ul>\n<h4><strong>2. Situazioni non rimborsabili<\/strong><\/h4>\n<p class=\"ds-markdown-paragraph\">Si prega di notare che i rimborsi <strong>non<\/strong> saranno concessi nei seguenti casi:<\/p>\n<ul>\n<li>\n<p class=\"ds-markdown-paragraph\"><strong>Ordini completati:<\/strong> Una volta che il servizio \u00e8 stato completamente completato e la revisione finale \u00e8 stata consegnata, l&#8217;ordine \u00e8 considerato definitivo e non verr\u00e0 emesso alcun rimborso.<\/p>\n<\/li>\n<li>\n<p class=\"ds-markdown-paragraph\"><strong>Rimozione delle recensioni da parte delle piattaforme:<\/strong> Garantiamo la qualit\u00e0 e la consegna del nostro servizio. Tuttavia, <strong>non possiamo controllare le politiche delle piattaforme di terze parti<\/strong> (come Google, Yelp, Trustpilot, ecc.). Se una piattaforma rimuove o filtra le recensioni dopo che le abbiamo consegnate, ci\u00f2 non costituisce un fallimento del nostro servizio e non sar\u00e0 previsto alcun rimborso. Il nostro lavoro comporta un notevole sforzo manuale e risorse che vengono impiegate al momento della consegna.   <\/p>\n<\/li>\n<\/ul>\n<h4><strong>3. Processo di rimborso<\/strong><\/h4>\n<ul>\n<li>\n<p class=\"ds-markdown-paragraph\"><strong>Metodo:<\/strong> I rimborsi, se approvati, saranno effettuati con il metodo di pagamento originale utilizzato per la transazione.<\/p>\n<\/li>\n<li>\n<p class=\"ds-markdown-paragraph\"><strong>Commissione di elaborazione:<\/strong> Tutti i rimborsi approvati sono soggetti a una commissione amministrativa e di elaborazione per coprire i costi di transazione sostenuti dai nostri gateway di pagamento.<\/p>\n<\/li>\n<li>\n<p class=\"ds-markdown-paragraph\"><strong>Tempi:<\/strong> Il rimborso verr\u00e0 registrato sul tuo conto dopo l&#8217;approvazione entro 5-10 giorni lavorativi.<\/p>\n<\/li>\n<\/ul>\n<h4><strong>Come richiedere un rimborso<\/strong><\/h4>\n<p class=\"ds-markdown-paragraph\">Per avviare una richiesta di rimborso, contatta il nostro team di assistenza all&#8217;indirizzo <a href=\"mailto:contact@seopaying.com\">\n  <span style=\"text-decoration: underline;\">\n    <strong>contact@seopaying.com<\/strong>\n  <\/span>\n<\/a> indicando il numero dell&#8217;ordine e il motivo della richiesta. Il nostro team esaminer\u00e0 il tuo caso in base ai criteri indicati sopra e ti risponder\u00e0 tempestivamente. <\/p>\n<p class=\"ds-markdown-paragraph\"><strong>Contattaci:<\/strong><br>In caso di domande sulla presente Politica di rimborso, ti invitiamo a <strong>\n  <a href=\"https:\/\/www.seopaying.com\/it\/contattaci\/\">\n    <span style=\"text-decoration: underline;\">contattaci<\/span>\n  <\/a>\n<\/strong> all&#8217;indirizzo.<\/p>\n\t\t\t\t\t\t\t\t<\/div>\n\t\t\t\t\t<\/div>\n\t\t\t\t<\/div>\n\t\t\t\t<\/div>\n\t\t","protected":false},"excerpt":{"rendered":"<p>Politica di rimborso Noi di SEOPAYING ci impegniamo a fornire servizi affidabili e di alta qualit\u00e0. La presente Politica dei rimborsi illustra le circostanze in&#8230;<\/p>\n","protected":false},"author":1,"featured_media":0,"parent":0,"menu_order":0,"comment_status":"closed","ping_status":"closed","template":"","meta":{"footnotes":""},"class_list":["post-40170","page","type-page","status-publish","hentry"],"yoast_head":"<!-- This site is optimized with the Yoast SEO plugin v27.1.1 - https:\/\/yoast.com\/product\/yoast-seo-wordpress\/ -->\n<title>Politica di rimborso - SEOPAYING<\/title>\n<meta name=\"robots\" content=\"index, follow, max-snippet:-1, max-image-preview:large, max-video-preview:-1\" \/>\n<link rel=\"canonical\" href=\"https:\/\/seopaying.com\/it\/politica-di-rimborso\/\" \/>\n<meta property=\"og:locale\" content=\"it_IT\" \/>\n<meta property=\"og:type\" content=\"article\" \/>\n<meta property=\"og:title\" content=\"Politica di rimborso - SEOPAYING\" \/>\n<meta property=\"og:description\" content=\"Politica di rimborso Noi di SEOPAYING ci impegniamo a fornire servizi affidabili e di alta qualit\u00e0. La presente Politica dei rimborsi illustra le circostanze in...\" \/>\n<meta property=\"og:url\" content=\"https:\/\/seopaying.com\/it\/politica-di-rimborso\/\" \/>\n<meta property=\"og:site_name\" content=\"SEOPAYING\" \/>\n<meta property=\"article:modified_time\" content=\"2025-10-01T02:10:49+00:00\" \/>\n<meta name=\"twitter:card\" content=\"summary_large_image\" \/>\n<meta name=\"twitter:label1\" content=\"Tempo di lettura stimato\" \/>\n\t<meta name=\"twitter:data1\" content=\"2 minuti\" \/>\n<script type=\"application\/ld+json\" class=\"yoast-schema-graph\">{\"@context\":\"https:\/\/schema.org\",\"@graph\":[{\"@type\":\"WebPage\",\"@id\":\"https:\/\/seopaying.com\/it\/politica-di-rimborso\/\",\"url\":\"https:\/\/seopaying.com\/it\/politica-di-rimborso\/\",\"name\":\"Politica di rimborso - SEOPAYING\",\"isPartOf\":{\"@id\":\"https:\/\/seopaying.com\/it\/#website\"},\"datePublished\":\"2025-10-01T01:53:43+00:00\",\"dateModified\":\"2025-10-01T02:10:49+00:00\",\"breadcrumb\":{\"@id\":\"https:\/\/seopaying.com\/it\/politica-di-rimborso\/#breadcrumb\"},\"inLanguage\":\"it-IT\",\"potentialAction\":[{\"@type\":\"ReadAction\",\"target\":[\"https:\/\/seopaying.com\/it\/politica-di-rimborso\/\"]}]},{\"@type\":\"BreadcrumbList\",\"@id\":\"https:\/\/seopaying.com\/it\/politica-di-rimborso\/#breadcrumb\",\"itemListElement\":[{\"@type\":\"ListItem\",\"position\":1,\"name\":\"Casa\",\"item\":\"https:\/\/seopaying.com\/it\/\"},{\"@type\":\"ListItem\",\"position\":2,\"name\":\"Politica di rimborso\"}]},{\"@type\":\"WebSite\",\"@id\":\"https:\/\/seopaying.com\/it\/#website\",\"url\":\"https:\/\/seopaying.com\/it\/\",\"name\":\"SEOPAYING\",\"description\":\"Acquista recensioni online e migliora la reputazione online del tuo sito web\",\"publisher\":{\"@id\":\"https:\/\/seopaying.com\/it\/#organization\"},\"potentialAction\":[{\"@type\":\"SearchAction\",\"target\":{\"@type\":\"EntryPoint\",\"urlTemplate\":\"https:\/\/seopaying.com\/it\/?s={search_term_string}\"},\"query-input\":{\"@type\":\"PropertyValueSpecification\",\"valueRequired\":true,\"valueName\":\"search_term_string\"}}],\"inLanguage\":\"it-IT\"},{\"@type\":\"Organization\",\"@id\":\"https:\/\/seopaying.com\/it\/#organization\",\"name\":\"SEOPAYING\",\"url\":\"https:\/\/seopaying.com\/it\/\",\"logo\":{\"@type\":\"ImageObject\",\"inLanguage\":\"it-IT\",\"@id\":\"https:\/\/seopaying.com\/it\/#\/schema\/logo\/image\/\",\"url\":\"https:\/\/seopaying.com\/wp-content\/uploads\/2025\/09\/SEO-PAYING-Buy-Reviews-1.svg\",\"contentUrl\":\"https:\/\/seopaying.com\/wp-content\/uploads\/2025\/09\/SEO-PAYING-Buy-Reviews-1.svg\",\"width\":450,\"height\":179,\"caption\":\"SEOPAYING\"},\"image\":{\"@id\":\"https:\/\/seopaying.com\/it\/#\/schema\/logo\/image\/\"}}]}<\/script>\n<!-- \/ Yoast SEO plugin. -->","yoast_head_json":{"title":"Politica di rimborso - SEOPAYING","robots":{"index":"index","follow":"follow","max-snippet":"max-snippet:-1","max-image-preview":"max-image-preview:large","max-video-preview":"max-video-preview:-1"},"canonical":"https:\/\/seopaying.com\/it\/politica-di-rimborso\/","og_locale":"it_IT","og_type":"article","og_title":"Politica di rimborso - SEOPAYING","og_description":"Politica di rimborso Noi di SEOPAYING ci impegniamo a fornire servizi affidabili e di alta qualit\u00e0. La presente Politica dei rimborsi illustra le circostanze in...","og_url":"https:\/\/seopaying.com\/it\/politica-di-rimborso\/","og_site_name":"SEOPAYING","article_modified_time":"2025-10-01T02:10:49+00:00","twitter_card":"summary_large_image","twitter_misc":{"Tempo di lettura stimato":"2 minuti"},"schema":{"@context":"https:\/\/schema.org","@graph":[{"@type":"WebPage","@id":"https:\/\/seopaying.com\/it\/politica-di-rimborso\/","url":"https:\/\/seopaying.com\/it\/politica-di-rimborso\/","name":"Politica di rimborso - SEOPAYING","isPartOf":{"@id":"https:\/\/seopaying.com\/it\/#website"},"datePublished":"2025-10-01T01:53:43+00:00","dateModified":"2025-10-01T02:10:49+00:00","breadcrumb":{"@id":"https:\/\/seopaying.com\/it\/politica-di-rimborso\/#breadcrumb"},"inLanguage":"it-IT","potentialAction":[{"@type":"ReadAction","target":["https:\/\/seopaying.com\/it\/politica-di-rimborso\/"]}]},{"@type":"BreadcrumbList","@id":"https:\/\/seopaying.com\/it\/politica-di-rimborso\/#breadcrumb","itemListElement":[{"@type":"ListItem","position":1,"name":"Casa","item":"https:\/\/seopaying.com\/it\/"},{"@type":"ListItem","position":2,"name":"Politica di rimborso"}]},{"@type":"WebSite","@id":"https:\/\/seopaying.com\/it\/#website","url":"https:\/\/seopaying.com\/it\/","name":"SEOPAYING","description":"Acquista recensioni online e migliora la reputazione online del tuo sito web","publisher":{"@id":"https:\/\/seopaying.com\/it\/#organization"},"potentialAction":[{"@type":"SearchAction","target":{"@type":"EntryPoint","urlTemplate":"https:\/\/seopaying.com\/it\/?s={search_term_string}"},"query-input":{"@type":"PropertyValueSpecification","valueRequired":true,"valueName":"search_term_string"}}],"inLanguage":"it-IT"},{"@type":"Organization","@id":"https:\/\/seopaying.com\/it\/#organization","name":"SEOPAYING","url":"https:\/\/seopaying.com\/it\/","logo":{"@type":"ImageObject","inLanguage":"it-IT","@id":"https:\/\/seopaying.com\/it\/#\/schema\/logo\/image\/","url":"https:\/\/seopaying.com\/wp-content\/uploads\/2025\/09\/SEO-PAYING-Buy-Reviews-1.svg","contentUrl":"https:\/\/seopaying.com\/wp-content\/uploads\/2025\/09\/SEO-PAYING-Buy-Reviews-1.svg","width":450,"height":179,"caption":"SEOPAYING"},"image":{"@id":"https:\/\/seopaying.com\/it\/#\/schema\/logo\/image\/"}}]}},"jetpack_sharing_enabled":true,"_links":{"self":[{"href":"https:\/\/seopaying.com\/it\/wp-json\/wp\/v2\/pages\/40170","targetHints":{"allow":["GET"]}}],"collection":[{"href":"https:\/\/seopaying.com\/it\/wp-json\/wp\/v2\/pages"}],"about":[{"href":"https:\/\/seopaying.com\/it\/wp-json\/wp\/v2\/types\/page"}],"author":[{"embeddable":true,"href":"https:\/\/seopaying.com\/it\/wp-json\/wp\/v2\/users\/1"}],"replies":[{"embeddable":true,"href":"https:\/\/seopaying.com\/it\/wp-json\/wp\/v2\/comments?post=40170"}],"version-history":[{"count":0,"href":"https:\/\/seopaying.com\/it\/wp-json\/wp\/v2\/pages\/40170\/revisions"}],"wp:attachment":[{"href":"https:\/\/seopaying.com\/it\/wp-json\/wp\/v2\/media?parent=40170"}],"curies":[{"name":"wp","href":"https:\/\/api.w.org\/{rel}","templated":true}]}}