{"id":40264,"date":"2025-10-01T10:07:58","date_gmt":"2025-10-01T02:07:58","guid":{"rendered":"https:\/\/www.seopaying.com\/clause-de-non-responsabilite\/"},"modified":"2025-10-01T10:09:00","modified_gmt":"2025-10-01T02:09:00","slug":"clause-de-non-responsabilite","status":"publish","type":"page","link":"https:\/\/seopaying.com\/fr\/clause-de-non-responsabilite\/","title":{"rendered":"Clause de non-responsabilit\u00e9"},"content":{"rendered":"\t\t<div data-elementor-type=\"wp-page\" data-elementor-id=\"40264\" class=\"elementor elementor-40264 elementor-40250\" data-elementor-post-type=\"page\">\n\t\t\t\t<div class=\"elementor-element elementor-element-5f681af5 e-flex e-con-boxed e-con e-parent\" data-id=\"5f681af5\" data-element_type=\"container\" data-settings=\"{&quot;background_background&quot;:&quot;classic&quot;}\">\n\t\t\t\t\t<div class=\"e-con-inner\">\n\t\t\t\t<div class=\"elementor-element elementor-element-5396d3 elementor-widget elementor-widget-etheme_animated_headline\" data-id=\"5396d3\" data-element_type=\"widget\" data-settings=\"{&quot;shape&quot;:&quot;double_underline&quot;,&quot;text_style&quot;:&quot;highlight&quot;,&quot;duration&quot;:{&quot;unit&quot;:&quot;px&quot;,&quot;size&quot;:&quot;&quot;,&quot;sizes&quot;:[]},&quot;delay&quot;:{&quot;unit&quot;:&quot;px&quot;,&quot;size&quot;:&quot;&quot;,&quot;sizes&quot;:[]}}\" data-widget_type=\"etheme_animated_headline.default\">\n\t\t\t\t<div class=\"elementor-widget-container\">\n\t\t\t\t\t        \n        <div class=\"etheme-headline-wrapper\">\n            <h1 class=\"etheme-headline\" data-style=\"highlight\">\n\t\t                        <span class=\"etheme-headline-text-wrapper\">\n                \n\t\t        Clause de non-responsabilit\u00e9<svg xmlns=\"http:\/\/www.w3.org\/2000\/svg\" viewBox=\"0 0 500 150\" preserveAspectRatio=\"none\"><path d=\"M5 130.476C199.783 121.045 295.145 109.078 495 127.639M50.6522 146.306C165.797 137.383 343.333 128.045 457.464 142.755\"><\/path><\/svg>                \n                <\/span>\n                            <\/h1>\n        <\/div>\n        \n\t\t\t\t\t\t<\/div>\n\t\t\t\t<\/div>\n\t\t\t\t<div class=\"elementor-element elementor-element-2ab5bc6b elementor-widget elementor-widget-text-editor\" data-id=\"2ab5bc6b\" data-element_type=\"widget\" data-widget_type=\"text-editor.default\">\n\t\t\t\t\t\t\t\t\t\n<p><strong>Avis important<\/strong><br>La pr\u00e9sente clause de non-responsabilit\u00e9 s&rsquo;applique \u00e0 votre utilisation de nos services d&rsquo;assistance \u00e0 la gestion de la r\u00e9putation en ligne. Veuillez le lire attentivement avant de faire appel \u00e0 nos services. <\/p>\n\n<ol class=\"wp-block-list\" start=\"1\">\n<li><strong>R\u00f4le du prestataire de services et limitation de la responsabilit\u00e9<\/strong>\n<ul class=\"wp-block-list\">\n<li>Nous agissons en tant qu&rsquo;<strong>assistant de gestion du<\/strong> commer\u00e7ant sur les plateformes d&rsquo;\u00e9valuation, et non en tant que cr\u00e9ateur ou manipulateur du contenu des \u00e9valuations.<\/li>\n\n<li>Nous nous engageons \u00e0 fournir nos services conform\u00e9ment aux conditions publi\u00e9es par les plateformes d&rsquo;\u00e9valuation respectives et aux lois et r\u00e9glementations applicables. Toutefois, les politiques des plateformes sont susceptibles d&rsquo;\u00eatre modifi\u00e9es et nous ne pouvons pas garantir que chaque aspect de notre service s&rsquo;alignera perp\u00e9tuellement et absolument sur toutes les interpr\u00e9tations futures des politiques des plateformes. Par cons\u00e9quent, le commer\u00e7ant est responsable en dernier ressort de la conformit\u00e9 de ses activit\u00e9s avec les exigences des plateformes.  <\/li>\n<\/ul>\n<\/li>\n\n<li><strong>Responsabilit\u00e9s du client (commer\u00e7ant)<\/strong>\n<ul class=\"wp-block-list\">\n<li><strong>Autorit\u00e9 du compte :<\/strong> Vous devez garantir que vous \u00eates le propri\u00e9taire l\u00e9gitime du compte de la plate-forme d&rsquo;affaires ou que vous \u00eates l\u00e9galement autoris\u00e9 \u00e0 le g\u00e9rer, et vous nous donnez la permission d&rsquo;effectuer les actions susmentionn\u00e9es.<\/li>\n\n<li><strong>Authenticit\u00e9 des informations :<\/strong> Vous devez garantir que toutes les donn\u00e9es clients qui nous sont fournies proviennent de sources l\u00e9gitimes et v\u00e9ridiques. Toutes les commandes utilis\u00e9es pour d\u00e9clencher des invitations \u00e0 l&rsquo;examen doivent \u00eatre authentiques et valides. <\/li>\n\n<li><strong>Autorit\u00e9 de d\u00e9cision finale :<\/strong> La d\u00e9cision finale et la responsabilit\u00e9 concernant des actions telles que la notification d&rsquo;un examen vous incombent. Nous ne fournissons que des recommandations et un soutien ex\u00e9cutif. <\/li>\n<\/ul>\n<\/li>\n\n<li><strong>Politique de la plateforme Divulgation des risques<\/strong>\n<ul class=\"wp-block-list\">\n<li>Les plateformes d&rsquo;\u00e9valuation (par exemple, Trustpilot, SiteJabber) conservent l&rsquo;autorit\u00e9 finale sur tout le contenu de leurs plateformes. Elles ont notamment le droit de supprimer unilat\u00e9ralement les \u00e9valuations ou d&rsquo;imposer des restrictions aux comptes de commer\u00e7ants qui enfreignent leurs politiques. <\/li>\n\n<li>Nous <strong>ne pouvons \u00eatre tenus responsables<\/strong> des dommages directs ou indirects r\u00e9sultant de changements dans les politiques de la plate-forme ou de leurs actions administratives (telles que la suppression d&rsquo;un avis, la suspension d&rsquo;un compte, etc.<\/li>\n<\/ul>\n<\/li>\n\n<li><strong>Respect des lois et r\u00e8glements<\/strong>\n<ul class=\"wp-block-list\">\n<li>Nos services respectent strictement les lois et r\u00e8glements en vigueur.<\/li>\n<\/ul>\n<\/li>\n\n<li><strong>Champ d&rsquo;application de la clause de non-responsabilit\u00e9<\/strong>\n<ul class=\"wp-block-list\">\n<li>Dans toute la mesure permise par la loi, nous ne serons pas responsables des dommages indirects, accessoires ou cons\u00e9cutifs r\u00e9sultant de l&rsquo;utilisation de nos services.<\/li>\n<\/ul>\n<\/li>\n<\/ol>\n\n<p><strong>Conclusion<\/strong><br>En utilisant nos services, vous reconnaissez avoir lu, compris et accept\u00e9 toutes les conditions \u00e9nonc\u00e9es dans les pr\u00e9sentes mentions l\u00e9gales. Notre objectif est de vous aider \u00e0 g\u00e9rer votre r\u00e9putation en ligne plus efficacement tout en respectant les r\u00e8gles. <\/p>\n\t\t\t\t\t\t\t\t<\/div>\n\t\t\t\t\t<\/div>\n\t\t\t\t<\/div>\n\t\t\t\t<\/div>\n\t\t","protected":false},"excerpt":{"rendered":"<p>Clause de non-responsabilit\u00e9 Avis importantLa pr\u00e9sente clause de non-responsabilit\u00e9 s&rsquo;applique \u00e0 votre utilisation de nos services d&rsquo;assistance \u00e0 la gestion de la r\u00e9putation en ligne&#8230;.<\/p>\n","protected":false},"author":1,"featured_media":0,"parent":0,"menu_order":0,"comment_status":"closed","ping_status":"closed","template":"","meta":{"footnotes":""},"class_list":["post-40264","page","type-page","status-publish","hentry"],"yoast_head":"<!-- This site is optimized with the Yoast SEO plugin v27.1.1 - https:\/\/yoast.com\/product\/yoast-seo-wordpress\/ -->\n<title>Clause de non-responsabilit\u00e9 - SEOPAYING<\/title>\n<meta name=\"robots\" content=\"index, follow, max-snippet:-1, max-image-preview:large, max-video-preview:-1\" \/>\n<link rel=\"canonical\" href=\"https:\/\/seopaying.com\/fr\/clause-de-non-responsabilite\/\" \/>\n<meta property=\"og:locale\" content=\"fr_FR\" \/>\n<meta property=\"og:type\" content=\"article\" \/>\n<meta property=\"og:title\" content=\"Clause de non-responsabilit\u00e9 - SEOPAYING\" \/>\n<meta property=\"og:description\" content=\"Clause de non-responsabilit\u00e9 Avis importantLa pr\u00e9sente clause de non-responsabilit\u00e9 s&rsquo;applique \u00e0 votre utilisation de nos services d&rsquo;assistance \u00e0 la gestion de la r\u00e9putation en ligne....\" \/>\n<meta property=\"og:url\" content=\"https:\/\/seopaying.com\/fr\/clause-de-non-responsabilite\/\" \/>\n<meta property=\"og:site_name\" content=\"SEOPAYING\" \/>\n<meta property=\"article:modified_time\" content=\"2025-10-01T02:09:00+00:00\" \/>\n<meta name=\"twitter:card\" content=\"summary_large_image\" \/>\n<meta name=\"twitter:label1\" content=\"Dur\u00e9e de lecture estim\u00e9e\" \/>\n\t<meta name=\"twitter:data1\" content=\"2 minutes\" \/>\n<script type=\"application\/ld+json\" class=\"yoast-schema-graph\">{\"@context\":\"https:\/\/schema.org\",\"@graph\":[{\"@type\":\"WebPage\",\"@id\":\"https:\/\/seopaying.com\/fr\/clause-de-non-responsabilite\/\",\"url\":\"https:\/\/seopaying.com\/fr\/clause-de-non-responsabilite\/\",\"name\":\"Clause de non-responsabilit\u00e9 - SEOPAYING\",\"isPartOf\":{\"@id\":\"https:\/\/seopaying.com\/fr\/#website\"},\"datePublished\":\"2025-10-01T02:07:58+00:00\",\"dateModified\":\"2025-10-01T02:09:00+00:00\",\"breadcrumb\":{\"@id\":\"https:\/\/seopaying.com\/fr\/clause-de-non-responsabilite\/#breadcrumb\"},\"inLanguage\":\"fr-FR\",\"potentialAction\":[{\"@type\":\"ReadAction\",\"target\":[\"https:\/\/seopaying.com\/fr\/clause-de-non-responsabilite\/\"]}]},{\"@type\":\"BreadcrumbList\",\"@id\":\"https:\/\/seopaying.com\/fr\/clause-de-non-responsabilite\/#breadcrumb\",\"itemListElement\":[{\"@type\":\"ListItem\",\"position\":1,\"name\":\"Accueil\",\"item\":\"https:\/\/seopaying.com\/fr\/\"},{\"@type\":\"ListItem\",\"position\":2,\"name\":\"Clause de non-responsabilit\u00e9\"}]},{\"@type\":\"WebSite\",\"@id\":\"https:\/\/seopaying.com\/fr\/#website\",\"url\":\"https:\/\/seopaying.com\/fr\/\",\"name\":\"SEOPAYING\",\"description\":\"Achetez des avis en ligne et am\u00e9liorez la r\u00e9putation en ligne de votre site web\",\"publisher\":{\"@id\":\"https:\/\/seopaying.com\/fr\/#organization\"},\"potentialAction\":[{\"@type\":\"SearchAction\",\"target\":{\"@type\":\"EntryPoint\",\"urlTemplate\":\"https:\/\/seopaying.com\/fr\/?s={search_term_string}\"},\"query-input\":{\"@type\":\"PropertyValueSpecification\",\"valueRequired\":true,\"valueName\":\"search_term_string\"}}],\"inLanguage\":\"fr-FR\"},{\"@type\":\"Organization\",\"@id\":\"https:\/\/seopaying.com\/fr\/#organization\",\"name\":\"SEOPAYING\",\"url\":\"https:\/\/seopaying.com\/fr\/\",\"logo\":{\"@type\":\"ImageObject\",\"inLanguage\":\"fr-FR\",\"@id\":\"https:\/\/seopaying.com\/fr\/#\/schema\/logo\/image\/\",\"url\":\"https:\/\/seopaying.com\/wp-content\/uploads\/2025\/09\/SEO-PAYING-Buy-Reviews-1.svg\",\"contentUrl\":\"https:\/\/seopaying.com\/wp-content\/uploads\/2025\/09\/SEO-PAYING-Buy-Reviews-1.svg\",\"width\":450,\"height\":179,\"caption\":\"SEOPAYING\"},\"image\":{\"@id\":\"https:\/\/seopaying.com\/fr\/#\/schema\/logo\/image\/\"}}]}<\/script>\n<!-- \/ Yoast SEO plugin. -->","yoast_head_json":{"title":"Clause de non-responsabilit\u00e9 - SEOPAYING","robots":{"index":"index","follow":"follow","max-snippet":"max-snippet:-1","max-image-preview":"max-image-preview:large","max-video-preview":"max-video-preview:-1"},"canonical":"https:\/\/seopaying.com\/fr\/clause-de-non-responsabilite\/","og_locale":"fr_FR","og_type":"article","og_title":"Clause de non-responsabilit\u00e9 - SEOPAYING","og_description":"Clause de non-responsabilit\u00e9 Avis importantLa pr\u00e9sente clause de non-responsabilit\u00e9 s&rsquo;applique \u00e0 votre utilisation de nos services d&rsquo;assistance \u00e0 la gestion de la r\u00e9putation en ligne....","og_url":"https:\/\/seopaying.com\/fr\/clause-de-non-responsabilite\/","og_site_name":"SEOPAYING","article_modified_time":"2025-10-01T02:09:00+00:00","twitter_card":"summary_large_image","twitter_misc":{"Dur\u00e9e de lecture estim\u00e9e":"2 minutes"},"schema":{"@context":"https:\/\/schema.org","@graph":[{"@type":"WebPage","@id":"https:\/\/seopaying.com\/fr\/clause-de-non-responsabilite\/","url":"https:\/\/seopaying.com\/fr\/clause-de-non-responsabilite\/","name":"Clause de non-responsabilit\u00e9 - SEOPAYING","isPartOf":{"@id":"https:\/\/seopaying.com\/fr\/#website"},"datePublished":"2025-10-01T02:07:58+00:00","dateModified":"2025-10-01T02:09:00+00:00","breadcrumb":{"@id":"https:\/\/seopaying.com\/fr\/clause-de-non-responsabilite\/#breadcrumb"},"inLanguage":"fr-FR","potentialAction":[{"@type":"ReadAction","target":["https:\/\/seopaying.com\/fr\/clause-de-non-responsabilite\/"]}]},{"@type":"BreadcrumbList","@id":"https:\/\/seopaying.com\/fr\/clause-de-non-responsabilite\/#breadcrumb","itemListElement":[{"@type":"ListItem","position":1,"name":"Accueil","item":"https:\/\/seopaying.com\/fr\/"},{"@type":"ListItem","position":2,"name":"Clause de non-responsabilit\u00e9"}]},{"@type":"WebSite","@id":"https:\/\/seopaying.com\/fr\/#website","url":"https:\/\/seopaying.com\/fr\/","name":"SEOPAYING","description":"Achetez des avis en ligne et am\u00e9liorez la r\u00e9putation en ligne de votre site web","publisher":{"@id":"https:\/\/seopaying.com\/fr\/#organization"},"potentialAction":[{"@type":"SearchAction","target":{"@type":"EntryPoint","urlTemplate":"https:\/\/seopaying.com\/fr\/?s={search_term_string}"},"query-input":{"@type":"PropertyValueSpecification","valueRequired":true,"valueName":"search_term_string"}}],"inLanguage":"fr-FR"},{"@type":"Organization","@id":"https:\/\/seopaying.com\/fr\/#organization","name":"SEOPAYING","url":"https:\/\/seopaying.com\/fr\/","logo":{"@type":"ImageObject","inLanguage":"fr-FR","@id":"https:\/\/seopaying.com\/fr\/#\/schema\/logo\/image\/","url":"https:\/\/seopaying.com\/wp-content\/uploads\/2025\/09\/SEO-PAYING-Buy-Reviews-1.svg","contentUrl":"https:\/\/seopaying.com\/wp-content\/uploads\/2025\/09\/SEO-PAYING-Buy-Reviews-1.svg","width":450,"height":179,"caption":"SEOPAYING"},"image":{"@id":"https:\/\/seopaying.com\/fr\/#\/schema\/logo\/image\/"}}]}},"jetpack_sharing_enabled":true,"_links":{"self":[{"href":"https:\/\/seopaying.com\/fr\/wp-json\/wp\/v2\/pages\/40264","targetHints":{"allow":["GET"]}}],"collection":[{"href":"https:\/\/seopaying.com\/fr\/wp-json\/wp\/v2\/pages"}],"about":[{"href":"https:\/\/seopaying.com\/fr\/wp-json\/wp\/v2\/types\/page"}],"author":[{"embeddable":true,"href":"https:\/\/seopaying.com\/fr\/wp-json\/wp\/v2\/users\/1"}],"replies":[{"embeddable":true,"href":"https:\/\/seopaying.com\/fr\/wp-json\/wp\/v2\/comments?post=40264"}],"version-history":[{"count":0,"href":"https:\/\/seopaying.com\/fr\/wp-json\/wp\/v2\/pages\/40264\/revisions"}],"wp:attachment":[{"href":"https:\/\/seopaying.com\/fr\/wp-json\/wp\/v2\/media?parent=40264"}],"curies":[{"name":"wp","href":"https:\/\/api.w.org\/{rel}","templated":true}]}}