{"id":40214,"date":"2025-10-01T10:03:35","date_gmt":"2025-10-01T02:03:35","guid":{"rendered":"https:\/\/www.seopaying.com\/gestion-professionnelle-de-la-reputation-en-ligne-et-soutien-aux-plateformes-devaluation\/"},"modified":"2025-10-01T10:06:06","modified_gmt":"2025-10-01T02:06:06","slug":"gestion-professionnelle-de-la-reputation-en-ligne-et-soutien-aux-plateformes-devaluation","status":"publish","type":"page","link":"https:\/\/seopaying.com\/fr\/gestion-professionnelle-de-la-reputation-en-ligne-et-soutien-aux-plateformes-devaluation\/","title":{"rendered":"Gestion professionnelle de la r\u00e9putation en ligne et soutien aux plateformes d&rsquo;\u00e9valuation"},"content":{"rendered":"\t\t<div data-elementor-type=\"wp-page\" data-elementor-id=\"40214\" class=\"elementor elementor-40214 elementor-40195\" data-elementor-post-type=\"page\">\n\t\t\t\t<div class=\"elementor-element elementor-element-2272c627 e-flex e-con-boxed e-con e-parent\" data-id=\"2272c627\" data-element_type=\"container\" data-settings=\"{&quot;background_background&quot;:&quot;classic&quot;}\">\n\t\t\t\t\t<div class=\"e-con-inner\">\n\t\t\t\t<div class=\"elementor-element elementor-element-acfb222 elementor-widget elementor-widget-etheme_animated_headline\" data-id=\"acfb222\" data-element_type=\"widget\" data-settings=\"{&quot;shape&quot;:&quot;custom&quot;,&quot;text_style&quot;:&quot;highlight&quot;,&quot;duration&quot;:{&quot;unit&quot;:&quot;px&quot;,&quot;size&quot;:&quot;&quot;,&quot;sizes&quot;:[]},&quot;delay&quot;:{&quot;unit&quot;:&quot;px&quot;,&quot;size&quot;:&quot;&quot;,&quot;sizes&quot;:[]}}\" data-widget_type=\"etheme_animated_headline.default\">\n\t\t\t\t<div class=\"elementor-widget-container\">\n\t\t\t\t\t        \n        <div class=\"etheme-headline-wrapper\">\n            <h1 class=\"etheme-headline\" data-style=\"highlight\">\n\t\t                        <span class=\"etheme-headline-text-wrapper\">\n                \n\t\t        Gestion professionnelle de la r\u00e9putation en ligne et soutien aux plateformes d'\u00e9valuation                \n                <\/span>\n                            <\/h1>\n        <\/div>\n        \n\t\t\t\t\t\t<\/div>\n\t\t\t\t<\/div>\n\t\t\t\t<div class=\"elementor-element elementor-element-5936258c elementor-widget elementor-widget-text-editor\" data-id=\"5936258c\" data-element_type=\"widget\" data-widget_type=\"text-editor.default\">\n\t\t\t\t\t\t\t\t\t\n<p>Bienvenue dans notre service professionnel de gestion de la r\u00e9putation en ligne. Nous nous engageons \u00e0 fournir une gestion de compte et une assistance conformes et transparentes pour les entreprises sur les principales plateformes d&rsquo;\u00e9valuation (telles que Trustpilot, SiteJabber, etc.), en op\u00e9rant <g id=\"gid_0\">strictement dans les limites de leurs conditions de service et de leurs politiques respectives<\/g>. Notre r\u00f4le est d&rsquo;agir comme une extension autoris\u00e9e de votre entreprise, en vous aidant \u00e0 g\u00e9rer les interactions avec les consommateurs de mani\u00e8re plus efficace et plus professionnelle.  <\/p>\n\n<p><strong>Nos services de base<\/strong><br>Nous fournissons les services de gestion manuelle suivants, tous bas\u00e9s sur les donn\u00e9es clients authentiques que vous fournissez et sur votre acc\u00e8s l\u00e9gitime aux comptes de la plateforme concern\u00e9s :<\/p>\n\n<ol class=\"wp-block-list\" start=\"1\">\n<li><strong>Mise en place et optimisation du compte :<\/strong> Nous vous aidons \u00e0 compl\u00e9ter et \u00e0 am\u00e9liorer le profil de votre entreprise sur les plateformes d&rsquo;\u00e9valuation afin qu&rsquo;il soit pr\u00e9cis et professionnel.<\/li>\n\n<li><strong>D\u00e9clenchement d&rsquo;invitations \u00e0 l&rsquo;examen :<\/strong> Avec votre autorisation, nous vous aidons \u00e0 utiliser les <strong>canaux l\u00e9gitimes des plateformes<\/strong> (par exemple, en t\u00e9l\u00e9chargeant une liste de clients pour d\u00e9clencher des courriels d&rsquo;invitation officiels) afin d&rsquo;inviter vos clients authentiques \u00e0 partager leurs exp\u00e9riences. Nous ne fabriquons ni ne r\u00e9digeons de faux avis. <\/li>\n\n<li><strong>R\u00e9ponse et gestion des commentaires :<\/strong> En tant que repr\u00e9sentant autoris\u00e9, nous r\u00e9pondons publiquement, de mani\u00e8re professionnelle et courtoise, \u00e0 tous les avis (positifs, neutres et n\u00e9gatifs) en votre nom, d\u00e9montrant ainsi votre engagement \u00e0 l&rsquo;\u00e9gard des commentaires des clients.<\/li>\n\n<li><strong>Rapports d&rsquo;examen conformes :<\/strong> Nous vous aidons \u00e0 surveiller le contenu des commentaires. Lorsque nous identifions des commentaires qui enfreignent clairement les politiques de la plateforme (par exemple, s&rsquo;ils contiennent des propos haineux, des informations manifestement fausses ou des spams sans rapport avec l&rsquo;entreprise), nous les signalons, apr\u00e8s confirmation de votre part, par le biais des canaux officiels de la plateforme. <\/li>\n\n<li><strong>Analyse des donn\u00e9es et rapports :<\/strong> Nous vous fournissons r\u00e9guli\u00e8rement des rapports d&rsquo;\u00e9valuation et d&rsquo;analyse pour vous aider \u00e0 comprendre les tendances en mati\u00e8re de satisfaction de la client\u00e8le.<\/li>\n<\/ol>\n\n<p><strong>Notre engagement de conformit\u00e9<\/strong><br>Nous d\u00e9clarons solennellement que nos services <strong>excluent strictement les activit\u00e9s suivantes, qui sont interdites par toutes les grandes plateformes :<\/strong><\/p>\n\n<ul class=\"wp-block-list\">\n<li><strong>Nous ne fabriquons PAS d&rsquo;avis :<\/strong> Nous ne r\u00e9digerons ni n&rsquo;ach\u00e8terons jamais de faux avis pour les commer\u00e7ants.<\/li>\n\n<li><strong>Nous n&rsquo;offrons PAS d&rsquo;incitation pour les avis positifs :<\/strong> Nous n&rsquo;offrons pas d&rsquo;incitations mon\u00e9taires, de remises ou d&rsquo;autres r\u00e9compenses en \u00e9change d&rsquo;avis positifs.<\/li>\n\n<li><strong>Nous ne manipulons PAS l&rsquo;opinion publique :<\/strong> Nous ne nous livrerons \u00e0 aucune activit\u00e9 visant \u00e0 interf\u00e9rer de mani\u00e8re malveillante avec l&rsquo;ordre naturel des avis, y compris, mais sans s&rsquo;y limiter, l&rsquo;affichage, le signalement massif en vue d&rsquo;une suppression ou l&rsquo;influence artificielle sur la pr\u00e9sentation des avis.<\/li>\n<\/ul>\n\t\t\t\t\t\t\t\t<\/div>\n\t\t\t\t\t<\/div>\n\t\t\t\t<\/div>\n\t\t\t\t<\/div>\n\t\t","protected":false},"excerpt":{"rendered":"<p>Gestion professionnelle de la r\u00e9putation en ligne et soutien aux plateformes d&rsquo;\u00e9valuation Bienvenue dans notre service professionnel de gestion de la r\u00e9putation en ligne. Nous&#8230;<\/p>\n","protected":false},"author":1,"featured_media":0,"parent":0,"menu_order":0,"comment_status":"closed","ping_status":"closed","template":"","meta":{"footnotes":""},"class_list":["post-40214","page","type-page","status-publish","hentry"],"yoast_head":"<!-- This site is optimized with the Yoast SEO plugin v27.1.1 - https:\/\/yoast.com\/product\/yoast-seo-wordpress\/ -->\n<title>Gestion professionnelle de la r\u00e9putation en ligne et soutien aux plateformes d&#039;\u00e9valuation - SEOPAYING<\/title>\n<meta name=\"robots\" content=\"index, follow, max-snippet:-1, max-image-preview:large, max-video-preview:-1\" \/>\n<link rel=\"canonical\" href=\"https:\/\/seopaying.com\/fr\/gestion-professionnelle-de-la-reputation-en-ligne-et-soutien-aux-plateformes-devaluation\/\" \/>\n<meta property=\"og:locale\" content=\"fr_FR\" \/>\n<meta property=\"og:type\" content=\"article\" \/>\n<meta property=\"og:title\" content=\"Gestion professionnelle de la r\u00e9putation en ligne et soutien aux plateformes d&#039;\u00e9valuation - SEOPAYING\" \/>\n<meta property=\"og:description\" content=\"Gestion professionnelle de la r\u00e9putation en ligne et soutien aux plateformes d&rsquo;\u00e9valuation Bienvenue dans notre service professionnel de gestion de la r\u00e9putation en ligne. Nous...\" \/>\n<meta property=\"og:url\" content=\"https:\/\/seopaying.com\/fr\/gestion-professionnelle-de-la-reputation-en-ligne-et-soutien-aux-plateformes-devaluation\/\" \/>\n<meta property=\"og:site_name\" content=\"SEOPAYING\" \/>\n<meta property=\"article:modified_time\" content=\"2025-10-01T02:06:06+00:00\" \/>\n<meta name=\"twitter:card\" content=\"summary_large_image\" \/>\n<meta name=\"twitter:label1\" content=\"Dur\u00e9e de lecture estim\u00e9e\" \/>\n\t<meta name=\"twitter:data1\" content=\"2 minutes\" \/>\n<script type=\"application\/ld+json\" class=\"yoast-schema-graph\">{\"@context\":\"https:\/\/schema.org\",\"@graph\":[{\"@type\":\"WebPage\",\"@id\":\"https:\/\/seopaying.com\/fr\/gestion-professionnelle-de-la-reputation-en-ligne-et-soutien-aux-plateformes-devaluation\/\",\"url\":\"https:\/\/seopaying.com\/fr\/gestion-professionnelle-de-la-reputation-en-ligne-et-soutien-aux-plateformes-devaluation\/\",\"name\":\"Gestion professionnelle de la r\u00e9putation en ligne et soutien aux plateformes d'\u00e9valuation - SEOPAYING\",\"isPartOf\":{\"@id\":\"https:\/\/seopaying.com\/fr\/#website\"},\"datePublished\":\"2025-10-01T02:03:35+00:00\",\"dateModified\":\"2025-10-01T02:06:06+00:00\",\"breadcrumb\":{\"@id\":\"https:\/\/seopaying.com\/fr\/gestion-professionnelle-de-la-reputation-en-ligne-et-soutien-aux-plateformes-devaluation\/#breadcrumb\"},\"inLanguage\":\"fr-FR\",\"potentialAction\":[{\"@type\":\"ReadAction\",\"target\":[\"https:\/\/seopaying.com\/fr\/gestion-professionnelle-de-la-reputation-en-ligne-et-soutien-aux-plateformes-devaluation\/\"]}]},{\"@type\":\"BreadcrumbList\",\"@id\":\"https:\/\/seopaying.com\/fr\/gestion-professionnelle-de-la-reputation-en-ligne-et-soutien-aux-plateformes-devaluation\/#breadcrumb\",\"itemListElement\":[{\"@type\":\"ListItem\",\"position\":1,\"name\":\"Accueil\",\"item\":\"https:\/\/seopaying.com\/fr\/\"},{\"@type\":\"ListItem\",\"position\":2,\"name\":\"Gestion professionnelle de la r\u00e9putation en ligne et soutien aux plateformes d&#8217;\u00e9valuation\"}]},{\"@type\":\"WebSite\",\"@id\":\"https:\/\/seopaying.com\/fr\/#website\",\"url\":\"https:\/\/seopaying.com\/fr\/\",\"name\":\"SEOPAYING\",\"description\":\"Achetez des avis en ligne et am\u00e9liorez la r\u00e9putation en ligne de votre site web\",\"publisher\":{\"@id\":\"https:\/\/seopaying.com\/fr\/#organization\"},\"potentialAction\":[{\"@type\":\"SearchAction\",\"target\":{\"@type\":\"EntryPoint\",\"urlTemplate\":\"https:\/\/seopaying.com\/fr\/?s={search_term_string}\"},\"query-input\":{\"@type\":\"PropertyValueSpecification\",\"valueRequired\":true,\"valueName\":\"search_term_string\"}}],\"inLanguage\":\"fr-FR\"},{\"@type\":\"Organization\",\"@id\":\"https:\/\/seopaying.com\/fr\/#organization\",\"name\":\"SEOPAYING\",\"url\":\"https:\/\/seopaying.com\/fr\/\",\"logo\":{\"@type\":\"ImageObject\",\"inLanguage\":\"fr-FR\",\"@id\":\"https:\/\/seopaying.com\/fr\/#\/schema\/logo\/image\/\",\"url\":\"https:\/\/seopaying.com\/wp-content\/uploads\/2025\/09\/SEO-PAYING-Buy-Reviews-1.svg\",\"contentUrl\":\"https:\/\/seopaying.com\/wp-content\/uploads\/2025\/09\/SEO-PAYING-Buy-Reviews-1.svg\",\"width\":450,\"height\":179,\"caption\":\"SEOPAYING\"},\"image\":{\"@id\":\"https:\/\/seopaying.com\/fr\/#\/schema\/logo\/image\/\"}}]}<\/script>\n<!-- \/ Yoast SEO plugin. -->","yoast_head_json":{"title":"Gestion professionnelle de la r\u00e9putation en ligne et soutien aux plateformes d'\u00e9valuation - SEOPAYING","robots":{"index":"index","follow":"follow","max-snippet":"max-snippet:-1","max-image-preview":"max-image-preview:large","max-video-preview":"max-video-preview:-1"},"canonical":"https:\/\/seopaying.com\/fr\/gestion-professionnelle-de-la-reputation-en-ligne-et-soutien-aux-plateformes-devaluation\/","og_locale":"fr_FR","og_type":"article","og_title":"Gestion professionnelle de la r\u00e9putation en ligne et soutien aux plateformes d'\u00e9valuation - SEOPAYING","og_description":"Gestion professionnelle de la r\u00e9putation en ligne et soutien aux plateformes d&rsquo;\u00e9valuation Bienvenue dans notre service professionnel de gestion de la r\u00e9putation en ligne. Nous...","og_url":"https:\/\/seopaying.com\/fr\/gestion-professionnelle-de-la-reputation-en-ligne-et-soutien-aux-plateformes-devaluation\/","og_site_name":"SEOPAYING","article_modified_time":"2025-10-01T02:06:06+00:00","twitter_card":"summary_large_image","twitter_misc":{"Dur\u00e9e de lecture estim\u00e9e":"2 minutes"},"schema":{"@context":"https:\/\/schema.org","@graph":[{"@type":"WebPage","@id":"https:\/\/seopaying.com\/fr\/gestion-professionnelle-de-la-reputation-en-ligne-et-soutien-aux-plateformes-devaluation\/","url":"https:\/\/seopaying.com\/fr\/gestion-professionnelle-de-la-reputation-en-ligne-et-soutien-aux-plateformes-devaluation\/","name":"Gestion professionnelle de la r\u00e9putation en ligne et soutien aux plateformes d'\u00e9valuation - SEOPAYING","isPartOf":{"@id":"https:\/\/seopaying.com\/fr\/#website"},"datePublished":"2025-10-01T02:03:35+00:00","dateModified":"2025-10-01T02:06:06+00:00","breadcrumb":{"@id":"https:\/\/seopaying.com\/fr\/gestion-professionnelle-de-la-reputation-en-ligne-et-soutien-aux-plateformes-devaluation\/#breadcrumb"},"inLanguage":"fr-FR","potentialAction":[{"@type":"ReadAction","target":["https:\/\/seopaying.com\/fr\/gestion-professionnelle-de-la-reputation-en-ligne-et-soutien-aux-plateformes-devaluation\/"]}]},{"@type":"BreadcrumbList","@id":"https:\/\/seopaying.com\/fr\/gestion-professionnelle-de-la-reputation-en-ligne-et-soutien-aux-plateformes-devaluation\/#breadcrumb","itemListElement":[{"@type":"ListItem","position":1,"name":"Accueil","item":"https:\/\/seopaying.com\/fr\/"},{"@type":"ListItem","position":2,"name":"Gestion professionnelle de la r\u00e9putation en ligne et soutien aux plateformes d&#8217;\u00e9valuation"}]},{"@type":"WebSite","@id":"https:\/\/seopaying.com\/fr\/#website","url":"https:\/\/seopaying.com\/fr\/","name":"SEOPAYING","description":"Achetez des avis en ligne et am\u00e9liorez la r\u00e9putation en ligne de votre site web","publisher":{"@id":"https:\/\/seopaying.com\/fr\/#organization"},"potentialAction":[{"@type":"SearchAction","target":{"@type":"EntryPoint","urlTemplate":"https:\/\/seopaying.com\/fr\/?s={search_term_string}"},"query-input":{"@type":"PropertyValueSpecification","valueRequired":true,"valueName":"search_term_string"}}],"inLanguage":"fr-FR"},{"@type":"Organization","@id":"https:\/\/seopaying.com\/fr\/#organization","name":"SEOPAYING","url":"https:\/\/seopaying.com\/fr\/","logo":{"@type":"ImageObject","inLanguage":"fr-FR","@id":"https:\/\/seopaying.com\/fr\/#\/schema\/logo\/image\/","url":"https:\/\/seopaying.com\/wp-content\/uploads\/2025\/09\/SEO-PAYING-Buy-Reviews-1.svg","contentUrl":"https:\/\/seopaying.com\/wp-content\/uploads\/2025\/09\/SEO-PAYING-Buy-Reviews-1.svg","width":450,"height":179,"caption":"SEOPAYING"},"image":{"@id":"https:\/\/seopaying.com\/fr\/#\/schema\/logo\/image\/"}}]}},"jetpack_sharing_enabled":true,"_links":{"self":[{"href":"https:\/\/seopaying.com\/fr\/wp-json\/wp\/v2\/pages\/40214","targetHints":{"allow":["GET"]}}],"collection":[{"href":"https:\/\/seopaying.com\/fr\/wp-json\/wp\/v2\/pages"}],"about":[{"href":"https:\/\/seopaying.com\/fr\/wp-json\/wp\/v2\/types\/page"}],"author":[{"embeddable":true,"href":"https:\/\/seopaying.com\/fr\/wp-json\/wp\/v2\/users\/1"}],"replies":[{"embeddable":true,"href":"https:\/\/seopaying.com\/fr\/wp-json\/wp\/v2\/comments?post=40214"}],"version-history":[{"count":0,"href":"https:\/\/seopaying.com\/fr\/wp-json\/wp\/v2\/pages\/40214\/revisions"}],"wp:attachment":[{"href":"https:\/\/seopaying.com\/fr\/wp-json\/wp\/v2\/media?parent=40214"}],"curies":[{"name":"wp","href":"https:\/\/api.w.org\/{rel}","templated":true}]}}