{"id":40161,"date":"2025-10-01T09:53:43","date_gmt":"2025-10-01T01:53:43","guid":{"rendered":"https:\/\/www.seopaying.com\/politique-de-remboursement\/"},"modified":"2025-10-01T10:10:49","modified_gmt":"2025-10-01T02:10:49","slug":"politique-de-remboursement","status":"publish","type":"page","link":"https:\/\/seopaying.com\/fr\/politique-de-remboursement\/","title":{"rendered":"Politique de remboursement"},"content":{"rendered":"\t\t<div data-elementor-type=\"wp-page\" data-elementor-id=\"40161\" class=\"elementor elementor-40161 elementor-40149\" data-elementor-post-type=\"page\">\n\t\t\t\t<div class=\"elementor-element elementor-element-892021d e-flex e-con-boxed e-con e-parent\" data-id=\"892021d\" data-element_type=\"container\" data-settings=\"{&quot;background_background&quot;:&quot;classic&quot;}\">\n\t\t\t\t\t<div class=\"e-con-inner\">\n\t\t\t\t<div class=\"elementor-element elementor-element-4a23d86f elementor-widget elementor-widget-etheme_animated_headline\" data-id=\"4a23d86f\" data-element_type=\"widget\" data-settings=\"{&quot;shape&quot;:&quot;double_underline&quot;,&quot;text_style&quot;:&quot;highlight&quot;,&quot;duration&quot;:{&quot;unit&quot;:&quot;px&quot;,&quot;size&quot;:&quot;&quot;,&quot;sizes&quot;:[]},&quot;delay&quot;:{&quot;unit&quot;:&quot;px&quot;,&quot;size&quot;:&quot;&quot;,&quot;sizes&quot;:[]}}\" data-widget_type=\"etheme_animated_headline.default\">\n\t\t\t\t<div class=\"elementor-widget-container\">\n\t\t\t\t\t        \n        <div class=\"etheme-headline-wrapper\">\n            <h1 class=\"etheme-headline\" data-style=\"highlight\">\n\t\t                        <span class=\"etheme-headline-text-wrapper\">\n                \n\t\t        Politique de remboursement<svg xmlns=\"http:\/\/www.w3.org\/2000\/svg\" viewBox=\"0 0 500 150\" preserveAspectRatio=\"none\"><path d=\"M5 130.476C199.783 121.045 295.145 109.078 495 127.639M50.6522 146.306C165.797 137.383 343.333 128.045 457.464 142.755\"><\/path><\/svg>                \n                <\/span>\n                            <\/h1>\n        <\/div>\n        \n\t\t\t\t\t\t<\/div>\n\t\t\t\t<\/div>\n\t\t\t\t<div class=\"elementor-element elementor-element-ab0fed4 elementor-widget elementor-widget-text-editor\" data-id=\"ab0fed4\" data-element_type=\"widget\" data-widget_type=\"text-editor.default\">\n\t\t\t\t\t\t\t\t\t\n<p class=\"ds-markdown-paragraph\">Chez SEOPAYING, nous nous engageons \u00e0 fournir des services fiables et de haute qualit\u00e9. La pr\u00e9sente politique de remboursement d\u00e9crit les circonstances dans lesquelles des remboursements peuvent \u00eatre accord\u00e9s. Veuillez la lire attentivement avant de passer une commande.  <\/p>\n<h4><strong>1. Droit au remboursement<\/strong><\/h4>\n<p class=\"ds-markdown-paragraph\">Une demande de remboursement <strong>ne<\/strong> peut \u00eatre prise en consid\u00e9ration <strong>que si le service n&rsquo;a pas encore \u00e9t\u00e9 enti\u00e8rement fourni<\/strong>. Notre politique est con\u00e7ue pour \u00eatre \u00e9quitable \u00e0 la fois pour nos clients et pour nos co\u00fbts op\u00e9rationnels. <\/p>\n<ul>\n<li>\n<p class=\"ds-markdown-paragraph\"><strong>Avant le d\u00e9but du service :<\/strong> Si vous demandez une annulation <strong>avant que<\/strong> notre \u00e9quipe n&rsquo;ait commenc\u00e9 \u00e0 travailler sur votre commande, vous pouvez pr\u00e9tendre \u00e0 un remboursement int\u00e9gral.<\/p>\n<\/li>\n<li>\n<p class=\"ds-markdown-paragraph\"><strong>Pendant la prestation du service :<\/strong> Si vous demandez une annulation <strong>apr\u00e8s le<\/strong> d\u00e9but du service mais avant que le nombre d&rsquo;examens convenu n&rsquo;ait \u00e9t\u00e9 livr\u00e9, un <strong>remboursement partiel<\/strong> peut \u00eatre effectu\u00e9. Le montant du remboursement sera calcul\u00e9 comme suit : Valeur totale de la commande moins le co\u00fbt des \u00e9valuations d\u00e9j\u00e0 fournies et les frais de traitement. <\/p>\n<\/li>\n<\/ul>\n<h4><strong>2. Situations non remboursables<\/strong><\/h4>\n<p class=\"ds-markdown-paragraph\">Veuillez noter que les remboursements <strong>ne seront pas<\/strong> accord\u00e9s dans les cas suivants :<\/p>\n<ul>\n<li>\n<p class=\"ds-markdown-paragraph\"><strong>Commandes compl\u00e8tes :<\/strong> Une fois que le service est enti\u00e8rement achev\u00e9 et que l&rsquo;examen final a \u00e9t\u00e9 effectu\u00e9, la commande est consid\u00e9r\u00e9e comme d\u00e9finitive et aucun remboursement ne sera effectu\u00e9.<\/p>\n<\/li>\n<li>\n<p class=\"ds-markdown-paragraph\"><strong>Suppression des avis par les plateformes :<\/strong> Nous garantissons la qualit\u00e9 et la fourniture de nos services. Cependant, <strong>nous ne pouvons pas contr\u00f4ler les politiques des plateformes tierces<\/strong> (telles que Google, Yelp, Trustpilot, etc.). Si une plateforme supprime ou filtre les avis apr\u00e8s que nous les ayons fournis, cela ne constitue pas une d\u00e9faillance de notre service et aucun remboursement ne sera effectu\u00e9. Notre travail implique des efforts et des ressources manuelles importants, qui sont d\u00e9pens\u00e9s au moment de la livraison.   <\/p>\n<\/li>\n<\/ul>\n<h4><strong>3. Proc\u00e9dure de remboursement<\/strong><\/h4>\n<ul>\n<li>\n<p class=\"ds-markdown-paragraph\"><strong>M\u00e9thode :<\/strong> Les remboursements, lorsqu&rsquo;ils sont approuv\u00e9s, sont effectu\u00e9s selon le mode de paiement original utilis\u00e9 pour la transaction.<\/p>\n<\/li>\n<li>\n<p class=\"ds-markdown-paragraph\"><strong>Frais de traitement :<\/strong> Veuillez noter que tous les remboursements approuv\u00e9s sont soumis \u00e0 des frais administratifs et de traitement pour couvrir les co\u00fbts de transaction encourus par nos passerelles de paiement.<\/p>\n<\/li>\n<li>\n<p class=\"ds-markdown-paragraph\"><strong>D\u00e9lai :<\/strong> Veuillez pr\u00e9voir un d\u00e9lai de 5 \u00e0 10 jours ouvrables pour que le remboursement apparaisse sur votre compte apr\u00e8s approbation.<\/p>\n<\/li>\n<\/ul>\n<h4><strong>Comment demander un remboursement<\/strong><\/h4>\n<p class=\"ds-markdown-paragraph\">Pour introduire une demande de remboursement, veuillez contacter notre \u00e9quipe d&rsquo;assistance \u00e0 l&rsquo;adresse suivante <a href=\"mailto:contact@seopaying.com\">\n  <span style=\"text-decoration: underline;\">\n    <strong>contact@seopaying.com<\/strong>\n  <\/span>\n<\/a> en indiquant votre num\u00e9ro de commande et la raison de votre demande. Notre \u00e9quipe examinera votre cas en fonction des crit\u00e8res \u00e9nonc\u00e9s ci-dessus et vous r\u00e9pondra dans les plus brefs d\u00e9lais. <\/p>\n<p class=\"ds-markdown-paragraph\"><strong>Contactez-nous :<\/strong><br>Si vous avez des questions concernant la pr\u00e9sente politique de remboursement, veuillez <strong>\n  <a href=\"https:\/\/www.seopaying.com\/fr\/contactez-nous\/\">\n    <span style=\"text-decoration: underline;\">contactez-nous<\/span>\n  <\/a>\n<\/strong> \u00e0 l&rsquo;adresse suivante<\/p>\n\t\t\t\t\t\t\t\t<\/div>\n\t\t\t\t\t<\/div>\n\t\t\t\t<\/div>\n\t\t\t\t<\/div>\n\t\t","protected":false},"excerpt":{"rendered":"<p>Politique de remboursement Chez SEOPAYING, nous nous engageons \u00e0 fournir des services fiables et de haute qualit\u00e9. La pr\u00e9sente politique de remboursement d\u00e9crit les circonstances&#8230;<\/p>\n","protected":false},"author":1,"featured_media":0,"parent":0,"menu_order":0,"comment_status":"closed","ping_status":"closed","template":"","meta":{"footnotes":""},"class_list":["post-40161","page","type-page","status-publish","hentry"],"yoast_head":"<!-- This site is optimized with the Yoast SEO plugin v27.1.1 - https:\/\/yoast.com\/product\/yoast-seo-wordpress\/ -->\n<title>Politique de remboursement - SEOPAYING<\/title>\n<meta name=\"robots\" content=\"index, follow, max-snippet:-1, max-image-preview:large, max-video-preview:-1\" \/>\n<link rel=\"canonical\" href=\"https:\/\/seopaying.com\/fr\/politique-de-remboursement\/\" \/>\n<meta property=\"og:locale\" content=\"fr_FR\" \/>\n<meta property=\"og:type\" content=\"article\" \/>\n<meta property=\"og:title\" content=\"Politique de remboursement - SEOPAYING\" \/>\n<meta property=\"og:description\" content=\"Politique de remboursement Chez SEOPAYING, nous nous engageons \u00e0 fournir des services fiables et de haute qualit\u00e9. La pr\u00e9sente politique de remboursement d\u00e9crit les circonstances...\" \/>\n<meta property=\"og:url\" content=\"https:\/\/seopaying.com\/fr\/politique-de-remboursement\/\" \/>\n<meta property=\"og:site_name\" content=\"SEOPAYING\" \/>\n<meta property=\"article:modified_time\" content=\"2025-10-01T02:10:49+00:00\" \/>\n<meta name=\"twitter:card\" content=\"summary_large_image\" \/>\n<meta name=\"twitter:label1\" content=\"Dur\u00e9e de lecture estim\u00e9e\" \/>\n\t<meta name=\"twitter:data1\" content=\"2 minutes\" \/>\n<script type=\"application\/ld+json\" class=\"yoast-schema-graph\">{\"@context\":\"https:\/\/schema.org\",\"@graph\":[{\"@type\":\"WebPage\",\"@id\":\"https:\/\/seopaying.com\/fr\/politique-de-remboursement\/\",\"url\":\"https:\/\/seopaying.com\/fr\/politique-de-remboursement\/\",\"name\":\"Politique de remboursement - SEOPAYING\",\"isPartOf\":{\"@id\":\"https:\/\/seopaying.com\/fr\/#website\"},\"datePublished\":\"2025-10-01T01:53:43+00:00\",\"dateModified\":\"2025-10-01T02:10:49+00:00\",\"breadcrumb\":{\"@id\":\"https:\/\/seopaying.com\/fr\/politique-de-remboursement\/#breadcrumb\"},\"inLanguage\":\"fr-FR\",\"potentialAction\":[{\"@type\":\"ReadAction\",\"target\":[\"https:\/\/seopaying.com\/fr\/politique-de-remboursement\/\"]}]},{\"@type\":\"BreadcrumbList\",\"@id\":\"https:\/\/seopaying.com\/fr\/politique-de-remboursement\/#breadcrumb\",\"itemListElement\":[{\"@type\":\"ListItem\",\"position\":1,\"name\":\"Accueil\",\"item\":\"https:\/\/seopaying.com\/fr\/\"},{\"@type\":\"ListItem\",\"position\":2,\"name\":\"Politique de remboursement\"}]},{\"@type\":\"WebSite\",\"@id\":\"https:\/\/seopaying.com\/fr\/#website\",\"url\":\"https:\/\/seopaying.com\/fr\/\",\"name\":\"SEOPAYING\",\"description\":\"Achetez des avis en ligne et am\u00e9liorez la r\u00e9putation en ligne de votre site web\",\"publisher\":{\"@id\":\"https:\/\/seopaying.com\/fr\/#organization\"},\"potentialAction\":[{\"@type\":\"SearchAction\",\"target\":{\"@type\":\"EntryPoint\",\"urlTemplate\":\"https:\/\/seopaying.com\/fr\/?s={search_term_string}\"},\"query-input\":{\"@type\":\"PropertyValueSpecification\",\"valueRequired\":true,\"valueName\":\"search_term_string\"}}],\"inLanguage\":\"fr-FR\"},{\"@type\":\"Organization\",\"@id\":\"https:\/\/seopaying.com\/fr\/#organization\",\"name\":\"SEOPAYING\",\"url\":\"https:\/\/seopaying.com\/fr\/\",\"logo\":{\"@type\":\"ImageObject\",\"inLanguage\":\"fr-FR\",\"@id\":\"https:\/\/seopaying.com\/fr\/#\/schema\/logo\/image\/\",\"url\":\"https:\/\/seopaying.com\/wp-content\/uploads\/2025\/09\/SEO-PAYING-Buy-Reviews-1.svg\",\"contentUrl\":\"https:\/\/seopaying.com\/wp-content\/uploads\/2025\/09\/SEO-PAYING-Buy-Reviews-1.svg\",\"width\":450,\"height\":179,\"caption\":\"SEOPAYING\"},\"image\":{\"@id\":\"https:\/\/seopaying.com\/fr\/#\/schema\/logo\/image\/\"}}]}<\/script>\n<!-- \/ Yoast SEO plugin. -->","yoast_head_json":{"title":"Politique de remboursement - SEOPAYING","robots":{"index":"index","follow":"follow","max-snippet":"max-snippet:-1","max-image-preview":"max-image-preview:large","max-video-preview":"max-video-preview:-1"},"canonical":"https:\/\/seopaying.com\/fr\/politique-de-remboursement\/","og_locale":"fr_FR","og_type":"article","og_title":"Politique de remboursement - SEOPAYING","og_description":"Politique de remboursement Chez SEOPAYING, nous nous engageons \u00e0 fournir des services fiables et de haute qualit\u00e9. La pr\u00e9sente politique de remboursement d\u00e9crit les circonstances...","og_url":"https:\/\/seopaying.com\/fr\/politique-de-remboursement\/","og_site_name":"SEOPAYING","article_modified_time":"2025-10-01T02:10:49+00:00","twitter_card":"summary_large_image","twitter_misc":{"Dur\u00e9e de lecture estim\u00e9e":"2 minutes"},"schema":{"@context":"https:\/\/schema.org","@graph":[{"@type":"WebPage","@id":"https:\/\/seopaying.com\/fr\/politique-de-remboursement\/","url":"https:\/\/seopaying.com\/fr\/politique-de-remboursement\/","name":"Politique de remboursement - SEOPAYING","isPartOf":{"@id":"https:\/\/seopaying.com\/fr\/#website"},"datePublished":"2025-10-01T01:53:43+00:00","dateModified":"2025-10-01T02:10:49+00:00","breadcrumb":{"@id":"https:\/\/seopaying.com\/fr\/politique-de-remboursement\/#breadcrumb"},"inLanguage":"fr-FR","potentialAction":[{"@type":"ReadAction","target":["https:\/\/seopaying.com\/fr\/politique-de-remboursement\/"]}]},{"@type":"BreadcrumbList","@id":"https:\/\/seopaying.com\/fr\/politique-de-remboursement\/#breadcrumb","itemListElement":[{"@type":"ListItem","position":1,"name":"Accueil","item":"https:\/\/seopaying.com\/fr\/"},{"@type":"ListItem","position":2,"name":"Politique de remboursement"}]},{"@type":"WebSite","@id":"https:\/\/seopaying.com\/fr\/#website","url":"https:\/\/seopaying.com\/fr\/","name":"SEOPAYING","description":"Achetez des avis en ligne et am\u00e9liorez la r\u00e9putation en ligne de votre site web","publisher":{"@id":"https:\/\/seopaying.com\/fr\/#organization"},"potentialAction":[{"@type":"SearchAction","target":{"@type":"EntryPoint","urlTemplate":"https:\/\/seopaying.com\/fr\/?s={search_term_string}"},"query-input":{"@type":"PropertyValueSpecification","valueRequired":true,"valueName":"search_term_string"}}],"inLanguage":"fr-FR"},{"@type":"Organization","@id":"https:\/\/seopaying.com\/fr\/#organization","name":"SEOPAYING","url":"https:\/\/seopaying.com\/fr\/","logo":{"@type":"ImageObject","inLanguage":"fr-FR","@id":"https:\/\/seopaying.com\/fr\/#\/schema\/logo\/image\/","url":"https:\/\/seopaying.com\/wp-content\/uploads\/2025\/09\/SEO-PAYING-Buy-Reviews-1.svg","contentUrl":"https:\/\/seopaying.com\/wp-content\/uploads\/2025\/09\/SEO-PAYING-Buy-Reviews-1.svg","width":450,"height":179,"caption":"SEOPAYING"},"image":{"@id":"https:\/\/seopaying.com\/fr\/#\/schema\/logo\/image\/"}}]}},"jetpack_sharing_enabled":true,"_links":{"self":[{"href":"https:\/\/seopaying.com\/fr\/wp-json\/wp\/v2\/pages\/40161","targetHints":{"allow":["GET"]}}],"collection":[{"href":"https:\/\/seopaying.com\/fr\/wp-json\/wp\/v2\/pages"}],"about":[{"href":"https:\/\/seopaying.com\/fr\/wp-json\/wp\/v2\/types\/page"}],"author":[{"embeddable":true,"href":"https:\/\/seopaying.com\/fr\/wp-json\/wp\/v2\/users\/1"}],"replies":[{"embeddable":true,"href":"https:\/\/seopaying.com\/fr\/wp-json\/wp\/v2\/comments?post=40161"}],"version-history":[{"count":0,"href":"https:\/\/seopaying.com\/fr\/wp-json\/wp\/v2\/pages\/40161\/revisions"}],"wp:attachment":[{"href":"https:\/\/seopaying.com\/fr\/wp-json\/wp\/v2\/media?parent=40161"}],"curies":[{"name":"wp","href":"https:\/\/api.w.org\/{rel}","templated":true}]}}