{"id":31592,"date":"2021-08-26T16:22:24","date_gmt":"2021-08-26T16:22:24","guid":{"rendered":"https:\/\/www.seopaying.com\/service\/paquete-de-gestion-de-la-reputacion-de-trust-pilot\/"},"modified":"2026-02-25T01:10:02","modified_gmt":"2026-02-24T17:10:02","slug":"consiga-mas-resenas-en-trustpilot","status":"publish","type":"product","link":"https:\/\/seopaying.com\/es\/servicio\/consiga-mas-resenas-en-trustpilot\/","title":{"rendered":"Comprar Rese\u00f1as Trustpilot | Verificadas Y Est\u00e1ndar"},"content":{"rendered":"\t\t<div data-elementor-type=\"wp-post\" data-elementor-id=\"31592\" class=\"elementor elementor-31592 elementor-312\" data-elementor-post-type=\"product\">\n\t\t\t\t<div class=\"elementor-element elementor-element-fec19de e-flex e-con-boxed e-con e-parent\" data-id=\"fec19de\" data-element_type=\"container\">\n\t\t\t\t\t<div class=\"e-con-inner\">\n\t\t<div class=\"elementor-element elementor-element-2cdeafe e-con-full e-flex e-con e-child\" data-id=\"2cdeafe\" data-element_type=\"container\">\n\t\t\t\t<\/div>\n\t\t<div class=\"elementor-element elementor-element-ffc6025 e-con-full e-flex e-con e-child\" data-id=\"ffc6025\" data-element_type=\"container\">\n\t\t\t\t<\/div>\n\t\t<div class=\"elementor-element elementor-element-97f4f88 e-con-full e-flex e-con e-child\" data-id=\"97f4f88\" data-element_type=\"container\">\n\t\t\t\t<\/div>\n\t\t\t\t\t<\/div>\n\t\t\t\t<\/div>\n\t\t\t\t<\/div>\n\t\t","protected":false},"excerpt":{"rendered":"<p><span dir=\"auto\" style=\"vertical-align: inherit;\"><span dir=\"auto\" style=\"vertical-align: inherit;\">Himenaeos \u4ea7\u5987 nam a justo placerat lorem erat pretium a fusce pharetra pretium enim sagittis ut nunc neque Tornt sem a leo\u3002<\/span><\/span><\/p>\n","protected":false},"featured_media":31597,"comment_status":"open","ping_status":"closed","template":"","meta":[],"etheme_brands":[],"product_brand":[],"product_cat":[235],"product_tag":[270],"class_list":{"0":"post-31592","1":"product","2":"type-product","3":"status-publish","4":"has-post-thumbnail","6":"product_cat-consigue-mas-resenas","7":"product_tag-gestion-reputacion-trustpilot-soporte","8":"tm-has-options","10":"first","11":"instock","12":"virtual","13":"purchasable","14":"product-type-simple"},"yoast_head":"<!-- This site is optimized with the Yoast SEO plugin v27.1.1 - https:\/\/yoast.com\/product\/yoast-seo-wordpress\/ -->\n<title>Comprar Rese\u00f1as Trustpilot | Verificadas Y Est\u00e1ndar 5 Estrellas<\/title>\n<meta name=\"description\" content=\"\u00bfQuieres saber c\u00f3mo comprar opiniones de Trustpilot? Nuestro servicio \u00e9tico garantiza un impulso de opiniones aut\u00e9nticas de 5 estrellas para generar confianza y hacer crecer tu negocio de forma segura.\" \/>\n<meta name=\"robots\" content=\"index, follow, max-snippet:-1, max-image-preview:large, max-video-preview:-1\" \/>\n<link rel=\"canonical\" href=\"https:\/\/seopaying.com\/es\/servicio\/consiga-mas-resenas-en-trustpilot\/\" \/>\n<meta property=\"og:locale\" content=\"es_ES\" \/>\n<meta property=\"og:type\" content=\"article\" \/>\n<meta property=\"og:title\" content=\"Comprar Rese\u00f1as Trustpilot | Verificadas Y Est\u00e1ndar 5 Estrellas\" \/>\n<meta property=\"og:description\" content=\"\u00bfQuieres saber c\u00f3mo comprar opiniones de Trustpilot? Nuestro servicio \u00e9tico garantiza un impulso de opiniones aut\u00e9nticas de 5 estrellas para generar confianza y hacer crecer tu negocio de forma segura.\" \/>\n<meta property=\"og:url\" content=\"https:\/\/seopaying.com\/es\/servicio\/consiga-mas-resenas-en-trustpilot\/\" \/>\n<meta property=\"og:site_name\" content=\"SEOPAYING\" \/>\n<meta property=\"article:modified_time\" content=\"2026-02-24T17:10:02+00:00\" \/>\n<meta property=\"og:image\" content=\"https:\/\/seopaying.com\/wp-content\/uploads\/2021\/08\/buy-trust-pilot-reviews.webp\" \/>\n\t<meta property=\"og:image:width\" content=\"1800\" \/>\n\t<meta property=\"og:image:height\" content=\"1200\" \/>\n\t<meta property=\"og:image:type\" content=\"image\/webp\" \/>\n<meta name=\"twitter:card\" content=\"summary_large_image\" \/>\n<meta name=\"twitter:label1\" content=\"Tiempo de lectura\" \/>\n\t<meta name=\"twitter:data1\" content=\"1 minuto\" \/>\n<script type=\"application\/ld+json\" class=\"yoast-schema-graph\">{\"@context\":\"https:\/\/schema.org\",\"@graph\":[{\"@type\":\"WebPage\",\"@id\":\"https:\/\/seopaying.com\/es\/servicio\/consiga-mas-resenas-en-trustpilot\/\",\"url\":\"https:\/\/seopaying.com\/es\/servicio\/consiga-mas-resenas-en-trustpilot\/\",\"name\":\"Comprar Rese\u00f1as Trustpilot | Verificadas Y Est\u00e1ndar 5 Estrellas\",\"isPartOf\":{\"@id\":\"https:\/\/seopaying.com\/es\/#website\"},\"primaryImageOfPage\":{\"@id\":\"https:\/\/seopaying.com\/es\/servicio\/consiga-mas-resenas-en-trustpilot\/#primaryimage\"},\"image\":{\"@id\":\"https:\/\/seopaying.com\/es\/servicio\/consiga-mas-resenas-en-trustpilot\/#primaryimage\"},\"thumbnailUrl\":\"https:\/\/seopaying.com\/wp-content\/uploads\/2021\/08\/buy-trust-pilot-reviews.webp\",\"datePublished\":\"2021-08-26T16:22:24+00:00\",\"dateModified\":\"2026-02-24T17:10:02+00:00\",\"description\":\"\u00bfQuieres saber c\u00f3mo comprar opiniones de Trustpilot? Nuestro servicio \u00e9tico garantiza un impulso de opiniones aut\u00e9nticas de 5 estrellas para generar confianza y hacer crecer tu negocio de forma segura.\",\"breadcrumb\":{\"@id\":\"https:\/\/seopaying.com\/es\/servicio\/consiga-mas-resenas-en-trustpilot\/#breadcrumb\"},\"inLanguage\":\"es\",\"potentialAction\":[{\"@type\":\"ReadAction\",\"target\":[\"https:\/\/seopaying.com\/es\/servicio\/consiga-mas-resenas-en-trustpilot\/\"]}]},{\"@type\":\"ImageObject\",\"inLanguage\":\"es\",\"@id\":\"https:\/\/seopaying.com\/es\/servicio\/consiga-mas-resenas-en-trustpilot\/#primaryimage\",\"url\":\"https:\/\/seopaying.com\/wp-content\/uploads\/2021\/08\/buy-trust-pilot-reviews.webp\",\"contentUrl\":\"https:\/\/seopaying.com\/wp-content\/uploads\/2021\/08\/buy-trust-pilot-reviews.webp\",\"width\":1800,\"height\":1200,\"caption\":\"comprar-revisiones-piloto-de-confianza\"},{\"@type\":\"BreadcrumbList\",\"@id\":\"https:\/\/seopaying.com\/es\/servicio\/consiga-mas-resenas-en-trustpilot\/#breadcrumb\",\"itemListElement\":[{\"@type\":\"ListItem\",\"position\":1,\"name\":\"Inicio\",\"item\":\"https:\/\/seopaying.com\/es\/\"},{\"@type\":\"ListItem\",\"position\":2,\"name\":\"Shop\",\"item\":\"https:\/\/seopaying.com\/shop\/\"},{\"@type\":\"ListItem\",\"position\":3,\"name\":\"Comprar Rese\u00f1as Trustpilot | Verificadas Y Est\u00e1ndar\"}]},{\"@type\":\"WebSite\",\"@id\":\"https:\/\/seopaying.com\/es\/#website\",\"url\":\"https:\/\/seopaying.com\/es\/\",\"name\":\"SEOPAYING\",\"description\":\"Compra opiniones online y mejora la reputaci\u00f3n online de tu sitio web\",\"publisher\":{\"@id\":\"https:\/\/seopaying.com\/es\/#organization\"},\"potentialAction\":[{\"@type\":\"SearchAction\",\"target\":{\"@type\":\"EntryPoint\",\"urlTemplate\":\"https:\/\/seopaying.com\/es\/?s={search_term_string}\"},\"query-input\":{\"@type\":\"PropertyValueSpecification\",\"valueRequired\":true,\"valueName\":\"search_term_string\"}}],\"inLanguage\":\"es\"},{\"@type\":\"Organization\",\"@id\":\"https:\/\/seopaying.com\/es\/#organization\",\"name\":\"SEOPAYING\",\"url\":\"https:\/\/seopaying.com\/es\/\",\"logo\":{\"@type\":\"ImageObject\",\"inLanguage\":\"es\",\"@id\":\"https:\/\/seopaying.com\/es\/#\/schema\/logo\/image\/\",\"url\":\"https:\/\/seopaying.com\/wp-content\/uploads\/2025\/09\/SEO-PAYING-Buy-Reviews-1.svg\",\"contentUrl\":\"https:\/\/seopaying.com\/wp-content\/uploads\/2025\/09\/SEO-PAYING-Buy-Reviews-1.svg\",\"width\":450,\"height\":179,\"caption\":\"SEOPAYING\"},\"image\":{\"@id\":\"https:\/\/seopaying.com\/es\/#\/schema\/logo\/image\/\"}}]}<\/script>\n<!-- \/ Yoast SEO plugin. -->","yoast_head_json":{"title":"Comprar Rese\u00f1as Trustpilot | Verificadas Y Est\u00e1ndar 5 Estrellas","description":"\u00bfQuieres saber c\u00f3mo comprar opiniones de Trustpilot? Nuestro servicio \u00e9tico garantiza un impulso de opiniones aut\u00e9nticas de 5 estrellas para generar confianza y hacer crecer tu negocio de forma segura.","robots":{"index":"index","follow":"follow","max-snippet":"max-snippet:-1","max-image-preview":"max-image-preview:large","max-video-preview":"max-video-preview:-1"},"canonical":"https:\/\/seopaying.com\/es\/servicio\/consiga-mas-resenas-en-trustpilot\/","og_locale":"es_ES","og_type":"article","og_title":"Comprar Rese\u00f1as Trustpilot | Verificadas Y Est\u00e1ndar 5 Estrellas","og_description":"\u00bfQuieres saber c\u00f3mo comprar opiniones de Trustpilot? Nuestro servicio \u00e9tico garantiza un impulso de opiniones aut\u00e9nticas de 5 estrellas para generar confianza y hacer crecer tu negocio de forma segura.","og_url":"https:\/\/seopaying.com\/es\/servicio\/consiga-mas-resenas-en-trustpilot\/","og_site_name":"SEOPAYING","article_modified_time":"2026-02-24T17:10:02+00:00","og_image":[{"width":1800,"height":1200,"url":"https:\/\/seopaying.com\/wp-content\/uploads\/2021\/08\/buy-trust-pilot-reviews.webp","type":"image\/webp"}],"twitter_card":"summary_large_image","twitter_misc":{"Tiempo de lectura":"1 minuto"},"schema":{"@context":"https:\/\/schema.org","@graph":[{"@type":"WebPage","@id":"https:\/\/seopaying.com\/es\/servicio\/consiga-mas-resenas-en-trustpilot\/","url":"https:\/\/seopaying.com\/es\/servicio\/consiga-mas-resenas-en-trustpilot\/","name":"Comprar Rese\u00f1as Trustpilot | Verificadas Y Est\u00e1ndar 5 Estrellas","isPartOf":{"@id":"https:\/\/seopaying.com\/es\/#website"},"primaryImageOfPage":{"@id":"https:\/\/seopaying.com\/es\/servicio\/consiga-mas-resenas-en-trustpilot\/#primaryimage"},"image":{"@id":"https:\/\/seopaying.com\/es\/servicio\/consiga-mas-resenas-en-trustpilot\/#primaryimage"},"thumbnailUrl":"https:\/\/seopaying.com\/wp-content\/uploads\/2021\/08\/buy-trust-pilot-reviews.webp","datePublished":"2021-08-26T16:22:24+00:00","dateModified":"2026-02-24T17:10:02+00:00","description":"\u00bfQuieres saber c\u00f3mo comprar opiniones de Trustpilot? Nuestro servicio \u00e9tico garantiza un impulso de opiniones aut\u00e9nticas de 5 estrellas para generar confianza y hacer crecer tu negocio de forma segura.","breadcrumb":{"@id":"https:\/\/seopaying.com\/es\/servicio\/consiga-mas-resenas-en-trustpilot\/#breadcrumb"},"inLanguage":"es","potentialAction":[{"@type":"ReadAction","target":["https:\/\/seopaying.com\/es\/servicio\/consiga-mas-resenas-en-trustpilot\/"]}]},{"@type":"ImageObject","inLanguage":"es","@id":"https:\/\/seopaying.com\/es\/servicio\/consiga-mas-resenas-en-trustpilot\/#primaryimage","url":"https:\/\/seopaying.com\/wp-content\/uploads\/2021\/08\/buy-trust-pilot-reviews.webp","contentUrl":"https:\/\/seopaying.com\/wp-content\/uploads\/2021\/08\/buy-trust-pilot-reviews.webp","width":1800,"height":1200,"caption":"comprar-revisiones-piloto-de-confianza"},{"@type":"BreadcrumbList","@id":"https:\/\/seopaying.com\/es\/servicio\/consiga-mas-resenas-en-trustpilot\/#breadcrumb","itemListElement":[{"@type":"ListItem","position":1,"name":"Inicio","item":"https:\/\/seopaying.com\/es\/"},{"@type":"ListItem","position":2,"name":"Shop","item":"https:\/\/seopaying.com\/shop\/"},{"@type":"ListItem","position":3,"name":"Comprar Rese\u00f1as Trustpilot | Verificadas Y Est\u00e1ndar"}]},{"@type":"WebSite","@id":"https:\/\/seopaying.com\/es\/#website","url":"https:\/\/seopaying.com\/es\/","name":"SEOPAYING","description":"Compra opiniones online y mejora la reputaci\u00f3n online de tu sitio web","publisher":{"@id":"https:\/\/seopaying.com\/es\/#organization"},"potentialAction":[{"@type":"SearchAction","target":{"@type":"EntryPoint","urlTemplate":"https:\/\/seopaying.com\/es\/?s={search_term_string}"},"query-input":{"@type":"PropertyValueSpecification","valueRequired":true,"valueName":"search_term_string"}}],"inLanguage":"es"},{"@type":"Organization","@id":"https:\/\/seopaying.com\/es\/#organization","name":"SEOPAYING","url":"https:\/\/seopaying.com\/es\/","logo":{"@type":"ImageObject","inLanguage":"es","@id":"https:\/\/seopaying.com\/es\/#\/schema\/logo\/image\/","url":"https:\/\/seopaying.com\/wp-content\/uploads\/2025\/09\/SEO-PAYING-Buy-Reviews-1.svg","contentUrl":"https:\/\/seopaying.com\/wp-content\/uploads\/2025\/09\/SEO-PAYING-Buy-Reviews-1.svg","width":450,"height":179,"caption":"SEOPAYING"},"image":{"@id":"https:\/\/seopaying.com\/es\/#\/schema\/logo\/image\/"}}]}},"jetpack_sharing_enabled":true,"_links":{"self":[{"href":"https:\/\/seopaying.com\/es\/wp-json\/wp\/v2\/product\/31592","targetHints":{"allow":["GET"]}}],"collection":[{"href":"https:\/\/seopaying.com\/es\/wp-json\/wp\/v2\/product"}],"about":[{"href":"https:\/\/seopaying.com\/es\/wp-json\/wp\/v2\/types\/product"}],"replies":[{"embeddable":true,"href":"https:\/\/seopaying.com\/es\/wp-json\/wp\/v2\/comments?post=31592"}],"version-history":[{"count":0,"href":"https:\/\/seopaying.com\/es\/wp-json\/wp\/v2\/product\/31592\/revisions"}],"wp:featuredmedia":[{"embeddable":true,"href":"https:\/\/seopaying.com\/es\/wp-json\/wp\/v2\/media\/31597"}],"wp:attachment":[{"href":"https:\/\/seopaying.com\/es\/wp-json\/wp\/v2\/media?parent=31592"}],"wp:term":[{"taxonomy":"brand","embeddable":true,"href":"https:\/\/seopaying.com\/es\/wp-json\/wp\/v2\/etheme_brands?post=31592"},{"taxonomy":"product_brand","embeddable":true,"href":"https:\/\/seopaying.com\/es\/wp-json\/wp\/v2\/product_brand?post=31592"},{"taxonomy":"product_cat","embeddable":true,"href":"https:\/\/seopaying.com\/es\/wp-json\/wp\/v2\/product_cat?post=31592"},{"taxonomy":"product_tag","embeddable":true,"href":"https:\/\/seopaying.com\/es\/wp-json\/wp\/v2\/product_tag?post=31592"}],"curies":[{"name":"wp","href":"https:\/\/api.w.org\/{rel}","templated":true}]}}