{"id":40265,"date":"2025-10-01T10:07:58","date_gmt":"2025-10-01T02:07:58","guid":{"rendered":"https:\/\/www.seopaying.com\/exencion-legal-de-responsabilidad\/"},"modified":"2025-10-01T10:09:01","modified_gmt":"2025-10-01T02:09:01","slug":"exencion-legal-de-responsabilidad","status":"publish","type":"page","link":"https:\/\/seopaying.com\/es\/exencion-legal-de-responsabilidad\/","title":{"rendered":"Exenci\u00f3n legal de responsabilidad"},"content":{"rendered":"\t\t<div data-elementor-type=\"wp-page\" data-elementor-id=\"40265\" class=\"elementor elementor-40265 elementor-40250\" data-elementor-post-type=\"page\">\n\t\t\t\t<div class=\"elementor-element elementor-element-5f681af5 e-flex e-con-boxed e-con e-parent\" data-id=\"5f681af5\" data-element_type=\"container\" data-settings=\"{&quot;background_background&quot;:&quot;classic&quot;}\">\n\t\t\t\t\t<div class=\"e-con-inner\">\n\t\t\t\t<div class=\"elementor-element elementor-element-5396d3 elementor-widget elementor-widget-etheme_animated_headline\" data-id=\"5396d3\" data-element_type=\"widget\" data-settings=\"{&quot;shape&quot;:&quot;double_underline&quot;,&quot;text_style&quot;:&quot;highlight&quot;,&quot;duration&quot;:{&quot;unit&quot;:&quot;px&quot;,&quot;size&quot;:&quot;&quot;,&quot;sizes&quot;:[]},&quot;delay&quot;:{&quot;unit&quot;:&quot;px&quot;,&quot;size&quot;:&quot;&quot;,&quot;sizes&quot;:[]}}\" data-widget_type=\"etheme_animated_headline.default\">\n\t\t\t\t<div class=\"elementor-widget-container\">\n\t\t\t\t\t        \n        <div class=\"etheme-headline-wrapper\">\n            <h1 class=\"etheme-headline\" data-style=\"highlight\">\n\t\t                        <span class=\"etheme-headline-text-wrapper\">\n                \n\t\t        Exenci\u00f3n legal de responsabilidad<svg xmlns=\"http:\/\/www.w3.org\/2000\/svg\" viewBox=\"0 0 500 150\" preserveAspectRatio=\"none\"><path d=\"M5 130.476C199.783 121.045 295.145 109.078 495 127.639M50.6522 146.306C165.797 137.383 343.333 128.045 457.464 142.755\"><\/path><\/svg>                \n                <\/span>\n                            <\/h1>\n        <\/div>\n        \n\t\t\t\t\t\t<\/div>\n\t\t\t\t<\/div>\n\t\t\t\t<div class=\"elementor-element elementor-element-2ab5bc6b elementor-widget elementor-widget-text-editor\" data-id=\"2ab5bc6b\" data-element_type=\"widget\" data-widget_type=\"text-editor.default\">\n\t\t\t\t\t\t\t\t\t\n<p><strong>Aviso importante<\/strong><br>Este Aviso Legal se aplica al uso que hagas de nuestros Servicios de Apoyo a la Gesti\u00f3n de la Reputaci\u00f3n Online. L\u00e9elo atentamente antes de contratar nuestros servicios. <\/p>\n\n<ol class=\"wp-block-list\" start=\"1\">\n<li><strong>Papel del proveedor de servicios y limitaci\u00f3n de responsabilidad<\/strong>\n<ul class=\"wp-block-list\">\n<li>Actuamos como <strong>ayudantes de gesti\u00f3n<\/strong> del comerciante en las plataformas de rese\u00f1as, no como creadores o manipuladores del contenido de las rese\u00f1as.<\/li>\n\n<li>Nos comprometemos a prestar nuestros servicios de acuerdo con las condiciones publicadas de las respectivas plataformas de revisi\u00f3n y las leyes y normativas aplicables. Sin embargo, las pol\u00edticas de las plataformas est\u00e1n sujetas a cambios, y no podemos garantizar que todos los aspectos de nuestro servicio se ajusten de forma perpetua y absoluta a todas las futuras interpretaciones de las pol\u00edticas por parte de las plataformas. Por lo tanto, el comerciante es el responsable \u00faltimo de garantizar que sus operaciones cumplen los requisitos de la plataforma.  <\/li>\n<\/ul>\n<\/li>\n\n<li><strong>Responsabilidades del cliente (comerciante)<\/strong>\n<ul class=\"wp-block-list\">\n<li><strong>Autoridad de la cuenta:<\/strong> Debes garantizar que eres el leg\u00edtimo titular de la cuenta de la plataforma empresarial o que est\u00e1s legalmente autorizado para gestionarla, y nos concedes permiso para realizar las acciones mencionadas.<\/li>\n\n<li><strong>Autenticidad de la informaci\u00f3n:<\/strong> Debes garantizar que todos los datos de clientes que nos proporciones proceden de fuentes leg\u00edtimas y veraces. Todos los pedidos utilizados para desencadenar invitaciones a revisi\u00f3n deben ser aut\u00e9nticos y v\u00e1lidos. <\/li>\n\n<li><strong>Autoridad final para tomar decisiones:<\/strong> La decisi\u00f3n final y la responsabilidad sobre acciones como informar de una revisi\u00f3n recaen en ti. Nosotros s\u00f3lo proporcionamos recomendaciones y apoyo ejecutivo. <\/li>\n<\/ul>\n<\/li>\n\n<li><strong>Divulgaci\u00f3n de riesgos de la pol\u00edtica de la plataforma<\/strong>\n<ul class=\"wp-block-list\">\n<li>Las plataformas de rese\u00f1as (por ejemplo, Trustpilot, SiteJabber) conservan la autoridad final sobre todo el contenido de sus plataformas. Esto incluye el derecho a eliminar unilateralmente rese\u00f1as o imponer restricciones a las cuentas de comerciantes que infrinjan sus pol\u00edticas. <\/li>\n\n<li><strong>No seremos responsables<\/strong> de ning\u00fan da\u00f1o directo o indirecto derivado de cambios en las pol\u00edticas de la plataforma o de sus acciones administrativas (como eliminaci\u00f3n de rese\u00f1as, suspensi\u00f3n de cuentas, etc.), incluso si estas acciones est\u00e1n relacionadas con los servicios que te prestamos.<\/li>\n<\/ul>\n<\/li>\n\n<li><strong>Cumplimiento de leyes y reglamentos<\/strong>\n<ul class=\"wp-block-list\">\n<li>Nuestros servicios cumplen estrictamente las leyes y reglamentos pertinentes.<\/li>\n<\/ul>\n<\/li>\n\n<li><strong>Alcance de la exenci\u00f3n de responsabilidad<\/strong>\n<ul class=\"wp-block-list\">\n<li>En la m\u00e1xima medida permitida por la ley, no seremos responsables de ning\u00fan da\u00f1o indirecto, incidental o consecuente derivado del uso de nuestros servicios.<\/li>\n<\/ul>\n<\/li>\n<\/ol>\n\n<p><strong>Conclusi\u00f3n<\/strong><br>Al utilizar nuestros servicios, reconoces que has le\u00eddo, entendido y aceptado todos los t\u00e9rminos expuestos en este Aviso Legal. Nuestro objetivo es ayudarte a gestionar tu reputaci\u00f3n online de forma m\u00e1s eficiente, respetando las normas. <\/p>\n\t\t\t\t\t\t\t\t<\/div>\n\t\t\t\t\t<\/div>\n\t\t\t\t<\/div>\n\t\t\t\t<\/div>\n\t\t","protected":false},"excerpt":{"rendered":"<p>Exenci\u00f3n legal de responsabilidad Aviso importanteEste Aviso Legal se aplica al uso que hagas de nuestros Servicios de Apoyo a la Gesti\u00f3n de la Reputaci\u00f3n&#8230;<\/p>\n","protected":false},"author":1,"featured_media":0,"parent":0,"menu_order":0,"comment_status":"closed","ping_status":"closed","template":"","meta":{"footnotes":""},"class_list":["post-40265","page","type-page","status-publish","hentry"],"yoast_head":"<!-- This site is optimized with the Yoast SEO plugin v27.1.1 - https:\/\/yoast.com\/product\/yoast-seo-wordpress\/ -->\n<title>Exenci\u00f3n legal de responsabilidad - SEOPAYING<\/title>\n<meta name=\"robots\" content=\"index, follow, max-snippet:-1, max-image-preview:large, max-video-preview:-1\" \/>\n<link rel=\"canonical\" href=\"https:\/\/seopaying.com\/es\/exencion-legal-de-responsabilidad\/\" \/>\n<meta property=\"og:locale\" content=\"es_ES\" \/>\n<meta property=\"og:type\" content=\"article\" \/>\n<meta property=\"og:title\" content=\"Exenci\u00f3n legal de responsabilidad - SEOPAYING\" \/>\n<meta property=\"og:description\" content=\"Exenci\u00f3n legal de responsabilidad Aviso importanteEste Aviso Legal se aplica al uso que hagas de nuestros Servicios de Apoyo a la Gesti\u00f3n de la Reputaci\u00f3n...\" \/>\n<meta property=\"og:url\" content=\"https:\/\/seopaying.com\/es\/exencion-legal-de-responsabilidad\/\" \/>\n<meta property=\"og:site_name\" content=\"SEOPAYING\" \/>\n<meta property=\"article:modified_time\" content=\"2025-10-01T02:09:01+00:00\" \/>\n<meta name=\"twitter:card\" content=\"summary_large_image\" \/>\n<meta name=\"twitter:label1\" content=\"Tiempo de lectura\" \/>\n\t<meta name=\"twitter:data1\" content=\"2 minutos\" \/>\n<script type=\"application\/ld+json\" class=\"yoast-schema-graph\">{\"@context\":\"https:\/\/schema.org\",\"@graph\":[{\"@type\":\"WebPage\",\"@id\":\"https:\/\/seopaying.com\/es\/exencion-legal-de-responsabilidad\/\",\"url\":\"https:\/\/seopaying.com\/es\/exencion-legal-de-responsabilidad\/\",\"name\":\"Exenci\u00f3n legal de responsabilidad - SEOPAYING\",\"isPartOf\":{\"@id\":\"https:\/\/seopaying.com\/es\/#website\"},\"datePublished\":\"2025-10-01T02:07:58+00:00\",\"dateModified\":\"2025-10-01T02:09:01+00:00\",\"breadcrumb\":{\"@id\":\"https:\/\/seopaying.com\/es\/exencion-legal-de-responsabilidad\/#breadcrumb\"},\"inLanguage\":\"es\",\"potentialAction\":[{\"@type\":\"ReadAction\",\"target\":[\"https:\/\/seopaying.com\/es\/exencion-legal-de-responsabilidad\/\"]}]},{\"@type\":\"BreadcrumbList\",\"@id\":\"https:\/\/seopaying.com\/es\/exencion-legal-de-responsabilidad\/#breadcrumb\",\"itemListElement\":[{\"@type\":\"ListItem\",\"position\":1,\"name\":\"Inicio\",\"item\":\"https:\/\/seopaying.com\/es\/\"},{\"@type\":\"ListItem\",\"position\":2,\"name\":\"Exenci\u00f3n legal de responsabilidad\"}]},{\"@type\":\"WebSite\",\"@id\":\"https:\/\/seopaying.com\/es\/#website\",\"url\":\"https:\/\/seopaying.com\/es\/\",\"name\":\"SEOPAYING\",\"description\":\"Compra opiniones online y mejora la reputaci\u00f3n online de tu sitio web\",\"publisher\":{\"@id\":\"https:\/\/seopaying.com\/es\/#organization\"},\"potentialAction\":[{\"@type\":\"SearchAction\",\"target\":{\"@type\":\"EntryPoint\",\"urlTemplate\":\"https:\/\/seopaying.com\/es\/?s={search_term_string}\"},\"query-input\":{\"@type\":\"PropertyValueSpecification\",\"valueRequired\":true,\"valueName\":\"search_term_string\"}}],\"inLanguage\":\"es\"},{\"@type\":\"Organization\",\"@id\":\"https:\/\/seopaying.com\/es\/#organization\",\"name\":\"SEOPAYING\",\"url\":\"https:\/\/seopaying.com\/es\/\",\"logo\":{\"@type\":\"ImageObject\",\"inLanguage\":\"es\",\"@id\":\"https:\/\/seopaying.com\/es\/#\/schema\/logo\/image\/\",\"url\":\"https:\/\/seopaying.com\/wp-content\/uploads\/2025\/09\/SEO-PAYING-Buy-Reviews-1.svg\",\"contentUrl\":\"https:\/\/seopaying.com\/wp-content\/uploads\/2025\/09\/SEO-PAYING-Buy-Reviews-1.svg\",\"width\":450,\"height\":179,\"caption\":\"SEOPAYING\"},\"image\":{\"@id\":\"https:\/\/seopaying.com\/es\/#\/schema\/logo\/image\/\"}}]}<\/script>\n<!-- \/ Yoast SEO plugin. -->","yoast_head_json":{"title":"Exenci\u00f3n legal de responsabilidad - SEOPAYING","robots":{"index":"index","follow":"follow","max-snippet":"max-snippet:-1","max-image-preview":"max-image-preview:large","max-video-preview":"max-video-preview:-1"},"canonical":"https:\/\/seopaying.com\/es\/exencion-legal-de-responsabilidad\/","og_locale":"es_ES","og_type":"article","og_title":"Exenci\u00f3n legal de responsabilidad - SEOPAYING","og_description":"Exenci\u00f3n legal de responsabilidad Aviso importanteEste Aviso Legal se aplica al uso que hagas de nuestros Servicios de Apoyo a la Gesti\u00f3n de la Reputaci\u00f3n...","og_url":"https:\/\/seopaying.com\/es\/exencion-legal-de-responsabilidad\/","og_site_name":"SEOPAYING","article_modified_time":"2025-10-01T02:09:01+00:00","twitter_card":"summary_large_image","twitter_misc":{"Tiempo de lectura":"2 minutos"},"schema":{"@context":"https:\/\/schema.org","@graph":[{"@type":"WebPage","@id":"https:\/\/seopaying.com\/es\/exencion-legal-de-responsabilidad\/","url":"https:\/\/seopaying.com\/es\/exencion-legal-de-responsabilidad\/","name":"Exenci\u00f3n legal de responsabilidad - SEOPAYING","isPartOf":{"@id":"https:\/\/seopaying.com\/es\/#website"},"datePublished":"2025-10-01T02:07:58+00:00","dateModified":"2025-10-01T02:09:01+00:00","breadcrumb":{"@id":"https:\/\/seopaying.com\/es\/exencion-legal-de-responsabilidad\/#breadcrumb"},"inLanguage":"es","potentialAction":[{"@type":"ReadAction","target":["https:\/\/seopaying.com\/es\/exencion-legal-de-responsabilidad\/"]}]},{"@type":"BreadcrumbList","@id":"https:\/\/seopaying.com\/es\/exencion-legal-de-responsabilidad\/#breadcrumb","itemListElement":[{"@type":"ListItem","position":1,"name":"Inicio","item":"https:\/\/seopaying.com\/es\/"},{"@type":"ListItem","position":2,"name":"Exenci\u00f3n legal de responsabilidad"}]},{"@type":"WebSite","@id":"https:\/\/seopaying.com\/es\/#website","url":"https:\/\/seopaying.com\/es\/","name":"SEOPAYING","description":"Compra opiniones online y mejora la reputaci\u00f3n online de tu sitio web","publisher":{"@id":"https:\/\/seopaying.com\/es\/#organization"},"potentialAction":[{"@type":"SearchAction","target":{"@type":"EntryPoint","urlTemplate":"https:\/\/seopaying.com\/es\/?s={search_term_string}"},"query-input":{"@type":"PropertyValueSpecification","valueRequired":true,"valueName":"search_term_string"}}],"inLanguage":"es"},{"@type":"Organization","@id":"https:\/\/seopaying.com\/es\/#organization","name":"SEOPAYING","url":"https:\/\/seopaying.com\/es\/","logo":{"@type":"ImageObject","inLanguage":"es","@id":"https:\/\/seopaying.com\/es\/#\/schema\/logo\/image\/","url":"https:\/\/seopaying.com\/wp-content\/uploads\/2025\/09\/SEO-PAYING-Buy-Reviews-1.svg","contentUrl":"https:\/\/seopaying.com\/wp-content\/uploads\/2025\/09\/SEO-PAYING-Buy-Reviews-1.svg","width":450,"height":179,"caption":"SEOPAYING"},"image":{"@id":"https:\/\/seopaying.com\/es\/#\/schema\/logo\/image\/"}}]}},"jetpack_sharing_enabled":true,"_links":{"self":[{"href":"https:\/\/seopaying.com\/es\/wp-json\/wp\/v2\/pages\/40265","targetHints":{"allow":["GET"]}}],"collection":[{"href":"https:\/\/seopaying.com\/es\/wp-json\/wp\/v2\/pages"}],"about":[{"href":"https:\/\/seopaying.com\/es\/wp-json\/wp\/v2\/types\/page"}],"author":[{"embeddable":true,"href":"https:\/\/seopaying.com\/es\/wp-json\/wp\/v2\/users\/1"}],"replies":[{"embeddable":true,"href":"https:\/\/seopaying.com\/es\/wp-json\/wp\/v2\/comments?post=40265"}],"version-history":[{"count":0,"href":"https:\/\/seopaying.com\/es\/wp-json\/wp\/v2\/pages\/40265\/revisions"}],"wp:attachment":[{"href":"https:\/\/seopaying.com\/es\/wp-json\/wp\/v2\/media?parent=40265"}],"curies":[{"name":"wp","href":"https:\/\/api.w.org\/{rel}","templated":true}]}}