{"id":40209,"date":"2025-10-01T10:03:35","date_gmt":"2025-10-01T02:03:35","guid":{"rendered":"https:\/\/www.seopaying.com\/gestion-profesional-de-la-reputacion-online-y-asistencia-de-la-plataforma-de-resenas\/"},"modified":"2025-10-01T10:06:19","modified_gmt":"2025-10-01T02:06:19","slug":"gestion-profesional-de-la-reputacion-online-y-asistencia-de-la-plataforma-de-resenas","status":"publish","type":"page","link":"https:\/\/seopaying.com\/es\/gestion-profesional-de-la-reputacion-online-y-asistencia-de-la-plataforma-de-resenas\/","title":{"rendered":"Gesti\u00f3n profesional de la reputaci\u00f3n online y asistencia de la plataforma de rese\u00f1as"},"content":{"rendered":"\t\t<div data-elementor-type=\"wp-page\" data-elementor-id=\"40209\" class=\"elementor elementor-40209 elementor-40195\" data-elementor-post-type=\"page\">\n\t\t\t\t<div class=\"elementor-element elementor-element-2272c627 e-flex e-con-boxed e-con e-parent\" data-id=\"2272c627\" data-element_type=\"container\" data-settings=\"{&quot;background_background&quot;:&quot;classic&quot;}\">\n\t\t\t\t\t<div class=\"e-con-inner\">\n\t\t\t\t<div class=\"elementor-element elementor-element-acfb222 elementor-widget elementor-widget-etheme_animated_headline\" data-id=\"acfb222\" data-element_type=\"widget\" data-settings=\"{&quot;shape&quot;:&quot;custom&quot;,&quot;text_style&quot;:&quot;highlight&quot;,&quot;duration&quot;:{&quot;unit&quot;:&quot;px&quot;,&quot;size&quot;:&quot;&quot;,&quot;sizes&quot;:[]},&quot;delay&quot;:{&quot;unit&quot;:&quot;px&quot;,&quot;size&quot;:&quot;&quot;,&quot;sizes&quot;:[]}}\" data-widget_type=\"etheme_animated_headline.default\">\n\t\t\t\t<div class=\"elementor-widget-container\">\n\t\t\t\t\t        \n        <div class=\"etheme-headline-wrapper\">\n            <h1 class=\"etheme-headline\" data-style=\"highlight\">\n\t\t                        <span class=\"etheme-headline-text-wrapper\">\n                \n\t\t        Gesti\u00f3n profesional de la reputaci\u00f3n online y asistencia de la plataforma de rese\u00f1as                \n                <\/span>\n                            <\/h1>\n        <\/div>\n        \n\t\t\t\t\t\t<\/div>\n\t\t\t\t<\/div>\n\t\t\t\t<div class=\"elementor-element elementor-element-5936258c elementor-widget elementor-widget-text-editor\" data-id=\"5936258c\" data-element_type=\"widget\" data-widget_type=\"text-editor.default\">\n\t\t\t\t\t\t\t\t\t\n<p>Bienvenido a nuestro servicio profesional de gesti\u00f3n de la reputaci\u00f3n online. Nos dedicamos a proporcionar una gesti\u00f3n de cuentas y un apoyo a las empresas en las principales plataformas de rese\u00f1as (como Trustpilot, SiteJabber, etc.) que cumplan las normas y sean transparentes, actuando <g id=\"gid_0\">estrictamente dentro de los l\u00edmites de sus respectivas condiciones de servicio y pol\u00edticas<\/g>. Nuestro papel es actuar como una extensi\u00f3n autorizada de tu negocio, ayud\u00e1ndote a gestionar las interacciones con los consumidores de forma m\u00e1s eficaz y profesional.  <\/p>\n\n<p><strong>Nuestros servicios b\u00e1sicos<\/strong><br>Prestamos los siguientes servicios de gesti\u00f3n manual, todos ellos basados en los datos aut\u00e9nticos de cliente que nos facilitas y en tu acceso leg\u00edtimo a las cuentas de la plataforma correspondiente:<\/p>\n\n<ol class=\"wp-block-list\" start=\"1\">\n<li><strong>Configuraci\u00f3n y optimizaci\u00f3n de cuentas:<\/strong> Te ayudamos a completar y mejorar el perfil de tu empresa en las plataformas de revisi\u00f3n para garantizar que sea preciso y profesional.<\/li>\n\n<li><strong>Desencadenar invitaciones de revisi\u00f3n:<\/strong> Previa autorizaci\u00f3n, te ayudamos a utilizar <strong>los canales leg\u00edtimos de las plataformas<\/strong> (por ejemplo, cargando una lista de clientes para activar correos electr\u00f3nicos oficiales de invitaci\u00f3n) para invitar a tus clientes aut\u00e9nticos a compartir sus experiencias. No fabricamos ni escribimos rese\u00f1as falsas. <\/li>\n\n<li><strong>Respuesta y gesti\u00f3n de las opiniones:<\/strong> Actuando como tu representante autorizado, respondemos p\u00fablicamente de forma profesional y cort\u00e9s a todas las rese\u00f1as (positivas, neutras y negativas) en tu nombre, demostrando tu compromiso con las opiniones de los clientes.<\/li>\n\n<li><strong>Informes de revisi\u00f3n conformes:<\/strong> Te ayudamos a supervisar el contenido de las rese\u00f1as. Cuando se identifiquen rese\u00f1as que infrinjan claramente las pol\u00edticas de la plataforma (por ejemplo, que contengan incitaci\u00f3n al odio, informaci\u00f3n manifiestamente falsa o spam no relacionado con la empresa), previa confirmaci\u00f3n por tu parte, las denunciaremos a trav\u00e9s de los canales oficiales de las plataformas. <\/li>\n\n<li><strong>An\u00e1lisis de datos e informes:<\/strong> Te proporcionamos informes peri\u00f3dicos de valoraci\u00f3n y an\u00e1lisis para ayudarte a comprender las tendencias de satisfacci\u00f3n del cliente.<\/li>\n<\/ol>\n\n<p><strong>Nuestro compromiso de cumplimiento<\/strong><br>Declaramos solemnemente que nuestros servicios <strong>excluyen estrictamente las siguientes actividades, prohibidas por todas las principales plataformas<\/strong>:<\/p>\n\n<ul class=\"wp-block-list\">\n<li><strong>NO fabricamos opiniones:<\/strong> Nunca escribiremos ni compraremos rese\u00f1as falsas para los comerciantes.<\/li>\n\n<li><strong>NO incentivamos las opiniones positivas:<\/strong> No ofrecemos incentivos monetarios, descuentos ni otras recompensas a cambio de rese\u00f1as positivas.<\/li>\n\n<li><strong>NO manipulamos la opini\u00f3n p\u00fablica:<\/strong> No participaremos en ninguna actividad destinada a interferir maliciosamente en el orden natural de las opiniones, incluyendo, entre otras, la publicaci\u00f3n, la denuncia masiva para su eliminaci\u00f3n o la influencia artificial en la presentaci\u00f3n de las opiniones.<\/li>\n<\/ul>\n\t\t\t\t\t\t\t\t<\/div>\n\t\t\t\t\t<\/div>\n\t\t\t\t<\/div>\n\t\t\t\t<\/div>\n\t\t","protected":false},"excerpt":{"rendered":"<p>Gesti\u00f3n profesional de la reputaci\u00f3n online y asistencia de la plataforma de rese\u00f1as Bienvenido a nuestro servicio profesional de gesti\u00f3n de la reputaci\u00f3n online. Nos&#8230;<\/p>\n","protected":false},"author":1,"featured_media":0,"parent":0,"menu_order":0,"comment_status":"closed","ping_status":"closed","template":"","meta":{"footnotes":""},"class_list":["post-40209","page","type-page","status-publish","hentry"],"yoast_head":"<!-- This site is optimized with the Yoast SEO plugin v27.1.1 - https:\/\/yoast.com\/product\/yoast-seo-wordpress\/ -->\n<title>Gesti\u00f3n profesional de la reputaci\u00f3n online y asistencia de la plataforma de rese\u00f1as - SEOPAYING<\/title>\n<meta name=\"robots\" content=\"index, follow, max-snippet:-1, max-image-preview:large, max-video-preview:-1\" \/>\n<link rel=\"canonical\" href=\"https:\/\/seopaying.com\/es\/gestion-profesional-de-la-reputacion-online-y-asistencia-de-la-plataforma-de-resenas\/\" \/>\n<meta property=\"og:locale\" content=\"es_ES\" \/>\n<meta property=\"og:type\" content=\"article\" \/>\n<meta property=\"og:title\" content=\"Gesti\u00f3n profesional de la reputaci\u00f3n online y asistencia de la plataforma de rese\u00f1as - SEOPAYING\" \/>\n<meta property=\"og:description\" content=\"Gesti\u00f3n profesional de la reputaci\u00f3n online y asistencia de la plataforma de rese\u00f1as Bienvenido a nuestro servicio profesional de gesti\u00f3n de la reputaci\u00f3n online. Nos...\" \/>\n<meta property=\"og:url\" content=\"https:\/\/seopaying.com\/es\/gestion-profesional-de-la-reputacion-online-y-asistencia-de-la-plataforma-de-resenas\/\" \/>\n<meta property=\"og:site_name\" content=\"SEOPAYING\" \/>\n<meta property=\"article:modified_time\" content=\"2025-10-01T02:06:19+00:00\" \/>\n<meta name=\"twitter:card\" content=\"summary_large_image\" \/>\n<meta name=\"twitter:label1\" content=\"Tiempo de lectura\" \/>\n\t<meta name=\"twitter:data1\" content=\"2 minutos\" \/>\n<script type=\"application\/ld+json\" class=\"yoast-schema-graph\">{\"@context\":\"https:\/\/schema.org\",\"@graph\":[{\"@type\":\"WebPage\",\"@id\":\"https:\/\/seopaying.com\/es\/gestion-profesional-de-la-reputacion-online-y-asistencia-de-la-plataforma-de-resenas\/\",\"url\":\"https:\/\/seopaying.com\/es\/gestion-profesional-de-la-reputacion-online-y-asistencia-de-la-plataforma-de-resenas\/\",\"name\":\"Gesti\u00f3n profesional de la reputaci\u00f3n online y asistencia de la plataforma de rese\u00f1as - SEOPAYING\",\"isPartOf\":{\"@id\":\"https:\/\/seopaying.com\/es\/#website\"},\"datePublished\":\"2025-10-01T02:03:35+00:00\",\"dateModified\":\"2025-10-01T02:06:19+00:00\",\"breadcrumb\":{\"@id\":\"https:\/\/seopaying.com\/es\/gestion-profesional-de-la-reputacion-online-y-asistencia-de-la-plataforma-de-resenas\/#breadcrumb\"},\"inLanguage\":\"es\",\"potentialAction\":[{\"@type\":\"ReadAction\",\"target\":[\"https:\/\/seopaying.com\/es\/gestion-profesional-de-la-reputacion-online-y-asistencia-de-la-plataforma-de-resenas\/\"]}]},{\"@type\":\"BreadcrumbList\",\"@id\":\"https:\/\/seopaying.com\/es\/gestion-profesional-de-la-reputacion-online-y-asistencia-de-la-plataforma-de-resenas\/#breadcrumb\",\"itemListElement\":[{\"@type\":\"ListItem\",\"position\":1,\"name\":\"Inicio\",\"item\":\"https:\/\/seopaying.com\/es\/\"},{\"@type\":\"ListItem\",\"position\":2,\"name\":\"Gesti\u00f3n profesional de la reputaci\u00f3n online y asistencia de la plataforma de rese\u00f1as\"}]},{\"@type\":\"WebSite\",\"@id\":\"https:\/\/seopaying.com\/es\/#website\",\"url\":\"https:\/\/seopaying.com\/es\/\",\"name\":\"SEOPAYING\",\"description\":\"Compra opiniones online y mejora la reputaci\u00f3n online de tu sitio web\",\"publisher\":{\"@id\":\"https:\/\/seopaying.com\/es\/#organization\"},\"potentialAction\":[{\"@type\":\"SearchAction\",\"target\":{\"@type\":\"EntryPoint\",\"urlTemplate\":\"https:\/\/seopaying.com\/es\/?s={search_term_string}\"},\"query-input\":{\"@type\":\"PropertyValueSpecification\",\"valueRequired\":true,\"valueName\":\"search_term_string\"}}],\"inLanguage\":\"es\"},{\"@type\":\"Organization\",\"@id\":\"https:\/\/seopaying.com\/es\/#organization\",\"name\":\"SEOPAYING\",\"url\":\"https:\/\/seopaying.com\/es\/\",\"logo\":{\"@type\":\"ImageObject\",\"inLanguage\":\"es\",\"@id\":\"https:\/\/seopaying.com\/es\/#\/schema\/logo\/image\/\",\"url\":\"https:\/\/seopaying.com\/wp-content\/uploads\/2025\/09\/SEO-PAYING-Buy-Reviews-1.svg\",\"contentUrl\":\"https:\/\/seopaying.com\/wp-content\/uploads\/2025\/09\/SEO-PAYING-Buy-Reviews-1.svg\",\"width\":450,\"height\":179,\"caption\":\"SEOPAYING\"},\"image\":{\"@id\":\"https:\/\/seopaying.com\/es\/#\/schema\/logo\/image\/\"}}]}<\/script>\n<!-- \/ Yoast SEO plugin. -->","yoast_head_json":{"title":"Gesti\u00f3n profesional de la reputaci\u00f3n online y asistencia de la plataforma de rese\u00f1as - SEOPAYING","robots":{"index":"index","follow":"follow","max-snippet":"max-snippet:-1","max-image-preview":"max-image-preview:large","max-video-preview":"max-video-preview:-1"},"canonical":"https:\/\/seopaying.com\/es\/gestion-profesional-de-la-reputacion-online-y-asistencia-de-la-plataforma-de-resenas\/","og_locale":"es_ES","og_type":"article","og_title":"Gesti\u00f3n profesional de la reputaci\u00f3n online y asistencia de la plataforma de rese\u00f1as - SEOPAYING","og_description":"Gesti\u00f3n profesional de la reputaci\u00f3n online y asistencia de la plataforma de rese\u00f1as Bienvenido a nuestro servicio profesional de gesti\u00f3n de la reputaci\u00f3n online. Nos...","og_url":"https:\/\/seopaying.com\/es\/gestion-profesional-de-la-reputacion-online-y-asistencia-de-la-plataforma-de-resenas\/","og_site_name":"SEOPAYING","article_modified_time":"2025-10-01T02:06:19+00:00","twitter_card":"summary_large_image","twitter_misc":{"Tiempo de lectura":"2 minutos"},"schema":{"@context":"https:\/\/schema.org","@graph":[{"@type":"WebPage","@id":"https:\/\/seopaying.com\/es\/gestion-profesional-de-la-reputacion-online-y-asistencia-de-la-plataforma-de-resenas\/","url":"https:\/\/seopaying.com\/es\/gestion-profesional-de-la-reputacion-online-y-asistencia-de-la-plataforma-de-resenas\/","name":"Gesti\u00f3n profesional de la reputaci\u00f3n online y asistencia de la plataforma de rese\u00f1as - SEOPAYING","isPartOf":{"@id":"https:\/\/seopaying.com\/es\/#website"},"datePublished":"2025-10-01T02:03:35+00:00","dateModified":"2025-10-01T02:06:19+00:00","breadcrumb":{"@id":"https:\/\/seopaying.com\/es\/gestion-profesional-de-la-reputacion-online-y-asistencia-de-la-plataforma-de-resenas\/#breadcrumb"},"inLanguage":"es","potentialAction":[{"@type":"ReadAction","target":["https:\/\/seopaying.com\/es\/gestion-profesional-de-la-reputacion-online-y-asistencia-de-la-plataforma-de-resenas\/"]}]},{"@type":"BreadcrumbList","@id":"https:\/\/seopaying.com\/es\/gestion-profesional-de-la-reputacion-online-y-asistencia-de-la-plataforma-de-resenas\/#breadcrumb","itemListElement":[{"@type":"ListItem","position":1,"name":"Inicio","item":"https:\/\/seopaying.com\/es\/"},{"@type":"ListItem","position":2,"name":"Gesti\u00f3n profesional de la reputaci\u00f3n online y asistencia de la plataforma de rese\u00f1as"}]},{"@type":"WebSite","@id":"https:\/\/seopaying.com\/es\/#website","url":"https:\/\/seopaying.com\/es\/","name":"SEOPAYING","description":"Compra opiniones online y mejora la reputaci\u00f3n online de tu sitio web","publisher":{"@id":"https:\/\/seopaying.com\/es\/#organization"},"potentialAction":[{"@type":"SearchAction","target":{"@type":"EntryPoint","urlTemplate":"https:\/\/seopaying.com\/es\/?s={search_term_string}"},"query-input":{"@type":"PropertyValueSpecification","valueRequired":true,"valueName":"search_term_string"}}],"inLanguage":"es"},{"@type":"Organization","@id":"https:\/\/seopaying.com\/es\/#organization","name":"SEOPAYING","url":"https:\/\/seopaying.com\/es\/","logo":{"@type":"ImageObject","inLanguage":"es","@id":"https:\/\/seopaying.com\/es\/#\/schema\/logo\/image\/","url":"https:\/\/seopaying.com\/wp-content\/uploads\/2025\/09\/SEO-PAYING-Buy-Reviews-1.svg","contentUrl":"https:\/\/seopaying.com\/wp-content\/uploads\/2025\/09\/SEO-PAYING-Buy-Reviews-1.svg","width":450,"height":179,"caption":"SEOPAYING"},"image":{"@id":"https:\/\/seopaying.com\/es\/#\/schema\/logo\/image\/"}}]}},"jetpack_sharing_enabled":true,"_links":{"self":[{"href":"https:\/\/seopaying.com\/es\/wp-json\/wp\/v2\/pages\/40209","targetHints":{"allow":["GET"]}}],"collection":[{"href":"https:\/\/seopaying.com\/es\/wp-json\/wp\/v2\/pages"}],"about":[{"href":"https:\/\/seopaying.com\/es\/wp-json\/wp\/v2\/types\/page"}],"author":[{"embeddable":true,"href":"https:\/\/seopaying.com\/es\/wp-json\/wp\/v2\/users\/1"}],"replies":[{"embeddable":true,"href":"https:\/\/seopaying.com\/es\/wp-json\/wp\/v2\/comments?post=40209"}],"version-history":[{"count":0,"href":"https:\/\/seopaying.com\/es\/wp-json\/wp\/v2\/pages\/40209\/revisions"}],"wp:attachment":[{"href":"https:\/\/seopaying.com\/es\/wp-json\/wp\/v2\/media?parent=40209"}],"curies":[{"name":"wp","href":"https:\/\/api.w.org\/{rel}","templated":true}]}}