{"id":40158,"date":"2025-10-01T09:53:43","date_gmt":"2025-10-01T01:53:43","guid":{"rendered":"https:\/\/www.seopaying.com\/politica-de-devoluciones\/"},"modified":"2025-10-01T10:10:49","modified_gmt":"2025-10-01T02:10:49","slug":"politica-de-devoluciones","status":"publish","type":"page","link":"https:\/\/seopaying.com\/es\/politica-de-devoluciones\/","title":{"rendered":"Pol\u00edtica de devoluciones"},"content":{"rendered":"\t\t<div data-elementor-type=\"wp-page\" data-elementor-id=\"40158\" class=\"elementor elementor-40158 elementor-40149\" data-elementor-post-type=\"page\">\n\t\t\t\t<div class=\"elementor-element elementor-element-892021d e-flex e-con-boxed e-con e-parent\" data-id=\"892021d\" data-element_type=\"container\" data-settings=\"{&quot;background_background&quot;:&quot;classic&quot;}\">\n\t\t\t\t\t<div class=\"e-con-inner\">\n\t\t\t\t<div class=\"elementor-element elementor-element-4a23d86f elementor-widget elementor-widget-etheme_animated_headline\" data-id=\"4a23d86f\" data-element_type=\"widget\" data-settings=\"{&quot;shape&quot;:&quot;double_underline&quot;,&quot;text_style&quot;:&quot;highlight&quot;,&quot;duration&quot;:{&quot;unit&quot;:&quot;px&quot;,&quot;size&quot;:&quot;&quot;,&quot;sizes&quot;:[]},&quot;delay&quot;:{&quot;unit&quot;:&quot;px&quot;,&quot;size&quot;:&quot;&quot;,&quot;sizes&quot;:[]}}\" data-widget_type=\"etheme_animated_headline.default\">\n\t\t\t\t<div class=\"elementor-widget-container\">\n\t\t\t\t\t        \n        <div class=\"etheme-headline-wrapper\">\n            <h1 class=\"etheme-headline\" data-style=\"highlight\">\n\t\t                        <span class=\"etheme-headline-text-wrapper\">\n                \n\t\t        Pol\u00edtica de devoluciones<svg xmlns=\"http:\/\/www.w3.org\/2000\/svg\" viewBox=\"0 0 500 150\" preserveAspectRatio=\"none\"><path d=\"M5 130.476C199.783 121.045 295.145 109.078 495 127.639M50.6522 146.306C165.797 137.383 343.333 128.045 457.464 142.755\"><\/path><\/svg>                \n                <\/span>\n                            <\/h1>\n        <\/div>\n        \n\t\t\t\t\t\t<\/div>\n\t\t\t\t<\/div>\n\t\t\t\t<div class=\"elementor-element elementor-element-ab0fed4 elementor-widget elementor-widget-text-editor\" data-id=\"ab0fed4\" data-element_type=\"widget\" data-widget_type=\"text-editor.default\">\n\t\t\t\t\t\t\t\t\t\n<p class=\"ds-markdown-paragraph\">En SEOPAYING, nos comprometemos a prestar servicios fiables y de alta calidad. Esta Pol\u00edtica de Reembolso describe las circunstancias en las que se pueden conceder reembolsos. L\u00e9ela atentamente antes de realizar un pedido.  <\/p>\n<h4><strong>1. Derecho a devoluci\u00f3n<\/strong><\/h4>\n<p class=\"ds-markdown-paragraph\"><strong>S\u00f3lo<\/strong> se podr\u00e1 considerar una solicitud de reembolso <strong>si el servicio a\u00fan no se ha prestado en su totalidad<\/strong>. Nuestra pol\u00edtica est\u00e1 dise\u00f1ada para ser justa tanto para nuestros clientes como para nuestros costes operativos. <\/p>\n<ul>\n<li>\n<p class=\"ds-markdown-paragraph\"><strong>Antes del inicio del servicio:<\/strong> Si solicitas una cancelaci\u00f3n <strong>antes de<\/strong> que nuestro equipo haya empezado a trabajar en tu pedido, tienes derecho a un reembolso completo.<\/p>\n<\/li>\n<li>\n<p class=\"ds-markdown-paragraph\"><strong>Durante la prestaci\u00f3n del servicio:<\/strong> Si solicitas una cancelaci\u00f3n <strong>despu\u00e9s de<\/strong> que el servicio haya comenzado pero antes de que se haya entregado el n\u00famero acordado de revisiones, se podr\u00e1 emitir un <strong>reembolso parcial<\/strong>. El importe del reembolso se calcular\u00e1 del siguiente modo: Valor total del pedido menos el coste de las opiniones ya entregadas y una tasa de tramitaci\u00f3n. <\/p>\n<\/li>\n<\/ul>\n<h4><strong>2. Situaciones no reembolsables<\/strong><\/h4>\n<p class=\"ds-markdown-paragraph\">Ten en cuenta que <strong>no<\/strong> se conceder\u00e1n reembolsos en los siguientes casos:<\/p>\n<ul>\n<li>\n<p class=\"ds-markdown-paragraph\"><strong>Pedidos completados:<\/strong> Una vez que el servicio est\u00e9 totalmente terminado y se haya entregado la revisi\u00f3n final, el pedido se considerar\u00e1 definitivo y no se efectuar\u00e1 ning\u00fan reembolso.<\/p>\n<\/li>\n<li>\n<p class=\"ds-markdown-paragraph\"><strong>Eliminaci\u00f3n de Rese\u00f1as por Plataformas:<\/strong> Garantizamos la calidad y la prestaci\u00f3n de nuestro servicio. Sin embargo, <strong>no podemos controlar las pol\u00edticas de plataformas de terceros<\/strong> (como Google, Yelp, Trustpilot, etc.). Si una plataforma elimina o filtra las opiniones despu\u00e9s de que las hayamos entregado, esto no constituye un fallo de nuestro servicio, y no se efectuar\u00e1 ning\u00fan reembolso. Nuestro trabajo implica un esfuerzo manual y unos recursos significativos, que se gastan en el momento de la entrega.   <\/p>\n<\/li>\n<\/ul>\n<h4><strong>3. Proceso de devoluci\u00f3n<\/strong><\/h4>\n<ul>\n<li>\n<p class=\"ds-markdown-paragraph\"><strong>M\u00e9todo:<\/strong> Los reembolsos, cuando se aprueben, se devolver\u00e1n al m\u00e9todo de pago original utilizado para la transacci\u00f3n.<\/p>\n<\/li>\n<li>\n<p class=\"ds-markdown-paragraph\"><strong>Tasa de tramitaci\u00f3n:<\/strong> Ten en cuenta que todos los reembolsos aprobados est\u00e1n sujetos a una tasa administrativa y de tramitaci\u00f3n para cubrir los costes de transacci\u00f3n incurridos por nuestras pasarelas de pago.<\/p>\n<\/li>\n<li>\n<p class=\"ds-markdown-paragraph\"><strong>Plazo:<\/strong> Por favor, espera de 5 a 10 d\u00edas laborables para que el reembolso se refleje en tu cuenta tras la aprobaci\u00f3n.<\/p>\n<\/li>\n<\/ul>\n<h4><strong>C\u00f3mo solicitar un reembolso<\/strong><\/h4>\n<p class=\"ds-markdown-paragraph\">Para iniciar una solicitud de reembolso, ponte en contacto con nuestro equipo de asistencia en <a href=\"mailto:contact@seopaying.com\">\n  <span style=\"text-decoration: underline;\">\n    <strong>contact@seopaying.com<\/strong>\n  <\/span>\n<\/a> con tu n\u00famero de pedido y el motivo de tu solicitud. Nuestro equipo revisar\u00e1 tu caso bas\u00e1ndose en los criterios indicados anteriormente y te responder\u00e1 con prontitud. <\/p>\n<p class=\"ds-markdown-paragraph\"><strong>Ponte en contacto con nosotros:<\/strong><br>Si tienes alguna pregunta sobre esta Pol\u00edtica de devoluciones, ponte en <strong>contacto con<\/strong><strong>\n  <a href=\"https:\/\/www.seopaying.com\/es\/contacta-con-nosotros\/\">\n    <span style=\"text-decoration: underline;\">ponte en contacto con nosotros<\/span>\n  <\/a>\n<\/strong> en<\/p>\n\t\t\t\t\t\t\t\t<\/div>\n\t\t\t\t\t<\/div>\n\t\t\t\t<\/div>\n\t\t\t\t<\/div>\n\t\t","protected":false},"excerpt":{"rendered":"<p>Pol\u00edtica de devoluciones En SEOPAYING, nos comprometemos a prestar servicios fiables y de alta calidad. Esta Pol\u00edtica de Reembolso describe las circunstancias en las que&#8230;<\/p>\n","protected":false},"author":1,"featured_media":0,"parent":0,"menu_order":0,"comment_status":"closed","ping_status":"closed","template":"","meta":{"footnotes":""},"class_list":["post-40158","page","type-page","status-publish","hentry"],"yoast_head":"<!-- This site is optimized with the Yoast SEO plugin v27.1.1 - https:\/\/yoast.com\/product\/yoast-seo-wordpress\/ -->\n<title>Pol\u00edtica de devoluciones - SEOPAYING<\/title>\n<meta name=\"robots\" content=\"index, follow, max-snippet:-1, max-image-preview:large, max-video-preview:-1\" \/>\n<link rel=\"canonical\" href=\"https:\/\/seopaying.com\/es\/politica-de-devoluciones\/\" \/>\n<meta property=\"og:locale\" content=\"es_ES\" \/>\n<meta property=\"og:type\" content=\"article\" \/>\n<meta property=\"og:title\" content=\"Pol\u00edtica de devoluciones - SEOPAYING\" \/>\n<meta property=\"og:description\" content=\"Pol\u00edtica de devoluciones En SEOPAYING, nos comprometemos a prestar servicios fiables y de alta calidad. Esta Pol\u00edtica de Reembolso describe las circunstancias en las que...\" \/>\n<meta property=\"og:url\" content=\"https:\/\/seopaying.com\/es\/politica-de-devoluciones\/\" \/>\n<meta property=\"og:site_name\" content=\"SEOPAYING\" \/>\n<meta property=\"article:modified_time\" content=\"2025-10-01T02:10:49+00:00\" \/>\n<meta name=\"twitter:card\" content=\"summary_large_image\" \/>\n<meta name=\"twitter:label1\" content=\"Tiempo de lectura\" \/>\n\t<meta name=\"twitter:data1\" content=\"2 minutos\" \/>\n<script type=\"application\/ld+json\" class=\"yoast-schema-graph\">{\"@context\":\"https:\/\/schema.org\",\"@graph\":[{\"@type\":\"WebPage\",\"@id\":\"https:\/\/seopaying.com\/es\/politica-de-devoluciones\/\",\"url\":\"https:\/\/seopaying.com\/es\/politica-de-devoluciones\/\",\"name\":\"Pol\u00edtica de devoluciones - SEOPAYING\",\"isPartOf\":{\"@id\":\"https:\/\/seopaying.com\/es\/#website\"},\"datePublished\":\"2025-10-01T01:53:43+00:00\",\"dateModified\":\"2025-10-01T02:10:49+00:00\",\"breadcrumb\":{\"@id\":\"https:\/\/seopaying.com\/es\/politica-de-devoluciones\/#breadcrumb\"},\"inLanguage\":\"es\",\"potentialAction\":[{\"@type\":\"ReadAction\",\"target\":[\"https:\/\/seopaying.com\/es\/politica-de-devoluciones\/\"]}]},{\"@type\":\"BreadcrumbList\",\"@id\":\"https:\/\/seopaying.com\/es\/politica-de-devoluciones\/#breadcrumb\",\"itemListElement\":[{\"@type\":\"ListItem\",\"position\":1,\"name\":\"Inicio\",\"item\":\"https:\/\/seopaying.com\/es\/\"},{\"@type\":\"ListItem\",\"position\":2,\"name\":\"Pol\u00edtica de devoluciones\"}]},{\"@type\":\"WebSite\",\"@id\":\"https:\/\/seopaying.com\/es\/#website\",\"url\":\"https:\/\/seopaying.com\/es\/\",\"name\":\"SEOPAYING\",\"description\":\"Compra opiniones online y mejora la reputaci\u00f3n online de tu sitio web\",\"publisher\":{\"@id\":\"https:\/\/seopaying.com\/es\/#organization\"},\"potentialAction\":[{\"@type\":\"SearchAction\",\"target\":{\"@type\":\"EntryPoint\",\"urlTemplate\":\"https:\/\/seopaying.com\/es\/?s={search_term_string}\"},\"query-input\":{\"@type\":\"PropertyValueSpecification\",\"valueRequired\":true,\"valueName\":\"search_term_string\"}}],\"inLanguage\":\"es\"},{\"@type\":\"Organization\",\"@id\":\"https:\/\/seopaying.com\/es\/#organization\",\"name\":\"SEOPAYING\",\"url\":\"https:\/\/seopaying.com\/es\/\",\"logo\":{\"@type\":\"ImageObject\",\"inLanguage\":\"es\",\"@id\":\"https:\/\/seopaying.com\/es\/#\/schema\/logo\/image\/\",\"url\":\"https:\/\/seopaying.com\/wp-content\/uploads\/2025\/09\/SEO-PAYING-Buy-Reviews-1.svg\",\"contentUrl\":\"https:\/\/seopaying.com\/wp-content\/uploads\/2025\/09\/SEO-PAYING-Buy-Reviews-1.svg\",\"width\":450,\"height\":179,\"caption\":\"SEOPAYING\"},\"image\":{\"@id\":\"https:\/\/seopaying.com\/es\/#\/schema\/logo\/image\/\"}}]}<\/script>\n<!-- \/ Yoast SEO plugin. -->","yoast_head_json":{"title":"Pol\u00edtica de devoluciones - SEOPAYING","robots":{"index":"index","follow":"follow","max-snippet":"max-snippet:-1","max-image-preview":"max-image-preview:large","max-video-preview":"max-video-preview:-1"},"canonical":"https:\/\/seopaying.com\/es\/politica-de-devoluciones\/","og_locale":"es_ES","og_type":"article","og_title":"Pol\u00edtica de devoluciones - SEOPAYING","og_description":"Pol\u00edtica de devoluciones En SEOPAYING, nos comprometemos a prestar servicios fiables y de alta calidad. Esta Pol\u00edtica de Reembolso describe las circunstancias en las que...","og_url":"https:\/\/seopaying.com\/es\/politica-de-devoluciones\/","og_site_name":"SEOPAYING","article_modified_time":"2025-10-01T02:10:49+00:00","twitter_card":"summary_large_image","twitter_misc":{"Tiempo de lectura":"2 minutos"},"schema":{"@context":"https:\/\/schema.org","@graph":[{"@type":"WebPage","@id":"https:\/\/seopaying.com\/es\/politica-de-devoluciones\/","url":"https:\/\/seopaying.com\/es\/politica-de-devoluciones\/","name":"Pol\u00edtica de devoluciones - SEOPAYING","isPartOf":{"@id":"https:\/\/seopaying.com\/es\/#website"},"datePublished":"2025-10-01T01:53:43+00:00","dateModified":"2025-10-01T02:10:49+00:00","breadcrumb":{"@id":"https:\/\/seopaying.com\/es\/politica-de-devoluciones\/#breadcrumb"},"inLanguage":"es","potentialAction":[{"@type":"ReadAction","target":["https:\/\/seopaying.com\/es\/politica-de-devoluciones\/"]}]},{"@type":"BreadcrumbList","@id":"https:\/\/seopaying.com\/es\/politica-de-devoluciones\/#breadcrumb","itemListElement":[{"@type":"ListItem","position":1,"name":"Inicio","item":"https:\/\/seopaying.com\/es\/"},{"@type":"ListItem","position":2,"name":"Pol\u00edtica de devoluciones"}]},{"@type":"WebSite","@id":"https:\/\/seopaying.com\/es\/#website","url":"https:\/\/seopaying.com\/es\/","name":"SEOPAYING","description":"Compra opiniones online y mejora la reputaci\u00f3n online de tu sitio web","publisher":{"@id":"https:\/\/seopaying.com\/es\/#organization"},"potentialAction":[{"@type":"SearchAction","target":{"@type":"EntryPoint","urlTemplate":"https:\/\/seopaying.com\/es\/?s={search_term_string}"},"query-input":{"@type":"PropertyValueSpecification","valueRequired":true,"valueName":"search_term_string"}}],"inLanguage":"es"},{"@type":"Organization","@id":"https:\/\/seopaying.com\/es\/#organization","name":"SEOPAYING","url":"https:\/\/seopaying.com\/es\/","logo":{"@type":"ImageObject","inLanguage":"es","@id":"https:\/\/seopaying.com\/es\/#\/schema\/logo\/image\/","url":"https:\/\/seopaying.com\/wp-content\/uploads\/2025\/09\/SEO-PAYING-Buy-Reviews-1.svg","contentUrl":"https:\/\/seopaying.com\/wp-content\/uploads\/2025\/09\/SEO-PAYING-Buy-Reviews-1.svg","width":450,"height":179,"caption":"SEOPAYING"},"image":{"@id":"https:\/\/seopaying.com\/es\/#\/schema\/logo\/image\/"}}]}},"jetpack_sharing_enabled":true,"_links":{"self":[{"href":"https:\/\/seopaying.com\/es\/wp-json\/wp\/v2\/pages\/40158","targetHints":{"allow":["GET"]}}],"collection":[{"href":"https:\/\/seopaying.com\/es\/wp-json\/wp\/v2\/pages"}],"about":[{"href":"https:\/\/seopaying.com\/es\/wp-json\/wp\/v2\/types\/page"}],"author":[{"embeddable":true,"href":"https:\/\/seopaying.com\/es\/wp-json\/wp\/v2\/users\/1"}],"replies":[{"embeddable":true,"href":"https:\/\/seopaying.com\/es\/wp-json\/wp\/v2\/comments?post=40158"}],"version-history":[{"count":0,"href":"https:\/\/seopaying.com\/es\/wp-json\/wp\/v2\/pages\/40158\/revisions"}],"wp:attachment":[{"href":"https:\/\/seopaying.com\/es\/wp-json\/wp\/v2\/media?parent=40158"}],"curies":[{"name":"wp","href":"https:\/\/api.w.org\/{rel}","templated":true}]}}