{"id":40258,"date":"2025-10-01T10:07:58","date_gmt":"2025-10-01T02:07:58","guid":{"rendered":"https:\/\/www.seopaying.com\/rechtlicher-haftungsausschluss\/"},"modified":"2025-10-01T10:08:43","modified_gmt":"2025-10-01T02:08:43","slug":"rechtlicher-haftungsausschluss","status":"publish","type":"page","link":"https:\/\/seopaying.com\/de\/rechtlicher-haftungsausschluss\/","title":{"rendered":"Rechtlicher Haftungsausschlu\u00df"},"content":{"rendered":"\t\t<div data-elementor-type=\"wp-page\" data-elementor-id=\"40258\" class=\"elementor elementor-40258 elementor-40250\" data-elementor-post-type=\"page\">\n\t\t\t\t<div class=\"elementor-element elementor-element-5f681af5 e-flex e-con-boxed e-con e-parent\" data-id=\"5f681af5\" data-element_type=\"container\" data-settings=\"{&quot;background_background&quot;:&quot;classic&quot;}\">\n\t\t\t\t\t<div class=\"e-con-inner\">\n\t\t\t\t<div class=\"elementor-element elementor-element-5396d3 elementor-widget elementor-widget-etheme_animated_headline\" data-id=\"5396d3\" data-element_type=\"widget\" data-settings=\"{&quot;shape&quot;:&quot;double_underline&quot;,&quot;text_style&quot;:&quot;highlight&quot;,&quot;duration&quot;:{&quot;unit&quot;:&quot;px&quot;,&quot;size&quot;:&quot;&quot;,&quot;sizes&quot;:[]},&quot;delay&quot;:{&quot;unit&quot;:&quot;px&quot;,&quot;size&quot;:&quot;&quot;,&quot;sizes&quot;:[]}}\" data-widget_type=\"etheme_animated_headline.default\">\n\t\t\t\t<div class=\"elementor-widget-container\">\n\t\t\t\t\t        \n        <div class=\"etheme-headline-wrapper\">\n            <h1 class=\"etheme-headline\" data-style=\"highlight\">\n\t\t                        <span class=\"etheme-headline-text-wrapper\">\n                \n\t\t        Rechtlicher Haftungsausschlu\u00df<svg xmlns=\"http:\/\/www.w3.org\/2000\/svg\" viewBox=\"0 0 500 150\" preserveAspectRatio=\"none\"><path d=\"M5 130.476C199.783 121.045 295.145 109.078 495 127.639M50.6522 146.306C165.797 137.383 343.333 128.045 457.464 142.755\"><\/path><\/svg>                \n                <\/span>\n                            <\/h1>\n        <\/div>\n        \n\t\t\t\t\t\t<\/div>\n\t\t\t\t<\/div>\n\t\t\t\t<div class=\"elementor-element elementor-element-2ab5bc6b elementor-widget elementor-widget-text-editor\" data-id=\"2ab5bc6b\" data-element_type=\"widget\" data-widget_type=\"text-editor.default\">\n\t\t\t\t\t\t\t\t\t\n<p><strong>Wichtiger Hinweis<\/strong><br>Dieser Haftungsausschluss gilt f\u00fcr Ihre Nutzung unserer Online Reputation Management Support Services. Bitte lesen Sie ihn sorgf\u00e4ltig, bevor Sie unsere Dienste in Anspruch nehmen. <\/p>\n\n<ol class=\"wp-block-list\" start=\"1\">\n<li><strong>Rolle des Dienstanbieters &amp; Haftungsbeschr\u00e4nkung<\/strong>\n<ul class=\"wp-block-list\">\n<li>Wir agieren als <strong>Management-Assistent<\/strong> des H\u00e4ndlers auf Bewertungsplattformen, nicht als Ersteller oder Manipulator von Bewertungsinhalten.<\/li>\n\n<li>Wir verpflichten uns, unsere Dienste in \u00dcbereinstimmung mit den ver\u00f6ffentlichten Bedingungen der jeweiligen Bewertungsplattformen und den geltenden Gesetzen und Vorschriften anzubieten. Die Richtlinien der Plattformen k\u00f6nnen sich jedoch \u00e4ndern, und wir k\u00f6nnen nicht garantieren, dass jeder Aspekt unseres Dienstes dauerhaft und absolut mit allen zuk\u00fcnftigen Auslegungen der Richtlinien durch die Plattformen \u00fcbereinstimmen wird. Daher tr\u00e4gt letztlich der H\u00e4ndler die Verantwortung daf\u00fcr, dass seine Aktivit\u00e4ten den Anforderungen der Plattformen entsprechen.  <\/li>\n<\/ul>\n<\/li>\n\n<li><strong>Verantwortlichkeiten des Kunden (H\u00e4ndlers)<\/strong>\n<ul class=\"wp-block-list\">\n<li><strong>Kontovollmacht:<\/strong> Sie m\u00fcssen garantieren, dass Sie der rechtm\u00e4\u00dfige Inhaber des Kontos auf der Business-Plattform sind oder rechtlich befugt sind, es zu verwalten, und Sie erteilen uns die Erlaubnis, die oben genannten Aktionen durchzuf\u00fchren.<\/li>\n\n<li><strong>Authentizit\u00e4t der Informationen:<\/strong> Sie m\u00fcssen garantieren, dass alle uns zur Verf\u00fcgung gestellten Kundendaten aus legitimen und wahrheitsgem\u00e4\u00dfen Quellen stammen. Alle Bestellungen, die zum Ausl\u00f6sen von Einladungen zur \u00dcberpr\u00fcfung verwendet werden, m\u00fcssen echt und g\u00fcltig sein. <\/li>\n\n<li><strong>Endg\u00fcltige Entscheidungsbefugnis:<\/strong> Die endg\u00fcltige Entscheidung und Verantwortung f\u00fcr Aktionen wie die Meldung einer \u00dcberpr\u00fcfung liegt bei Ihnen. Wir geben nur Empfehlungen und unterst\u00fctzen Sie bei der Ausf\u00fchrung. <\/li>\n<\/ul>\n<\/li>\n\n<li><strong>Plattform-Politik Risiko-Offenlegung<\/strong>\n<ul class=\"wp-block-list\">\n<li>Bewertungsplattformen (z.B. Trustpilot, SiteJabber) behalten die endg\u00fcltige Autorit\u00e4t \u00fcber alle Inhalte auf ihren Plattformen. Dazu geh\u00f6rt auch das Recht, einseitig Bewertungen zu entfernen oder Beschr\u00e4nkungen f\u00fcr H\u00e4ndlerkonten zu verh\u00e4ngen, die gegen ihre Richtlinien versto\u00dfen. <\/li>\n\n<li>Wir <strong>k\u00f6nnen nicht<\/strong> f\u00fcr direkte oder indirekte Sch\u00e4den <strong>haftbar gemacht werden<\/strong>, die sich aus \u00c4nderungen der Richtlinien der Plattform oder deren administrativen Ma\u00dfnahmen (wie die Entfernung von Bewertungen, die Sperrung von Konten usw.) ergeben, selbst wenn diese Ma\u00dfnahmen mit den von uns f\u00fcr Sie erbrachten Dienstleistungen in Zusammenhang stehen.<\/li>\n<\/ul>\n<\/li>\n\n<li><strong>Einhaltung von Gesetzen und Vorschriften<\/strong>\n<ul class=\"wp-block-list\">\n<li>Unsere Dienstleistungen halten sich streng an die einschl\u00e4gigen Gesetze und Vorschriften.<\/li>\n<\/ul>\n<\/li>\n\n<li><strong>Umfang des Haftungsausschlusses<\/strong>\n<ul class=\"wp-block-list\">\n<li>Soweit dies gesetzlich zul\u00e4ssig ist, haften wir nicht f\u00fcr indirekte, zuf\u00e4llige oder Folgesch\u00e4den, die sich aus der Nutzung unserer Dienste ergeben.<\/li>\n<\/ul>\n<\/li>\n<\/ol>\n\n<p><strong>Fazit<\/strong><br>Durch die Nutzung unserer Dienste best\u00e4tigen Sie, dass Sie alle in diesem Haftungsausschluss aufgef\u00fchrten Bedingungen gelesen und verstanden haben und ihnen zustimmen. Unser Ziel ist es, Ihnen zu helfen, Ihre Online-Reputation effizienter zu verwalten und dabei die Regeln einzuhalten. <\/p>\n\t\t\t\t\t\t\t\t<\/div>\n\t\t\t\t\t<\/div>\n\t\t\t\t<\/div>\n\t\t\t\t<\/div>\n\t\t","protected":false},"excerpt":{"rendered":"<p>Rechtlicher Haftungsausschlu\u00df Wichtiger HinweisDieser Haftungsausschluss gilt f\u00fcr Ihre Nutzung unserer Online Reputation Management Support Services. Bitte lesen Sie ihn sorgf\u00e4ltig, bevor Sie unsere Dienste in&#8230;<\/p>\n","protected":false},"author":1,"featured_media":0,"parent":0,"menu_order":0,"comment_status":"closed","ping_status":"closed","template":"","meta":{"footnotes":""},"class_list":["post-40258","page","type-page","status-publish","hentry"],"yoast_head":"<!-- This site is optimized with the Yoast SEO plugin v27.1.1 - https:\/\/yoast.com\/product\/yoast-seo-wordpress\/ -->\n<title>Rechtlicher Haftungsausschlu\u00df - SEOPAYING<\/title>\n<meta name=\"robots\" content=\"index, follow, max-snippet:-1, max-image-preview:large, max-video-preview:-1\" \/>\n<link rel=\"canonical\" href=\"https:\/\/seopaying.com\/de\/rechtlicher-haftungsausschluss\/\" \/>\n<meta property=\"og:locale\" content=\"de_DE\" \/>\n<meta property=\"og:type\" content=\"article\" \/>\n<meta property=\"og:title\" content=\"Rechtlicher Haftungsausschlu\u00df - SEOPAYING\" \/>\n<meta property=\"og:description\" content=\"Rechtlicher Haftungsausschlu\u00df Wichtiger HinweisDieser Haftungsausschluss gilt f\u00fcr Ihre Nutzung unserer Online Reputation Management Support Services. Bitte lesen Sie ihn sorgf\u00e4ltig, bevor Sie unsere Dienste in...\" \/>\n<meta property=\"og:url\" content=\"https:\/\/seopaying.com\/de\/rechtlicher-haftungsausschluss\/\" \/>\n<meta property=\"og:site_name\" content=\"SEOPAYING\" \/>\n<meta property=\"article:modified_time\" content=\"2025-10-01T02:08:43+00:00\" \/>\n<meta name=\"twitter:card\" content=\"summary_large_image\" \/>\n<meta name=\"twitter:label1\" content=\"Gesch\u00e4tzte Lesezeit\" \/>\n\t<meta name=\"twitter:data1\" content=\"2 Minuten\" \/>\n<script type=\"application\/ld+json\" class=\"yoast-schema-graph\">{\"@context\":\"https:\/\/schema.org\",\"@graph\":[{\"@type\":\"WebPage\",\"@id\":\"https:\/\/seopaying.com\/de\/rechtlicher-haftungsausschluss\/\",\"url\":\"https:\/\/seopaying.com\/de\/rechtlicher-haftungsausschluss\/\",\"name\":\"Rechtlicher Haftungsausschlu\u00df - SEOPAYING\",\"isPartOf\":{\"@id\":\"https:\/\/seopaying.com\/de\/#website\"},\"datePublished\":\"2025-10-01T02:07:58+00:00\",\"dateModified\":\"2025-10-01T02:08:43+00:00\",\"breadcrumb\":{\"@id\":\"https:\/\/seopaying.com\/de\/rechtlicher-haftungsausschluss\/#breadcrumb\"},\"inLanguage\":\"de\",\"potentialAction\":[{\"@type\":\"ReadAction\",\"target\":[\"https:\/\/seopaying.com\/de\/rechtlicher-haftungsausschluss\/\"]}]},{\"@type\":\"BreadcrumbList\",\"@id\":\"https:\/\/seopaying.com\/de\/rechtlicher-haftungsausschluss\/#breadcrumb\",\"itemListElement\":[{\"@type\":\"ListItem\",\"position\":1,\"name\":\"Startseite\",\"item\":\"https:\/\/seopaying.com\/de\/\"},{\"@type\":\"ListItem\",\"position\":2,\"name\":\"Rechtlicher Haftungsausschlu\u00df\"}]},{\"@type\":\"WebSite\",\"@id\":\"https:\/\/seopaying.com\/de\/#website\",\"url\":\"https:\/\/seopaying.com\/de\/\",\"name\":\"SEOPAYING\",\"description\":\"Kaufen Sie Bewertungen online und verbessern Sie den Online-Ruf Ihrer Website.\",\"publisher\":{\"@id\":\"https:\/\/seopaying.com\/de\/#organization\"},\"potentialAction\":[{\"@type\":\"SearchAction\",\"target\":{\"@type\":\"EntryPoint\",\"urlTemplate\":\"https:\/\/seopaying.com\/de\/?s={search_term_string}\"},\"query-input\":{\"@type\":\"PropertyValueSpecification\",\"valueRequired\":true,\"valueName\":\"search_term_string\"}}],\"inLanguage\":\"de\"},{\"@type\":\"Organization\",\"@id\":\"https:\/\/seopaying.com\/de\/#organization\",\"name\":\"SEOPAYING\",\"url\":\"https:\/\/seopaying.com\/de\/\",\"logo\":{\"@type\":\"ImageObject\",\"inLanguage\":\"de\",\"@id\":\"https:\/\/seopaying.com\/de\/#\/schema\/logo\/image\/\",\"url\":\"https:\/\/seopaying.com\/wp-content\/uploads\/2025\/09\/SEO-PAYING-Buy-Reviews-1.svg\",\"contentUrl\":\"https:\/\/seopaying.com\/wp-content\/uploads\/2025\/09\/SEO-PAYING-Buy-Reviews-1.svg\",\"width\":450,\"height\":179,\"caption\":\"SEOPAYING\"},\"image\":{\"@id\":\"https:\/\/seopaying.com\/de\/#\/schema\/logo\/image\/\"}}]}<\/script>\n<!-- \/ Yoast SEO plugin. -->","yoast_head_json":{"title":"Rechtlicher Haftungsausschlu\u00df - SEOPAYING","robots":{"index":"index","follow":"follow","max-snippet":"max-snippet:-1","max-image-preview":"max-image-preview:large","max-video-preview":"max-video-preview:-1"},"canonical":"https:\/\/seopaying.com\/de\/rechtlicher-haftungsausschluss\/","og_locale":"de_DE","og_type":"article","og_title":"Rechtlicher Haftungsausschlu\u00df - SEOPAYING","og_description":"Rechtlicher Haftungsausschlu\u00df Wichtiger HinweisDieser Haftungsausschluss gilt f\u00fcr Ihre Nutzung unserer Online Reputation Management Support Services. Bitte lesen Sie ihn sorgf\u00e4ltig, bevor Sie unsere Dienste in...","og_url":"https:\/\/seopaying.com\/de\/rechtlicher-haftungsausschluss\/","og_site_name":"SEOPAYING","article_modified_time":"2025-10-01T02:08:43+00:00","twitter_card":"summary_large_image","twitter_misc":{"Gesch\u00e4tzte Lesezeit":"2 Minuten"},"schema":{"@context":"https:\/\/schema.org","@graph":[{"@type":"WebPage","@id":"https:\/\/seopaying.com\/de\/rechtlicher-haftungsausschluss\/","url":"https:\/\/seopaying.com\/de\/rechtlicher-haftungsausschluss\/","name":"Rechtlicher Haftungsausschlu\u00df - SEOPAYING","isPartOf":{"@id":"https:\/\/seopaying.com\/de\/#website"},"datePublished":"2025-10-01T02:07:58+00:00","dateModified":"2025-10-01T02:08:43+00:00","breadcrumb":{"@id":"https:\/\/seopaying.com\/de\/rechtlicher-haftungsausschluss\/#breadcrumb"},"inLanguage":"de","potentialAction":[{"@type":"ReadAction","target":["https:\/\/seopaying.com\/de\/rechtlicher-haftungsausschluss\/"]}]},{"@type":"BreadcrumbList","@id":"https:\/\/seopaying.com\/de\/rechtlicher-haftungsausschluss\/#breadcrumb","itemListElement":[{"@type":"ListItem","position":1,"name":"Startseite","item":"https:\/\/seopaying.com\/de\/"},{"@type":"ListItem","position":2,"name":"Rechtlicher Haftungsausschlu\u00df"}]},{"@type":"WebSite","@id":"https:\/\/seopaying.com\/de\/#website","url":"https:\/\/seopaying.com\/de\/","name":"SEOPAYING","description":"Kaufen Sie Bewertungen online und verbessern Sie den Online-Ruf Ihrer Website.","publisher":{"@id":"https:\/\/seopaying.com\/de\/#organization"},"potentialAction":[{"@type":"SearchAction","target":{"@type":"EntryPoint","urlTemplate":"https:\/\/seopaying.com\/de\/?s={search_term_string}"},"query-input":{"@type":"PropertyValueSpecification","valueRequired":true,"valueName":"search_term_string"}}],"inLanguage":"de"},{"@type":"Organization","@id":"https:\/\/seopaying.com\/de\/#organization","name":"SEOPAYING","url":"https:\/\/seopaying.com\/de\/","logo":{"@type":"ImageObject","inLanguage":"de","@id":"https:\/\/seopaying.com\/de\/#\/schema\/logo\/image\/","url":"https:\/\/seopaying.com\/wp-content\/uploads\/2025\/09\/SEO-PAYING-Buy-Reviews-1.svg","contentUrl":"https:\/\/seopaying.com\/wp-content\/uploads\/2025\/09\/SEO-PAYING-Buy-Reviews-1.svg","width":450,"height":179,"caption":"SEOPAYING"},"image":{"@id":"https:\/\/seopaying.com\/de\/#\/schema\/logo\/image\/"}}]}},"jetpack_sharing_enabled":true,"_links":{"self":[{"href":"https:\/\/seopaying.com\/de\/wp-json\/wp\/v2\/pages\/40258","targetHints":{"allow":["GET"]}}],"collection":[{"href":"https:\/\/seopaying.com\/de\/wp-json\/wp\/v2\/pages"}],"about":[{"href":"https:\/\/seopaying.com\/de\/wp-json\/wp\/v2\/types\/page"}],"author":[{"embeddable":true,"href":"https:\/\/seopaying.com\/de\/wp-json\/wp\/v2\/users\/1"}],"replies":[{"embeddable":true,"href":"https:\/\/seopaying.com\/de\/wp-json\/wp\/v2\/comments?post=40258"}],"version-history":[{"count":0,"href":"https:\/\/seopaying.com\/de\/wp-json\/wp\/v2\/pages\/40258\/revisions"}],"wp:attachment":[{"href":"https:\/\/seopaying.com\/de\/wp-json\/wp\/v2\/media?parent=40258"}],"curies":[{"name":"wp","href":"https:\/\/api.w.org\/{rel}","templated":true}]}}