{"id":40208,"date":"2025-10-01T10:03:35","date_gmt":"2025-10-01T02:03:35","guid":{"rendered":"https:\/\/www.seopaying.com\/professionelle-unterstuetzung-fuer-online-reputation-management-review-platform\/"},"modified":"2025-10-01T10:06:06","modified_gmt":"2025-10-01T02:06:06","slug":"professionelle-unterstuetzung-fuer-online-reputation-management-review-platform","status":"publish","type":"page","link":"https:\/\/seopaying.com\/de\/professionelle-unterstuetzung-fuer-online-reputation-management-review-platform\/","title":{"rendered":"Professionelle Unterst\u00fctzung f\u00fcr Online Reputation Management &amp; Review Platform"},"content":{"rendered":"\t\t<div data-elementor-type=\"wp-page\" data-elementor-id=\"40208\" class=\"elementor elementor-40208 elementor-40195\" data-elementor-post-type=\"page\">\n\t\t\t\t<div class=\"elementor-element elementor-element-2272c627 e-flex e-con-boxed e-con e-parent\" data-id=\"2272c627\" data-element_type=\"container\" data-settings=\"{&quot;background_background&quot;:&quot;classic&quot;}\">\n\t\t\t\t\t<div class=\"e-con-inner\">\n\t\t\t\t<div class=\"elementor-element elementor-element-acfb222 elementor-widget elementor-widget-etheme_animated_headline\" data-id=\"acfb222\" data-element_type=\"widget\" data-settings=\"{&quot;shape&quot;:&quot;custom&quot;,&quot;text_style&quot;:&quot;highlight&quot;,&quot;duration&quot;:{&quot;unit&quot;:&quot;px&quot;,&quot;size&quot;:&quot;&quot;,&quot;sizes&quot;:[]},&quot;delay&quot;:{&quot;unit&quot;:&quot;px&quot;,&quot;size&quot;:&quot;&quot;,&quot;sizes&quot;:[]}}\" data-widget_type=\"etheme_animated_headline.default\">\n\t\t\t\t<div class=\"elementor-widget-container\">\n\t\t\t\t\t        \n        <div class=\"etheme-headline-wrapper\">\n            <h1 class=\"etheme-headline\" data-style=\"highlight\">\n\t\t                        <span class=\"etheme-headline-text-wrapper\">\n                \n\t\t        Professionelle Unterst\u00fctzung f\u00fcr Online Reputation Management &amp; Review Platform                \n                <\/span>\n                            <\/h1>\n        <\/div>\n        \n\t\t\t\t\t\t<\/div>\n\t\t\t\t<\/div>\n\t\t\t\t<div class=\"elementor-element elementor-element-5936258c elementor-widget elementor-widget-text-editor\" data-id=\"5936258c\" data-element_type=\"widget\" data-widget_type=\"text-editor.default\">\n\t\t\t\t\t\t\t\t\t\n<p>Willkommen bei unserem professionellen Online-Reputationsmanagement-Service. Wir haben es uns zur Aufgabe gemacht, eine konforme und transparente Kontoverwaltung und Unterst\u00fctzung f\u00fcr Unternehmen auf den wichtigsten Bewertungsplattformen (wie Trustpilot, SiteJabber usw.) zu bieten, wobei wir <g id=\"gid_0\">uns streng an die jeweiligen Nutzungsbedingungen und Richtlinien halten<\/g>. Unsere Aufgabe ist es, als autorisierte Erweiterung Ihres Unternehmens zu agieren und Ihnen dabei zu helfen, die Interaktionen mit Kunden effektiver und professioneller zu verwalten.  <\/p>\n\n<p><strong>Unsere Kerndienste<\/strong><br>Wir bieten die folgenden manuellen Verwaltungsdienste an, die alle auf den von Ihnen bereitgestellten authentischen Kundendaten und Ihrem legitimen Zugang zu den entsprechenden Plattformkonten basieren:<\/p>\n\n<ol class=\"wp-block-list\" start=\"1\">\n<li><strong>Kontoeinrichtung &amp; Optimierung:<\/strong> Wir helfen Ihnen dabei, das Profil Ihres Unternehmens auf Bewertungsplattformen zu vervollst\u00e4ndigen und zu verbessern, um sicherzustellen, dass es korrekt und professionell ist.<\/li>\n\n<li><strong>Einladungen zu Bewertungen ausl\u00f6sen:<\/strong> Nach Ihrer Genehmigung helfen wir Ihnen, die <strong>legitimen Kan\u00e4le der Plattformen<\/strong> zu nutzen (z.B. durch Hochladen einer Kundenliste, um offizielle Einladungs-E-Mails auszul\u00f6sen), um Ihre echten Kunden einzuladen, ihre Erfahrungen zu teilen. Wir fabrizieren oder schreiben auf keinen Fall gef\u00e4lschte Bewertungen. <\/li>\n\n<li><strong>Reaktion auf Bewertungen &amp; Management:<\/strong> Als Ihr bevollm\u00e4chtigter Vertreter reagieren wir in Ihrem Namen professionell und h\u00f6flich auf alle Bewertungen (positive, neutrale und negative) und demonstrieren damit Ihr Engagement f\u00fcr Kundenfeedback.<\/li>\n\n<li><strong>Konforme Berichterstattung \u00fcber Rezensionen:<\/strong> Wir unterst\u00fctzen Sie bei der \u00dcberwachung von Bewertungsinhalten. Wenn wir Bewertungen finden, die eindeutig gegen die Richtlinien der Plattformen versto\u00dfen (z.B. Hassreden, nachweislich falsche Informationen oder Spam, der nichts mit dem Unternehmen zu tun hat), melden wir diese nach Ihrer Best\u00e4tigung \u00fcber die offiziellen Kan\u00e4le der Plattformen. <\/li>\n\n<li><strong>Datenanalyse &amp; Berichterstattung:<\/strong> Wir stellen Ihnen regelm\u00e4\u00dfig Bewertungs- und Analyseberichte zur Verf\u00fcgung, damit Sie Trends in der Kundenzufriedenheit erkennen k\u00f6nnen.<\/li>\n<\/ol>\n\n<p><strong>Unsere Compliance-Verpflichtung<\/strong><br>Wir erkl\u00e4ren hiermit feierlich, dass unsere Dienste <strong>die folgenden Aktivit\u00e4ten, die von allen gro\u00dfen Plattformen verboten sind, strikt ausschlie\u00dfen<\/strong>:<\/p>\n\n<ul class=\"wp-block-list\">\n<li><strong>Wir f\u00e4lschen KEINE Bewertungen:<\/strong> Wir werden niemals gef\u00e4lschte Bewertungen f\u00fcr H\u00e4ndler schreiben oder kaufen.<\/li>\n\n<li><strong>Wir schaffen KEINE Anreize f\u00fcr positive Bewertungen:<\/strong> Wir bieten keine finanziellen Anreize, Rabatte oder andere Belohnungen im Austausch f\u00fcr positive Bewertungen.<\/li>\n\n<li><strong>Wir manipulieren NICHT die \u00f6ffentliche Meinung:<\/strong> Wir werden uns nicht an Aktivit\u00e4ten beteiligen, die darauf abzielen, die nat\u00fcrliche Ordnung von Bewertungen b\u00f6swillig zu st\u00f6ren, einschlie\u00dflich, aber nicht beschr\u00e4nkt auf das Einstellen von Bewertungen, Massenmeldungen zur Entfernung oder die k\u00fcnstliche Beeinflussung der Pr\u00e4sentation von Bewertungen.<\/li>\n<\/ul>\n\t\t\t\t\t\t\t\t<\/div>\n\t\t\t\t\t<\/div>\n\t\t\t\t<\/div>\n\t\t\t\t<\/div>\n\t\t","protected":false},"excerpt":{"rendered":"<p>Professionelle Unterst\u00fctzung f\u00fcr Online Reputation Management &amp; Review Platform Willkommen bei unserem professionellen Online-Reputationsmanagement-Service. Wir haben es uns zur Aufgabe gemacht, eine konforme und transparente&#8230;<\/p>\n","protected":false},"author":1,"featured_media":0,"parent":0,"menu_order":0,"comment_status":"closed","ping_status":"closed","template":"","meta":{"footnotes":""},"class_list":["post-40208","page","type-page","status-publish","hentry"],"yoast_head":"<!-- This site is optimized with the Yoast SEO plugin v27.1.1 - https:\/\/yoast.com\/product\/yoast-seo-wordpress\/ -->\n<title>Professionelle Unterst\u00fctzung f\u00fcr Online Reputation Management &amp; Review Platform - SEOPAYING<\/title>\n<meta name=\"robots\" content=\"index, follow, max-snippet:-1, max-image-preview:large, max-video-preview:-1\" \/>\n<link rel=\"canonical\" href=\"https:\/\/seopaying.com\/de\/professionelle-unterstuetzung-fuer-online-reputation-management-review-platform\/\" \/>\n<meta property=\"og:locale\" content=\"de_DE\" \/>\n<meta property=\"og:type\" content=\"article\" \/>\n<meta property=\"og:title\" content=\"Professionelle Unterst\u00fctzung f\u00fcr Online Reputation Management &amp; Review Platform - SEOPAYING\" \/>\n<meta property=\"og:description\" content=\"Professionelle Unterst\u00fctzung f\u00fcr Online Reputation Management &amp; Review Platform Willkommen bei unserem professionellen Online-Reputationsmanagement-Service. Wir haben es uns zur Aufgabe gemacht, eine konforme und transparente...\" \/>\n<meta property=\"og:url\" content=\"https:\/\/seopaying.com\/de\/professionelle-unterstuetzung-fuer-online-reputation-management-review-platform\/\" \/>\n<meta property=\"og:site_name\" content=\"SEOPAYING\" \/>\n<meta property=\"article:modified_time\" content=\"2025-10-01T02:06:06+00:00\" \/>\n<meta name=\"twitter:card\" content=\"summary_large_image\" \/>\n<meta name=\"twitter:label1\" content=\"Gesch\u00e4tzte Lesezeit\" \/>\n\t<meta name=\"twitter:data1\" content=\"2 Minuten\" \/>\n<script type=\"application\/ld+json\" class=\"yoast-schema-graph\">{\"@context\":\"https:\/\/schema.org\",\"@graph\":[{\"@type\":\"WebPage\",\"@id\":\"https:\/\/seopaying.com\/de\/professionelle-unterstuetzung-fuer-online-reputation-management-review-platform\/\",\"url\":\"https:\/\/seopaying.com\/de\/professionelle-unterstuetzung-fuer-online-reputation-management-review-platform\/\",\"name\":\"Professionelle Unterst\u00fctzung f\u00fcr Online Reputation Management &amp; Review Platform - SEOPAYING\",\"isPartOf\":{\"@id\":\"https:\/\/seopaying.com\/de\/#website\"},\"datePublished\":\"2025-10-01T02:03:35+00:00\",\"dateModified\":\"2025-10-01T02:06:06+00:00\",\"breadcrumb\":{\"@id\":\"https:\/\/seopaying.com\/de\/professionelle-unterstuetzung-fuer-online-reputation-management-review-platform\/#breadcrumb\"},\"inLanguage\":\"de\",\"potentialAction\":[{\"@type\":\"ReadAction\",\"target\":[\"https:\/\/seopaying.com\/de\/professionelle-unterstuetzung-fuer-online-reputation-management-review-platform\/\"]}]},{\"@type\":\"BreadcrumbList\",\"@id\":\"https:\/\/seopaying.com\/de\/professionelle-unterstuetzung-fuer-online-reputation-management-review-platform\/#breadcrumb\",\"itemListElement\":[{\"@type\":\"ListItem\",\"position\":1,\"name\":\"Startseite\",\"item\":\"https:\/\/seopaying.com\/de\/\"},{\"@type\":\"ListItem\",\"position\":2,\"name\":\"Professionelle Unterst\u00fctzung f\u00fcr Online Reputation Management &amp; Review Platform\"}]},{\"@type\":\"WebSite\",\"@id\":\"https:\/\/seopaying.com\/de\/#website\",\"url\":\"https:\/\/seopaying.com\/de\/\",\"name\":\"SEOPAYING\",\"description\":\"Kaufen Sie Bewertungen online und verbessern Sie den Online-Ruf Ihrer Website.\",\"publisher\":{\"@id\":\"https:\/\/seopaying.com\/de\/#organization\"},\"potentialAction\":[{\"@type\":\"SearchAction\",\"target\":{\"@type\":\"EntryPoint\",\"urlTemplate\":\"https:\/\/seopaying.com\/de\/?s={search_term_string}\"},\"query-input\":{\"@type\":\"PropertyValueSpecification\",\"valueRequired\":true,\"valueName\":\"search_term_string\"}}],\"inLanguage\":\"de\"},{\"@type\":\"Organization\",\"@id\":\"https:\/\/seopaying.com\/de\/#organization\",\"name\":\"SEOPAYING\",\"url\":\"https:\/\/seopaying.com\/de\/\",\"logo\":{\"@type\":\"ImageObject\",\"inLanguage\":\"de\",\"@id\":\"https:\/\/seopaying.com\/de\/#\/schema\/logo\/image\/\",\"url\":\"https:\/\/seopaying.com\/wp-content\/uploads\/2025\/09\/SEO-PAYING-Buy-Reviews-1.svg\",\"contentUrl\":\"https:\/\/seopaying.com\/wp-content\/uploads\/2025\/09\/SEO-PAYING-Buy-Reviews-1.svg\",\"width\":450,\"height\":179,\"caption\":\"SEOPAYING\"},\"image\":{\"@id\":\"https:\/\/seopaying.com\/de\/#\/schema\/logo\/image\/\"}}]}<\/script>\n<!-- \/ Yoast SEO plugin. -->","yoast_head_json":{"title":"Professionelle Unterst\u00fctzung f\u00fcr Online Reputation Management &amp; Review Platform - SEOPAYING","robots":{"index":"index","follow":"follow","max-snippet":"max-snippet:-1","max-image-preview":"max-image-preview:large","max-video-preview":"max-video-preview:-1"},"canonical":"https:\/\/seopaying.com\/de\/professionelle-unterstuetzung-fuer-online-reputation-management-review-platform\/","og_locale":"de_DE","og_type":"article","og_title":"Professionelle Unterst\u00fctzung f\u00fcr Online Reputation Management &amp; Review Platform - SEOPAYING","og_description":"Professionelle Unterst\u00fctzung f\u00fcr Online Reputation Management &amp; Review Platform Willkommen bei unserem professionellen Online-Reputationsmanagement-Service. Wir haben es uns zur Aufgabe gemacht, eine konforme und transparente...","og_url":"https:\/\/seopaying.com\/de\/professionelle-unterstuetzung-fuer-online-reputation-management-review-platform\/","og_site_name":"SEOPAYING","article_modified_time":"2025-10-01T02:06:06+00:00","twitter_card":"summary_large_image","twitter_misc":{"Gesch\u00e4tzte Lesezeit":"2 Minuten"},"schema":{"@context":"https:\/\/schema.org","@graph":[{"@type":"WebPage","@id":"https:\/\/seopaying.com\/de\/professionelle-unterstuetzung-fuer-online-reputation-management-review-platform\/","url":"https:\/\/seopaying.com\/de\/professionelle-unterstuetzung-fuer-online-reputation-management-review-platform\/","name":"Professionelle Unterst\u00fctzung f\u00fcr Online Reputation Management &amp; Review Platform - SEOPAYING","isPartOf":{"@id":"https:\/\/seopaying.com\/de\/#website"},"datePublished":"2025-10-01T02:03:35+00:00","dateModified":"2025-10-01T02:06:06+00:00","breadcrumb":{"@id":"https:\/\/seopaying.com\/de\/professionelle-unterstuetzung-fuer-online-reputation-management-review-platform\/#breadcrumb"},"inLanguage":"de","potentialAction":[{"@type":"ReadAction","target":["https:\/\/seopaying.com\/de\/professionelle-unterstuetzung-fuer-online-reputation-management-review-platform\/"]}]},{"@type":"BreadcrumbList","@id":"https:\/\/seopaying.com\/de\/professionelle-unterstuetzung-fuer-online-reputation-management-review-platform\/#breadcrumb","itemListElement":[{"@type":"ListItem","position":1,"name":"Startseite","item":"https:\/\/seopaying.com\/de\/"},{"@type":"ListItem","position":2,"name":"Professionelle Unterst\u00fctzung f\u00fcr Online Reputation Management &amp; Review Platform"}]},{"@type":"WebSite","@id":"https:\/\/seopaying.com\/de\/#website","url":"https:\/\/seopaying.com\/de\/","name":"SEOPAYING","description":"Kaufen Sie Bewertungen online und verbessern Sie den Online-Ruf Ihrer Website.","publisher":{"@id":"https:\/\/seopaying.com\/de\/#organization"},"potentialAction":[{"@type":"SearchAction","target":{"@type":"EntryPoint","urlTemplate":"https:\/\/seopaying.com\/de\/?s={search_term_string}"},"query-input":{"@type":"PropertyValueSpecification","valueRequired":true,"valueName":"search_term_string"}}],"inLanguage":"de"},{"@type":"Organization","@id":"https:\/\/seopaying.com\/de\/#organization","name":"SEOPAYING","url":"https:\/\/seopaying.com\/de\/","logo":{"@type":"ImageObject","inLanguage":"de","@id":"https:\/\/seopaying.com\/de\/#\/schema\/logo\/image\/","url":"https:\/\/seopaying.com\/wp-content\/uploads\/2025\/09\/SEO-PAYING-Buy-Reviews-1.svg","contentUrl":"https:\/\/seopaying.com\/wp-content\/uploads\/2025\/09\/SEO-PAYING-Buy-Reviews-1.svg","width":450,"height":179,"caption":"SEOPAYING"},"image":{"@id":"https:\/\/seopaying.com\/de\/#\/schema\/logo\/image\/"}}]}},"jetpack_sharing_enabled":true,"_links":{"self":[{"href":"https:\/\/seopaying.com\/de\/wp-json\/wp\/v2\/pages\/40208","targetHints":{"allow":["GET"]}}],"collection":[{"href":"https:\/\/seopaying.com\/de\/wp-json\/wp\/v2\/pages"}],"about":[{"href":"https:\/\/seopaying.com\/de\/wp-json\/wp\/v2\/types\/page"}],"author":[{"embeddable":true,"href":"https:\/\/seopaying.com\/de\/wp-json\/wp\/v2\/users\/1"}],"replies":[{"embeddable":true,"href":"https:\/\/seopaying.com\/de\/wp-json\/wp\/v2\/comments?post=40208"}],"version-history":[{"count":0,"href":"https:\/\/seopaying.com\/de\/wp-json\/wp\/v2\/pages\/40208\/revisions"}],"wp:attachment":[{"href":"https:\/\/seopaying.com\/de\/wp-json\/wp\/v2\/media?parent=40208"}],"curies":[{"name":"wp","href":"https:\/\/api.w.org\/{rel}","templated":true}]}}