{"id":40156,"date":"2025-10-01T09:53:43","date_gmt":"2025-10-01T01:53:43","guid":{"rendered":"https:\/\/www.seopaying.com\/erstattungspolitik\/"},"modified":"2025-10-01T10:10:48","modified_gmt":"2025-10-01T02:10:48","slug":"erstattungspolitik","status":"publish","type":"page","link":"https:\/\/seopaying.com\/de\/erstattungspolitik\/","title":{"rendered":"Erstattungspolitik"},"content":{"rendered":"\t\t<div data-elementor-type=\"wp-page\" data-elementor-id=\"40156\" class=\"elementor elementor-40156 elementor-40149\" data-elementor-post-type=\"page\">\n\t\t\t\t<div class=\"elementor-element elementor-element-892021d e-flex e-con-boxed e-con e-parent\" data-id=\"892021d\" data-element_type=\"container\" data-settings=\"{&quot;background_background&quot;:&quot;classic&quot;}\">\n\t\t\t\t\t<div class=\"e-con-inner\">\n\t\t\t\t<div class=\"elementor-element elementor-element-4a23d86f elementor-widget elementor-widget-etheme_animated_headline\" data-id=\"4a23d86f\" data-element_type=\"widget\" data-settings=\"{&quot;shape&quot;:&quot;double_underline&quot;,&quot;text_style&quot;:&quot;highlight&quot;,&quot;duration&quot;:{&quot;unit&quot;:&quot;px&quot;,&quot;size&quot;:&quot;&quot;,&quot;sizes&quot;:[]},&quot;delay&quot;:{&quot;unit&quot;:&quot;px&quot;,&quot;size&quot;:&quot;&quot;,&quot;sizes&quot;:[]}}\" data-widget_type=\"etheme_animated_headline.default\">\n\t\t\t\t<div class=\"elementor-widget-container\">\n\t\t\t\t\t        \n        <div class=\"etheme-headline-wrapper\">\n            <h1 class=\"etheme-headline\" data-style=\"highlight\">\n\t\t                        <span class=\"etheme-headline-text-wrapper\">\n                \n\t\t        Erstattungspolitik<svg xmlns=\"http:\/\/www.w3.org\/2000\/svg\" viewBox=\"0 0 500 150\" preserveAspectRatio=\"none\"><path d=\"M5 130.476C199.783 121.045 295.145 109.078 495 127.639M50.6522 146.306C165.797 137.383 343.333 128.045 457.464 142.755\"><\/path><\/svg>                \n                <\/span>\n                            <\/h1>\n        <\/div>\n        \n\t\t\t\t\t\t<\/div>\n\t\t\t\t<\/div>\n\t\t\t\t<div class=\"elementor-element elementor-element-ab0fed4 elementor-widget elementor-widget-text-editor\" data-id=\"ab0fed4\" data-element_type=\"widget\" data-widget_type=\"text-editor.default\">\n\t\t\t\t\t\t\t\t\t\n<p class=\"ds-markdown-paragraph\">Wir bei SEOPAYING sind bestrebt, zuverl\u00e4ssige und qualitativ hochwertige Dienstleistungen anzubieten. Diese R\u00fcckerstattungsrichtlinie beschreibt die Umst\u00e4nde, unter denen R\u00fcckerstattungen gew\u00e4hrt werden k\u00f6nnen. Bitte lesen Sie sie sorgf\u00e4ltig durch, bevor Sie eine Bestellung aufgeben.  <\/p>\n<h4><strong>1. Berechtigung zur Erstattung<\/strong><\/h4>\n<p class=\"ds-markdown-paragraph\">Ein Erstattungsantrag kann <strong>nur dann<\/strong> in Betracht gezogen werden <strong>, wenn der Service noch nicht vollst\u00e4ndig erbracht wurde<\/strong>. Unsere Politik ist darauf ausgerichtet, sowohl unseren Kunden als auch unseren Betriebskosten gegen\u00fcber fair zu sein. <\/p>\n<ul>\n<li>\n<p class=\"ds-markdown-paragraph\"><strong>Vor Beginn der Dienstleistung:<\/strong> Wenn Sie eine Stornierung beantragen <strong>, bevor<\/strong> unser Team mit der Bearbeitung Ihres Auftrags begonnen hat, haben Sie Anspruch auf eine vollst\u00e4ndige R\u00fcckerstattung.<\/p>\n<\/li>\n<li>\n<p class=\"ds-markdown-paragraph\"><strong>W\u00e4hrend der Leistungserbringung:<\/strong> Wenn Sie eine Stornierung beantragen <strong>, nachdem<\/strong> der Service begonnen hat, aber bevor die vereinbarte Anzahl von Bewertungen geliefert wurde, kann eine <strong>Teilerstattung<\/strong> erfolgen. Der Erstattungsbetrag wird wie folgt berechnet: Gesamtauftragswert abz\u00fcglich der Kosten f\u00fcr die bereits gelieferten Rezensionen und einer Bearbeitungsgeb\u00fchr. <\/p>\n<\/li>\n<\/ul>\n<h4><strong>2. Nicht erstattungsf\u00e4hige Sachverhalte<\/strong><\/h4>\n<p class=\"ds-markdown-paragraph\">Bitte beachten Sie, dass in den folgenden F\u00e4llen <strong>keine<\/strong> Erstattungen gew\u00e4hrt werden:<\/p>\n<ul>\n<li>\n<p class=\"ds-markdown-paragraph\"><strong>Abgeschlossene Auftr\u00e4ge:<\/strong> Sobald der Service vollst\u00e4ndig abgeschlossen ist und die abschlie\u00dfende \u00dcberpr\u00fcfung stattgefunden hat, gilt der Auftrag als endg\u00fcltig und es wird keine Erstattung gew\u00e4hrt.<\/p>\n<\/li>\n<li>\n<p class=\"ds-markdown-paragraph\"><strong>Entfernung von Bewertungen durch Plattformen:<\/strong> Wir garantieren die Qualit\u00e4t und Lieferung unseres Services. <strong>Wir haben<\/strong> jedoch <strong>keinen Einfluss auf die Richtlinien von Plattformen Dritter<\/strong> (wie Google, Yelp, Trustpilot usw.). Wenn eine Plattform die Bewertungen entfernt oder filtert, nachdem wir sie geliefert haben, stellt dies kein Versagen unseres Dienstes dar, und eine R\u00fcckerstattung erfolgt nicht. Unsere Arbeit ist mit erheblichem manuellem Aufwand und Ressourcen verbunden, die bei der Lieferung verbraucht werden.   <\/p>\n<\/li>\n<\/ul>\n<h4><strong>3. Erstattungsprozess<\/strong><\/h4>\n<ul>\n<li>\n<p class=\"ds-markdown-paragraph\"><strong>Methode:<\/strong> R\u00fcckerstattungen werden, wenn sie genehmigt werden, auf die urspr\u00fcnglich f\u00fcr die Transaktion verwendete Zahlungsmethode zur\u00fcckerstattet.<\/p>\n<\/li>\n<li>\n<p class=\"ds-markdown-paragraph\"><strong>Bearbeitungsgeb\u00fchr:<\/strong> Bitte beachten Sie, dass f\u00fcr alle genehmigten R\u00fcckerstattungen eine Verwaltungs- und Bearbeitungsgeb\u00fchr erhoben wird, um die Transaktionskosten zu decken, die bei unseren Zahlungsgateways anfallen.<\/p>\n<\/li>\n<li>\n<p class=\"ds-markdown-paragraph\"><strong>Zeitplan:<\/strong> Bitte rechnen Sie mit 5-10 Werktagen, bis die R\u00fcckerstattung nach der Genehmigung auf Ihrem Konto verbucht wird.<\/p>\n<\/li>\n<\/ul>\n<h4><strong>Wie Sie eine R\u00fcckerstattung beantragen<\/strong><\/h4>\n<p class=\"ds-markdown-paragraph\">Um eine R\u00fcckerstattung zu beantragen, wenden Sie sich bitte an unser Support-Team unter <a href=\"mailto:contact@seopaying.com\">\n  <span style=\"text-decoration: underline;\">\n    <strong>contact@seopaying.com<\/strong>\n  <\/span>\n<\/a> unter Angabe Ihrer Bestellnummer und des Grundes f\u00fcr Ihre Anfrage. Unser Team wird Ihren Fall anhand der oben genannten Kriterien pr\u00fcfen und Ihnen umgehend antworten. <\/p>\n<p class=\"ds-markdown-paragraph\"><strong>Kontaktieren Sie uns:<\/strong><br>Wenn Sie Fragen zu dieser R\u00fcckerstattungsrichtlinie haben, kontaktieren Sie bitte <strong>\n  <a href=\"https:\/\/www.seopaying.com\/de\/kontaktieren-sie-uns\/\">\n    <span style=\"text-decoration: underline;\">kontaktieren Sie uns<\/span>\n  <\/a>\n<\/strong> unter.<\/p>\n\t\t\t\t\t\t\t\t<\/div>\n\t\t\t\t\t<\/div>\n\t\t\t\t<\/div>\n\t\t\t\t<\/div>\n\t\t","protected":false},"excerpt":{"rendered":"<p>Erstattungspolitik Wir bei SEOPAYING sind bestrebt, zuverl\u00e4ssige und qualitativ hochwertige Dienstleistungen anzubieten. Diese R\u00fcckerstattungsrichtlinie beschreibt die Umst\u00e4nde, unter denen R\u00fcckerstattungen gew\u00e4hrt werden k\u00f6nnen. Bitte lesen&#8230;<\/p>\n","protected":false},"author":1,"featured_media":0,"parent":0,"menu_order":0,"comment_status":"closed","ping_status":"closed","template":"","meta":{"footnotes":""},"class_list":["post-40156","page","type-page","status-publish","hentry"],"yoast_head":"<!-- This site is optimized with the Yoast SEO plugin v27.1.1 - https:\/\/yoast.com\/product\/yoast-seo-wordpress\/ -->\n<title>Erstattungspolitik - SEOPAYING<\/title>\n<meta name=\"robots\" content=\"index, follow, max-snippet:-1, max-image-preview:large, max-video-preview:-1\" \/>\n<link rel=\"canonical\" href=\"https:\/\/seopaying.com\/de\/erstattungspolitik\/\" \/>\n<meta property=\"og:locale\" content=\"de_DE\" \/>\n<meta property=\"og:type\" content=\"article\" \/>\n<meta property=\"og:title\" content=\"Erstattungspolitik - SEOPAYING\" \/>\n<meta property=\"og:description\" content=\"Erstattungspolitik Wir bei SEOPAYING sind bestrebt, zuverl\u00e4ssige und qualitativ hochwertige Dienstleistungen anzubieten. Diese R\u00fcckerstattungsrichtlinie beschreibt die Umst\u00e4nde, unter denen R\u00fcckerstattungen gew\u00e4hrt werden k\u00f6nnen. Bitte lesen...\" \/>\n<meta property=\"og:url\" content=\"https:\/\/seopaying.com\/de\/erstattungspolitik\/\" \/>\n<meta property=\"og:site_name\" content=\"SEOPAYING\" \/>\n<meta property=\"article:modified_time\" content=\"2025-10-01T02:10:48+00:00\" \/>\n<meta name=\"twitter:card\" content=\"summary_large_image\" \/>\n<meta name=\"twitter:label1\" content=\"Gesch\u00e4tzte Lesezeit\" \/>\n\t<meta name=\"twitter:data1\" content=\"2 Minuten\" \/>\n<script type=\"application\/ld+json\" class=\"yoast-schema-graph\">{\"@context\":\"https:\/\/schema.org\",\"@graph\":[{\"@type\":\"WebPage\",\"@id\":\"https:\/\/seopaying.com\/de\/erstattungspolitik\/\",\"url\":\"https:\/\/seopaying.com\/de\/erstattungspolitik\/\",\"name\":\"Erstattungspolitik - SEOPAYING\",\"isPartOf\":{\"@id\":\"https:\/\/seopaying.com\/de\/#website\"},\"datePublished\":\"2025-10-01T01:53:43+00:00\",\"dateModified\":\"2025-10-01T02:10:48+00:00\",\"breadcrumb\":{\"@id\":\"https:\/\/seopaying.com\/de\/erstattungspolitik\/#breadcrumb\"},\"inLanguage\":\"de\",\"potentialAction\":[{\"@type\":\"ReadAction\",\"target\":[\"https:\/\/seopaying.com\/de\/erstattungspolitik\/\"]}]},{\"@type\":\"BreadcrumbList\",\"@id\":\"https:\/\/seopaying.com\/de\/erstattungspolitik\/#breadcrumb\",\"itemListElement\":[{\"@type\":\"ListItem\",\"position\":1,\"name\":\"Startseite\",\"item\":\"https:\/\/seopaying.com\/de\/\"},{\"@type\":\"ListItem\",\"position\":2,\"name\":\"Erstattungspolitik\"}]},{\"@type\":\"WebSite\",\"@id\":\"https:\/\/seopaying.com\/de\/#website\",\"url\":\"https:\/\/seopaying.com\/de\/\",\"name\":\"SEOPAYING\",\"description\":\"Kaufen Sie Bewertungen online und verbessern Sie den Online-Ruf Ihrer Website.\",\"publisher\":{\"@id\":\"https:\/\/seopaying.com\/de\/#organization\"},\"potentialAction\":[{\"@type\":\"SearchAction\",\"target\":{\"@type\":\"EntryPoint\",\"urlTemplate\":\"https:\/\/seopaying.com\/de\/?s={search_term_string}\"},\"query-input\":{\"@type\":\"PropertyValueSpecification\",\"valueRequired\":true,\"valueName\":\"search_term_string\"}}],\"inLanguage\":\"de\"},{\"@type\":\"Organization\",\"@id\":\"https:\/\/seopaying.com\/de\/#organization\",\"name\":\"SEOPAYING\",\"url\":\"https:\/\/seopaying.com\/de\/\",\"logo\":{\"@type\":\"ImageObject\",\"inLanguage\":\"de\",\"@id\":\"https:\/\/seopaying.com\/de\/#\/schema\/logo\/image\/\",\"url\":\"https:\/\/seopaying.com\/wp-content\/uploads\/2025\/09\/SEO-PAYING-Buy-Reviews-1.svg\",\"contentUrl\":\"https:\/\/seopaying.com\/wp-content\/uploads\/2025\/09\/SEO-PAYING-Buy-Reviews-1.svg\",\"width\":450,\"height\":179,\"caption\":\"SEOPAYING\"},\"image\":{\"@id\":\"https:\/\/seopaying.com\/de\/#\/schema\/logo\/image\/\"}}]}<\/script>\n<!-- \/ Yoast SEO plugin. -->","yoast_head_json":{"title":"Erstattungspolitik - SEOPAYING","robots":{"index":"index","follow":"follow","max-snippet":"max-snippet:-1","max-image-preview":"max-image-preview:large","max-video-preview":"max-video-preview:-1"},"canonical":"https:\/\/seopaying.com\/de\/erstattungspolitik\/","og_locale":"de_DE","og_type":"article","og_title":"Erstattungspolitik - SEOPAYING","og_description":"Erstattungspolitik Wir bei SEOPAYING sind bestrebt, zuverl\u00e4ssige und qualitativ hochwertige Dienstleistungen anzubieten. Diese R\u00fcckerstattungsrichtlinie beschreibt die Umst\u00e4nde, unter denen R\u00fcckerstattungen gew\u00e4hrt werden k\u00f6nnen. Bitte lesen...","og_url":"https:\/\/seopaying.com\/de\/erstattungspolitik\/","og_site_name":"SEOPAYING","article_modified_time":"2025-10-01T02:10:48+00:00","twitter_card":"summary_large_image","twitter_misc":{"Gesch\u00e4tzte Lesezeit":"2 Minuten"},"schema":{"@context":"https:\/\/schema.org","@graph":[{"@type":"WebPage","@id":"https:\/\/seopaying.com\/de\/erstattungspolitik\/","url":"https:\/\/seopaying.com\/de\/erstattungspolitik\/","name":"Erstattungspolitik - SEOPAYING","isPartOf":{"@id":"https:\/\/seopaying.com\/de\/#website"},"datePublished":"2025-10-01T01:53:43+00:00","dateModified":"2025-10-01T02:10:48+00:00","breadcrumb":{"@id":"https:\/\/seopaying.com\/de\/erstattungspolitik\/#breadcrumb"},"inLanguage":"de","potentialAction":[{"@type":"ReadAction","target":["https:\/\/seopaying.com\/de\/erstattungspolitik\/"]}]},{"@type":"BreadcrumbList","@id":"https:\/\/seopaying.com\/de\/erstattungspolitik\/#breadcrumb","itemListElement":[{"@type":"ListItem","position":1,"name":"Startseite","item":"https:\/\/seopaying.com\/de\/"},{"@type":"ListItem","position":2,"name":"Erstattungspolitik"}]},{"@type":"WebSite","@id":"https:\/\/seopaying.com\/de\/#website","url":"https:\/\/seopaying.com\/de\/","name":"SEOPAYING","description":"Kaufen Sie Bewertungen online und verbessern Sie den Online-Ruf Ihrer Website.","publisher":{"@id":"https:\/\/seopaying.com\/de\/#organization"},"potentialAction":[{"@type":"SearchAction","target":{"@type":"EntryPoint","urlTemplate":"https:\/\/seopaying.com\/de\/?s={search_term_string}"},"query-input":{"@type":"PropertyValueSpecification","valueRequired":true,"valueName":"search_term_string"}}],"inLanguage":"de"},{"@type":"Organization","@id":"https:\/\/seopaying.com\/de\/#organization","name":"SEOPAYING","url":"https:\/\/seopaying.com\/de\/","logo":{"@type":"ImageObject","inLanguage":"de","@id":"https:\/\/seopaying.com\/de\/#\/schema\/logo\/image\/","url":"https:\/\/seopaying.com\/wp-content\/uploads\/2025\/09\/SEO-PAYING-Buy-Reviews-1.svg","contentUrl":"https:\/\/seopaying.com\/wp-content\/uploads\/2025\/09\/SEO-PAYING-Buy-Reviews-1.svg","width":450,"height":179,"caption":"SEOPAYING"},"image":{"@id":"https:\/\/seopaying.com\/de\/#\/schema\/logo\/image\/"}}]}},"jetpack_sharing_enabled":true,"_links":{"self":[{"href":"https:\/\/seopaying.com\/de\/wp-json\/wp\/v2\/pages\/40156","targetHints":{"allow":["GET"]}}],"collection":[{"href":"https:\/\/seopaying.com\/de\/wp-json\/wp\/v2\/pages"}],"about":[{"href":"https:\/\/seopaying.com\/de\/wp-json\/wp\/v2\/types\/page"}],"author":[{"embeddable":true,"href":"https:\/\/seopaying.com\/de\/wp-json\/wp\/v2\/users\/1"}],"replies":[{"embeddable":true,"href":"https:\/\/seopaying.com\/de\/wp-json\/wp\/v2\/comments?post=40156"}],"version-history":[{"count":0,"href":"https:\/\/seopaying.com\/de\/wp-json\/wp\/v2\/pages\/40156\/revisions"}],"wp:attachment":[{"href":"https:\/\/seopaying.com\/de\/wp-json\/wp\/v2\/media?parent=40156"}],"curies":[{"name":"wp","href":"https:\/\/api.w.org\/{rel}","templated":true}]}}