{"id":32695,"date":"2021-08-26T16:22:24","date_gmt":"2021-08-26T16:22:24","guid":{"rendered":"https:\/\/www.seopaying.com\/service\/trust-pilot-reputation-management-pakke\/"},"modified":"2026-02-25T01:05:44","modified_gmt":"2026-02-24T17:05:44","slug":"trust-pilot-reputation-management-pakke","status":"publish","type":"product","link":"https:\/\/seopaying.com\/da\/service\/trust-pilot-reputation-management-pakke\/","title":{"rendered":"K\u00f8b Trustpilot-anmeldelser &#8211; verificeret og standard"},"content":{"rendered":"\t\t<div data-elementor-type=\"wp-post\" data-elementor-id=\"32695\" class=\"elementor elementor-32695 elementor-312\" data-elementor-post-type=\"product\">\n\t\t\t\t<div class=\"elementor-element elementor-element-fec19de e-flex e-con-boxed e-con e-parent\" data-id=\"fec19de\" data-element_type=\"container\">\n\t\t\t\t\t<div class=\"e-con-inner\">\n\t\t<div class=\"elementor-element elementor-element-2cdeafe e-con-full e-flex e-con e-child\" data-id=\"2cdeafe\" data-element_type=\"container\">\n\t\t\t\t<\/div>\n\t\t<div class=\"elementor-element elementor-element-ffc6025 e-con-full e-flex e-con e-child\" data-id=\"ffc6025\" data-element_type=\"container\">\n\t\t\t\t<\/div>\n\t\t<div class=\"elementor-element elementor-element-97f4f88 e-con-full e-flex e-con e-child\" data-id=\"97f4f88\" data-element_type=\"container\">\n\t\t\t\t<\/div>\n\t\t\t\t\t<\/div>\n\t\t\t\t<\/div>\n\t\t\t\t<\/div>\n\t\t","protected":false},"excerpt":{"rendered":"<p>Cubilia vestibulum interdum nisl a parturient a auctor vestibulum taciti vel bibendum tempor adipiscing suspendisse posuere libero penatibus lorem at interdum tristique iaculis redosan condimentum&#8230;<\/p>\n","protected":false},"featured_media":32699,"comment_status":"open","ping_status":"closed","template":"","meta":[],"etheme_brands":[],"product_brand":[],"product_cat":[289],"product_tag":[292],"class_list":{"0":"post-32695","1":"product","2":"type-product","3":"status-publish","4":"has-post-thumbnail","6":"product_cat-faa-flere-anmeldelser","7":"product_tag-trust-pilot-rygestyring-support","8":"tm-has-options","10":"first","11":"instock","12":"virtual","13":"purchasable","14":"product-type-simple"},"yoast_head":"<!-- This site is optimized with the Yoast SEO plugin v27.1.1 - https:\/\/yoast.com\/product\/yoast-seo-wordpress\/ -->\n<title>k\u00f8b trustpilot anmeldelser | Bekr\u00e6ftet og standard 5-stjernet<\/title>\n<meta name=\"description\" content=\"Vil du vide, hvordan du k\u00f8ber Trustpilot-anmeldelser? Vores etiske service garanterer et boost af autentisk 5-stjernet feedback for at opbygge tillid og f\u00e5 din virksomhed til at vokse p\u00e5 en sikker m\u00e5de.\" \/>\n<meta name=\"robots\" content=\"index, follow, max-snippet:-1, max-image-preview:large, max-video-preview:-1\" \/>\n<link rel=\"canonical\" href=\"https:\/\/seopaying.com\/da\/service\/trust-pilot-reputation-management-pakke\/\" \/>\n<meta property=\"og:locale\" content=\"da_DK\" \/>\n<meta property=\"og:type\" content=\"article\" \/>\n<meta property=\"og:title\" content=\"k\u00f8b trustpilot anmeldelser | Bekr\u00e6ftet og standard 5-stjernet\" \/>\n<meta property=\"og:description\" content=\"Vil du vide, hvordan du k\u00f8ber Trustpilot-anmeldelser? Vores etiske service garanterer et boost af autentisk 5-stjernet feedback for at opbygge tillid og f\u00e5 din virksomhed til at vokse p\u00e5 en sikker m\u00e5de.\" \/>\n<meta property=\"og:url\" content=\"https:\/\/seopaying.com\/da\/service\/trust-pilot-reputation-management-pakke\/\" \/>\n<meta property=\"og:site_name\" content=\"SEOPAYING\" \/>\n<meta property=\"article:modified_time\" content=\"2026-02-24T17:05:44+00:00\" \/>\n<meta property=\"og:image\" content=\"https:\/\/seopaying.com\/wp-content\/uploads\/2021\/08\/buy-trust-pilot-reviews.webp\" \/>\n\t<meta property=\"og:image:width\" content=\"1800\" \/>\n\t<meta property=\"og:image:height\" content=\"1200\" \/>\n\t<meta property=\"og:image:type\" content=\"image\/webp\" \/>\n<meta name=\"twitter:card\" content=\"summary_large_image\" \/>\n<meta name=\"twitter:label1\" content=\"Estimeret l\u00e6setid\" \/>\n\t<meta name=\"twitter:data1\" content=\"1 minut\" \/>\n<script type=\"application\/ld+json\" class=\"yoast-schema-graph\">{\"@context\":\"https:\/\/schema.org\",\"@graph\":[{\"@type\":\"WebPage\",\"@id\":\"https:\/\/seopaying.com\/da\/service\/trust-pilot-reputation-management-pakke\/\",\"url\":\"https:\/\/seopaying.com\/da\/service\/trust-pilot-reputation-management-pakke\/\",\"name\":\"k\u00f8b trustpilot anmeldelser | Bekr\u00e6ftet og standard 5-stjernet\",\"isPartOf\":{\"@id\":\"https:\/\/seopaying.com\/da\/#website\"},\"primaryImageOfPage\":{\"@id\":\"https:\/\/seopaying.com\/da\/service\/trust-pilot-reputation-management-pakke\/#primaryimage\"},\"image\":{\"@id\":\"https:\/\/seopaying.com\/da\/service\/trust-pilot-reputation-management-pakke\/#primaryimage\"},\"thumbnailUrl\":\"https:\/\/seopaying.com\/wp-content\/uploads\/2021\/08\/buy-trust-pilot-reviews.webp\",\"datePublished\":\"2021-08-26T16:22:24+00:00\",\"dateModified\":\"2026-02-24T17:05:44+00:00\",\"description\":\"Vil du vide, hvordan du k\u00f8ber Trustpilot-anmeldelser? Vores etiske service garanterer et boost af autentisk 5-stjernet feedback for at opbygge tillid og f\u00e5 din virksomhed til at vokse p\u00e5 en sikker m\u00e5de.\",\"breadcrumb\":{\"@id\":\"https:\/\/seopaying.com\/da\/service\/trust-pilot-reputation-management-pakke\/#breadcrumb\"},\"inLanguage\":\"da-DK\",\"potentialAction\":[{\"@type\":\"ReadAction\",\"target\":[\"https:\/\/seopaying.com\/da\/service\/trust-pilot-reputation-management-pakke\/\"]}]},{\"@type\":\"ImageObject\",\"inLanguage\":\"da-DK\",\"@id\":\"https:\/\/seopaying.com\/da\/service\/trust-pilot-reputation-management-pakke\/#primaryimage\",\"url\":\"https:\/\/seopaying.com\/wp-content\/uploads\/2021\/08\/buy-trust-pilot-reviews.webp\",\"contentUrl\":\"https:\/\/seopaying.com\/wp-content\/uploads\/2021\/08\/buy-trust-pilot-reviews.webp\",\"width\":1800,\"height\":1200,\"caption\":\"k\u00f8b-tillid-pilot-anmeldelser\"},{\"@type\":\"BreadcrumbList\",\"@id\":\"https:\/\/seopaying.com\/da\/service\/trust-pilot-reputation-management-pakke\/#breadcrumb\",\"itemListElement\":[{\"@type\":\"ListItem\",\"position\":1,\"name\":\"Hjem\",\"item\":\"https:\/\/seopaying.com\/da\/\"},{\"@type\":\"ListItem\",\"position\":2,\"name\":\"Shop\",\"item\":\"https:\/\/seopaying.com\/shop\/\"},{\"@type\":\"ListItem\",\"position\":3,\"name\":\"K\u00f8b Trustpilot-anmeldelser &#8211; verificeret og standard\"}]},{\"@type\":\"WebSite\",\"@id\":\"https:\/\/seopaying.com\/da\/#website\",\"url\":\"https:\/\/seopaying.com\/da\/\",\"name\":\"SEOPAYING\",\"description\":\"K\u00f8b anmeldelser online, og forbedr dit websites online-omd\u00f8mme\",\"publisher\":{\"@id\":\"https:\/\/seopaying.com\/da\/#organization\"},\"potentialAction\":[{\"@type\":\"SearchAction\",\"target\":{\"@type\":\"EntryPoint\",\"urlTemplate\":\"https:\/\/seopaying.com\/da\/?s={search_term_string}\"},\"query-input\":{\"@type\":\"PropertyValueSpecification\",\"valueRequired\":true,\"valueName\":\"search_term_string\"}}],\"inLanguage\":\"da-DK\"},{\"@type\":\"Organization\",\"@id\":\"https:\/\/seopaying.com\/da\/#organization\",\"name\":\"SEOPAYING\",\"url\":\"https:\/\/seopaying.com\/da\/\",\"logo\":{\"@type\":\"ImageObject\",\"inLanguage\":\"da-DK\",\"@id\":\"https:\/\/seopaying.com\/da\/#\/schema\/logo\/image\/\",\"url\":\"https:\/\/seopaying.com\/wp-content\/uploads\/2025\/09\/SEO-PAYING-Buy-Reviews-1.svg\",\"contentUrl\":\"https:\/\/seopaying.com\/wp-content\/uploads\/2025\/09\/SEO-PAYING-Buy-Reviews-1.svg\",\"width\":450,\"height\":179,\"caption\":\"SEOPAYING\"},\"image\":{\"@id\":\"https:\/\/seopaying.com\/da\/#\/schema\/logo\/image\/\"}}]}<\/script>\n<!-- \/ Yoast SEO plugin. -->","yoast_head_json":{"title":"k\u00f8b trustpilot anmeldelser | Bekr\u00e6ftet og standard 5-stjernet","description":"Vil du vide, hvordan du k\u00f8ber Trustpilot-anmeldelser? Vores etiske service garanterer et boost af autentisk 5-stjernet feedback for at opbygge tillid og f\u00e5 din virksomhed til at vokse p\u00e5 en sikker m\u00e5de.","robots":{"index":"index","follow":"follow","max-snippet":"max-snippet:-1","max-image-preview":"max-image-preview:large","max-video-preview":"max-video-preview:-1"},"canonical":"https:\/\/seopaying.com\/da\/service\/trust-pilot-reputation-management-pakke\/","og_locale":"da_DK","og_type":"article","og_title":"k\u00f8b trustpilot anmeldelser | Bekr\u00e6ftet og standard 5-stjernet","og_description":"Vil du vide, hvordan du k\u00f8ber Trustpilot-anmeldelser? Vores etiske service garanterer et boost af autentisk 5-stjernet feedback for at opbygge tillid og f\u00e5 din virksomhed til at vokse p\u00e5 en sikker m\u00e5de.","og_url":"https:\/\/seopaying.com\/da\/service\/trust-pilot-reputation-management-pakke\/","og_site_name":"SEOPAYING","article_modified_time":"2026-02-24T17:05:44+00:00","og_image":[{"width":1800,"height":1200,"url":"https:\/\/seopaying.com\/wp-content\/uploads\/2021\/08\/buy-trust-pilot-reviews.webp","type":"image\/webp"}],"twitter_card":"summary_large_image","twitter_misc":{"Estimeret l\u00e6setid":"1 minut"},"schema":{"@context":"https:\/\/schema.org","@graph":[{"@type":"WebPage","@id":"https:\/\/seopaying.com\/da\/service\/trust-pilot-reputation-management-pakke\/","url":"https:\/\/seopaying.com\/da\/service\/trust-pilot-reputation-management-pakke\/","name":"k\u00f8b trustpilot anmeldelser | Bekr\u00e6ftet og standard 5-stjernet","isPartOf":{"@id":"https:\/\/seopaying.com\/da\/#website"},"primaryImageOfPage":{"@id":"https:\/\/seopaying.com\/da\/service\/trust-pilot-reputation-management-pakke\/#primaryimage"},"image":{"@id":"https:\/\/seopaying.com\/da\/service\/trust-pilot-reputation-management-pakke\/#primaryimage"},"thumbnailUrl":"https:\/\/seopaying.com\/wp-content\/uploads\/2021\/08\/buy-trust-pilot-reviews.webp","datePublished":"2021-08-26T16:22:24+00:00","dateModified":"2026-02-24T17:05:44+00:00","description":"Vil du vide, hvordan du k\u00f8ber Trustpilot-anmeldelser? Vores etiske service garanterer et boost af autentisk 5-stjernet feedback for at opbygge tillid og f\u00e5 din virksomhed til at vokse p\u00e5 en sikker m\u00e5de.","breadcrumb":{"@id":"https:\/\/seopaying.com\/da\/service\/trust-pilot-reputation-management-pakke\/#breadcrumb"},"inLanguage":"da-DK","potentialAction":[{"@type":"ReadAction","target":["https:\/\/seopaying.com\/da\/service\/trust-pilot-reputation-management-pakke\/"]}]},{"@type":"ImageObject","inLanguage":"da-DK","@id":"https:\/\/seopaying.com\/da\/service\/trust-pilot-reputation-management-pakke\/#primaryimage","url":"https:\/\/seopaying.com\/wp-content\/uploads\/2021\/08\/buy-trust-pilot-reviews.webp","contentUrl":"https:\/\/seopaying.com\/wp-content\/uploads\/2021\/08\/buy-trust-pilot-reviews.webp","width":1800,"height":1200,"caption":"k\u00f8b-tillid-pilot-anmeldelser"},{"@type":"BreadcrumbList","@id":"https:\/\/seopaying.com\/da\/service\/trust-pilot-reputation-management-pakke\/#breadcrumb","itemListElement":[{"@type":"ListItem","position":1,"name":"Hjem","item":"https:\/\/seopaying.com\/da\/"},{"@type":"ListItem","position":2,"name":"Shop","item":"https:\/\/seopaying.com\/shop\/"},{"@type":"ListItem","position":3,"name":"K\u00f8b Trustpilot-anmeldelser &#8211; verificeret og standard"}]},{"@type":"WebSite","@id":"https:\/\/seopaying.com\/da\/#website","url":"https:\/\/seopaying.com\/da\/","name":"SEOPAYING","description":"K\u00f8b anmeldelser online, og forbedr dit websites online-omd\u00f8mme","publisher":{"@id":"https:\/\/seopaying.com\/da\/#organization"},"potentialAction":[{"@type":"SearchAction","target":{"@type":"EntryPoint","urlTemplate":"https:\/\/seopaying.com\/da\/?s={search_term_string}"},"query-input":{"@type":"PropertyValueSpecification","valueRequired":true,"valueName":"search_term_string"}}],"inLanguage":"da-DK"},{"@type":"Organization","@id":"https:\/\/seopaying.com\/da\/#organization","name":"SEOPAYING","url":"https:\/\/seopaying.com\/da\/","logo":{"@type":"ImageObject","inLanguage":"da-DK","@id":"https:\/\/seopaying.com\/da\/#\/schema\/logo\/image\/","url":"https:\/\/seopaying.com\/wp-content\/uploads\/2025\/09\/SEO-PAYING-Buy-Reviews-1.svg","contentUrl":"https:\/\/seopaying.com\/wp-content\/uploads\/2025\/09\/SEO-PAYING-Buy-Reviews-1.svg","width":450,"height":179,"caption":"SEOPAYING"},"image":{"@id":"https:\/\/seopaying.com\/da\/#\/schema\/logo\/image\/"}}]}},"jetpack_sharing_enabled":true,"_links":{"self":[{"href":"https:\/\/seopaying.com\/da\/wp-json\/wp\/v2\/product\/32695","targetHints":{"allow":["GET"]}}],"collection":[{"href":"https:\/\/seopaying.com\/da\/wp-json\/wp\/v2\/product"}],"about":[{"href":"https:\/\/seopaying.com\/da\/wp-json\/wp\/v2\/types\/product"}],"replies":[{"embeddable":true,"href":"https:\/\/seopaying.com\/da\/wp-json\/wp\/v2\/comments?post=32695"}],"version-history":[{"count":0,"href":"https:\/\/seopaying.com\/da\/wp-json\/wp\/v2\/product\/32695\/revisions"}],"wp:featuredmedia":[{"embeddable":true,"href":"https:\/\/seopaying.com\/da\/wp-json\/wp\/v2\/media\/32699"}],"wp:attachment":[{"href":"https:\/\/seopaying.com\/da\/wp-json\/wp\/v2\/media?parent=32695"}],"wp:term":[{"taxonomy":"brand","embeddable":true,"href":"https:\/\/seopaying.com\/da\/wp-json\/wp\/v2\/etheme_brands?post=32695"},{"taxonomy":"product_brand","embeddable":true,"href":"https:\/\/seopaying.com\/da\/wp-json\/wp\/v2\/product_brand?post=32695"},{"taxonomy":"product_cat","embeddable":true,"href":"https:\/\/seopaying.com\/da\/wp-json\/wp\/v2\/product_cat?post=32695"},{"taxonomy":"product_tag","embeddable":true,"href":"https:\/\/seopaying.com\/da\/wp-json\/wp\/v2\/product_tag?post=32695"}],"curies":[{"name":"wp","href":"https:\/\/api.w.org\/{rel}","templated":true}]}}