{"id":40270,"date":"2025-10-01T10:07:58","date_gmt":"2025-10-01T02:07:58","guid":{"rendered":"https:\/\/www.seopaying.com\/juridisk-ansvarsfraskrivelse\/"},"modified":"2025-10-01T10:09:00","modified_gmt":"2025-10-01T02:09:00","slug":"juridisk-ansvarsfraskrivelse","status":"publish","type":"page","link":"https:\/\/seopaying.com\/da\/juridisk-ansvarsfraskrivelse\/","title":{"rendered":"Juridisk ansvarsfraskrivelse"},"content":{"rendered":"\t\t<div data-elementor-type=\"wp-page\" data-elementor-id=\"40270\" class=\"elementor elementor-40270 elementor-40250\" data-elementor-post-type=\"page\">\n\t\t\t\t<div class=\"elementor-element elementor-element-5f681af5 e-flex e-con-boxed e-con e-parent\" data-id=\"5f681af5\" data-element_type=\"container\" data-settings=\"{&quot;background_background&quot;:&quot;classic&quot;}\">\n\t\t\t\t\t<div class=\"e-con-inner\">\n\t\t\t\t<div class=\"elementor-element elementor-element-5396d3 elementor-widget elementor-widget-etheme_animated_headline\" data-id=\"5396d3\" data-element_type=\"widget\" data-settings=\"{&quot;shape&quot;:&quot;double_underline&quot;,&quot;text_style&quot;:&quot;highlight&quot;,&quot;duration&quot;:{&quot;unit&quot;:&quot;px&quot;,&quot;size&quot;:&quot;&quot;,&quot;sizes&quot;:[]},&quot;delay&quot;:{&quot;unit&quot;:&quot;px&quot;,&quot;size&quot;:&quot;&quot;,&quot;sizes&quot;:[]}}\" data-widget_type=\"etheme_animated_headline.default\">\n\t\t\t\t<div class=\"elementor-widget-container\">\n\t\t\t\t\t        \n        <div class=\"etheme-headline-wrapper\">\n            <h1 class=\"etheme-headline\" data-style=\"highlight\">\n\t\t                        <span class=\"etheme-headline-text-wrapper\">\n                \n\t\t        Juridisk ansvarsfraskrivelse<svg xmlns=\"http:\/\/www.w3.org\/2000\/svg\" viewBox=\"0 0 500 150\" preserveAspectRatio=\"none\"><path d=\"M5 130.476C199.783 121.045 295.145 109.078 495 127.639M50.6522 146.306C165.797 137.383 343.333 128.045 457.464 142.755\"><\/path><\/svg>                \n                <\/span>\n                            <\/h1>\n        <\/div>\n        \n\t\t\t\t\t\t<\/div>\n\t\t\t\t<\/div>\n\t\t\t\t<div class=\"elementor-element elementor-element-2ab5bc6b elementor-widget elementor-widget-text-editor\" data-id=\"2ab5bc6b\" data-element_type=\"widget\" data-widget_type=\"text-editor.default\">\n\t\t\t\t\t\t\t\t\t\n<p><strong>Vigtig meddelelse<\/strong><br>Denne juridiske ansvarsfraskrivelse g\u00e6lder for din brug af vores supporttjenester til online omd\u00f8mmestyring. L\u00e6s den omhyggeligt, f\u00f8r du bruger vores tjenester. <\/p>\n\n<ol class=\"wp-block-list\" start=\"1\">\n<li><strong>Tjenesteudbyderens rolle og ansvarsbegr\u00e6nsning<\/strong>\n<ul class=\"wp-block-list\">\n<li>Vi fungerer som en <strong>ledelsesassistent<\/strong> for forhandleren p\u00e5 anmeldelsesplatforme, ikke som en skaber eller manipulator af anmeldelsesindhold.<\/li>\n\n<li>Vi forpligter os til at levere vores tjenester i overensstemmelse med de offentliggjorte vilk\u00e5r for de respektive anmeldelsesplatforme og g\u00e6ldende love og regler. Platformenes politikker kan dog \u00e6ndres, og vi kan ikke garantere, at alle aspekter af vores service til stadighed og absolut vil v\u00e6re i overensstemmelse med alle fremtidige fortolkninger af platformenes politikker. Derfor har forhandleren det endelige ansvar for at sikre, at deres aktiviteter er i overensstemmelse med platformens krav.  <\/li>\n<\/ul>\n<\/li>\n\n<li><strong>Kundens (forhandlerens) ansvar<\/strong>\n<ul class=\"wp-block-list\">\n<li><strong>Kontomyndighed:<\/strong> Du skal garantere, at du er den legitime ejer af forretningsplatformskontoen eller er juridisk autoriseret til at administrere den, og du giver os tilladelse til at udf\u00f8re de f\u00f8rn\u00e6vnte handlinger.<\/li>\n\n<li><strong>Oplysningernes \u00e6gthed:<\/strong> Du skal garantere, at alle kundedata, der leveres til os, er fra legitime og sandf\u00e6rdige kilder. Alle ordrer, der bruges til at udl\u00f8se invitationer til anmeldelser, skal v\u00e6re \u00e6gte og gyldige. <\/li>\n\n<li><strong>Endelig beslutningstagende myndighed:<\/strong> Den endelige beslutning og ansvaret for handlinger som f.eks. indberetning af en anmeldelse ligger hos dig. Vi giver kun anbefalinger og ledelsesm\u00e6ssig st\u00f8tte. <\/li>\n<\/ul>\n<\/li>\n\n<li><strong>Oplysning om platformspolitik og risiko<\/strong>\n<ul class=\"wp-block-list\">\n<li>Anmeldelsesplatforme (f.eks. Trustpilot, SiteJabber) bevarer den endelige myndighed over alt indhold p\u00e5 deres platforme. Dette omfatter retten til ensidigt at fjerne anmeldelser eller indf\u00f8re begr\u00e6nsninger for forhandlerkonti, der overtr\u00e6der deres politikker. <\/li>\n\n<li>Vi <strong>kan ikke holdes ansvarlige<\/strong> for direkte eller indirekte skader som f\u00f8lge af \u00e6ndringer i platformspolitikker eller deres administrative handlinger (s\u00e5som fjernelse af anmeldelser, suspension af konti osv.), selv om disse handlinger er relateret til de tjenester, vi leverer til dig.<\/li>\n<\/ul>\n<\/li>\n\n<li><strong>Overholdelse af love og regler<\/strong>\n<ul class=\"wp-block-list\">\n<li>Vores tjenester overholder n\u00f8je relevante love og regler.<\/li>\n<\/ul>\n<\/li>\n\n<li><strong>Omfanget af ansvarsfraskrivelsen<\/strong>\n<ul class=\"wp-block-list\">\n<li>I det omfang loven tillader det, er vi ikke ansvarlige for indirekte skader, tilf\u00e6ldige skader eller f\u00f8lgeskader, der opst\u00e5r som f\u00f8lge af brugen af vores tjenester.<\/li>\n<\/ul>\n<\/li>\n<\/ol>\n\n<p><strong>Konklusion<\/strong><br>Ved at bruge vores tjenester anerkender du, at du har l\u00e6st, forst\u00e5et og accepteret alle vilk\u00e5r, der er beskrevet i denne juridiske ansvarsfraskrivelse. Vores m\u00e5l er at hj\u00e6lpe dig med at administrere dit online omd\u00f8mme mere effektivt, samtidig med at du overholder reglerne. <\/p>\n\t\t\t\t\t\t\t\t<\/div>\n\t\t\t\t\t<\/div>\n\t\t\t\t<\/div>\n\t\t\t\t<\/div>\n\t\t","protected":false},"excerpt":{"rendered":"<p>Juridisk ansvarsfraskrivelse Vigtig meddelelseDenne juridiske ansvarsfraskrivelse g\u00e6lder for din brug af vores supporttjenester til online omd\u00f8mmestyring. L\u00e6s den omhyggeligt, f\u00f8r du bruger vores tjenester. Tjenesteudbyderens&#8230;<\/p>\n","protected":false},"author":1,"featured_media":0,"parent":0,"menu_order":0,"comment_status":"closed","ping_status":"closed","template":"","meta":{"footnotes":""},"class_list":["post-40270","page","type-page","status-publish","hentry"],"yoast_head":"<!-- This site is optimized with the Yoast SEO plugin v27.1.1 - https:\/\/yoast.com\/product\/yoast-seo-wordpress\/ -->\n<title>Juridisk ansvarsfraskrivelse - SEOPAYING<\/title>\n<meta name=\"robots\" content=\"index, follow, max-snippet:-1, max-image-preview:large, max-video-preview:-1\" \/>\n<link rel=\"canonical\" href=\"https:\/\/seopaying.com\/da\/juridisk-ansvarsfraskrivelse\/\" \/>\n<meta property=\"og:locale\" content=\"da_DK\" \/>\n<meta property=\"og:type\" content=\"article\" \/>\n<meta property=\"og:title\" content=\"Juridisk ansvarsfraskrivelse - SEOPAYING\" \/>\n<meta property=\"og:description\" content=\"Juridisk ansvarsfraskrivelse Vigtig meddelelseDenne juridiske ansvarsfraskrivelse g\u00e6lder for din brug af vores supporttjenester til online omd\u00f8mmestyring. L\u00e6s den omhyggeligt, f\u00f8r du bruger vores tjenester. Tjenesteudbyderens...\" \/>\n<meta property=\"og:url\" content=\"https:\/\/seopaying.com\/da\/juridisk-ansvarsfraskrivelse\/\" \/>\n<meta property=\"og:site_name\" content=\"SEOPAYING\" \/>\n<meta property=\"article:modified_time\" content=\"2025-10-01T02:09:00+00:00\" \/>\n<meta name=\"twitter:card\" content=\"summary_large_image\" \/>\n<meta name=\"twitter:label1\" content=\"Estimeret l\u00e6setid\" \/>\n\t<meta name=\"twitter:data1\" content=\"2 minutter\" \/>\n<script type=\"application\/ld+json\" class=\"yoast-schema-graph\">{\"@context\":\"https:\/\/schema.org\",\"@graph\":[{\"@type\":\"WebPage\",\"@id\":\"https:\/\/seopaying.com\/da\/juridisk-ansvarsfraskrivelse\/\",\"url\":\"https:\/\/seopaying.com\/da\/juridisk-ansvarsfraskrivelse\/\",\"name\":\"Juridisk ansvarsfraskrivelse - SEOPAYING\",\"isPartOf\":{\"@id\":\"https:\/\/seopaying.com\/da\/#website\"},\"datePublished\":\"2025-10-01T02:07:58+00:00\",\"dateModified\":\"2025-10-01T02:09:00+00:00\",\"breadcrumb\":{\"@id\":\"https:\/\/seopaying.com\/da\/juridisk-ansvarsfraskrivelse\/#breadcrumb\"},\"inLanguage\":\"da-DK\",\"potentialAction\":[{\"@type\":\"ReadAction\",\"target\":[\"https:\/\/seopaying.com\/da\/juridisk-ansvarsfraskrivelse\/\"]}]},{\"@type\":\"BreadcrumbList\",\"@id\":\"https:\/\/seopaying.com\/da\/juridisk-ansvarsfraskrivelse\/#breadcrumb\",\"itemListElement\":[{\"@type\":\"ListItem\",\"position\":1,\"name\":\"Hjem\",\"item\":\"https:\/\/seopaying.com\/da\/\"},{\"@type\":\"ListItem\",\"position\":2,\"name\":\"Juridisk ansvarsfraskrivelse\"}]},{\"@type\":\"WebSite\",\"@id\":\"https:\/\/seopaying.com\/da\/#website\",\"url\":\"https:\/\/seopaying.com\/da\/\",\"name\":\"SEOPAYING\",\"description\":\"K\u00f8b anmeldelser online, og forbedr dit websites online-omd\u00f8mme\",\"publisher\":{\"@id\":\"https:\/\/seopaying.com\/da\/#organization\"},\"potentialAction\":[{\"@type\":\"SearchAction\",\"target\":{\"@type\":\"EntryPoint\",\"urlTemplate\":\"https:\/\/seopaying.com\/da\/?s={search_term_string}\"},\"query-input\":{\"@type\":\"PropertyValueSpecification\",\"valueRequired\":true,\"valueName\":\"search_term_string\"}}],\"inLanguage\":\"da-DK\"},{\"@type\":\"Organization\",\"@id\":\"https:\/\/seopaying.com\/da\/#organization\",\"name\":\"SEOPAYING\",\"url\":\"https:\/\/seopaying.com\/da\/\",\"logo\":{\"@type\":\"ImageObject\",\"inLanguage\":\"da-DK\",\"@id\":\"https:\/\/seopaying.com\/da\/#\/schema\/logo\/image\/\",\"url\":\"https:\/\/seopaying.com\/wp-content\/uploads\/2025\/09\/SEO-PAYING-Buy-Reviews-1.svg\",\"contentUrl\":\"https:\/\/seopaying.com\/wp-content\/uploads\/2025\/09\/SEO-PAYING-Buy-Reviews-1.svg\",\"width\":450,\"height\":179,\"caption\":\"SEOPAYING\"},\"image\":{\"@id\":\"https:\/\/seopaying.com\/da\/#\/schema\/logo\/image\/\"}}]}<\/script>\n<!-- \/ Yoast SEO plugin. -->","yoast_head_json":{"title":"Juridisk ansvarsfraskrivelse - SEOPAYING","robots":{"index":"index","follow":"follow","max-snippet":"max-snippet:-1","max-image-preview":"max-image-preview:large","max-video-preview":"max-video-preview:-1"},"canonical":"https:\/\/seopaying.com\/da\/juridisk-ansvarsfraskrivelse\/","og_locale":"da_DK","og_type":"article","og_title":"Juridisk ansvarsfraskrivelse - SEOPAYING","og_description":"Juridisk ansvarsfraskrivelse Vigtig meddelelseDenne juridiske ansvarsfraskrivelse g\u00e6lder for din brug af vores supporttjenester til online omd\u00f8mmestyring. L\u00e6s den omhyggeligt, f\u00f8r du bruger vores tjenester. Tjenesteudbyderens...","og_url":"https:\/\/seopaying.com\/da\/juridisk-ansvarsfraskrivelse\/","og_site_name":"SEOPAYING","article_modified_time":"2025-10-01T02:09:00+00:00","twitter_card":"summary_large_image","twitter_misc":{"Estimeret l\u00e6setid":"2 minutter"},"schema":{"@context":"https:\/\/schema.org","@graph":[{"@type":"WebPage","@id":"https:\/\/seopaying.com\/da\/juridisk-ansvarsfraskrivelse\/","url":"https:\/\/seopaying.com\/da\/juridisk-ansvarsfraskrivelse\/","name":"Juridisk ansvarsfraskrivelse - SEOPAYING","isPartOf":{"@id":"https:\/\/seopaying.com\/da\/#website"},"datePublished":"2025-10-01T02:07:58+00:00","dateModified":"2025-10-01T02:09:00+00:00","breadcrumb":{"@id":"https:\/\/seopaying.com\/da\/juridisk-ansvarsfraskrivelse\/#breadcrumb"},"inLanguage":"da-DK","potentialAction":[{"@type":"ReadAction","target":["https:\/\/seopaying.com\/da\/juridisk-ansvarsfraskrivelse\/"]}]},{"@type":"BreadcrumbList","@id":"https:\/\/seopaying.com\/da\/juridisk-ansvarsfraskrivelse\/#breadcrumb","itemListElement":[{"@type":"ListItem","position":1,"name":"Hjem","item":"https:\/\/seopaying.com\/da\/"},{"@type":"ListItem","position":2,"name":"Juridisk ansvarsfraskrivelse"}]},{"@type":"WebSite","@id":"https:\/\/seopaying.com\/da\/#website","url":"https:\/\/seopaying.com\/da\/","name":"SEOPAYING","description":"K\u00f8b anmeldelser online, og forbedr dit websites online-omd\u00f8mme","publisher":{"@id":"https:\/\/seopaying.com\/da\/#organization"},"potentialAction":[{"@type":"SearchAction","target":{"@type":"EntryPoint","urlTemplate":"https:\/\/seopaying.com\/da\/?s={search_term_string}"},"query-input":{"@type":"PropertyValueSpecification","valueRequired":true,"valueName":"search_term_string"}}],"inLanguage":"da-DK"},{"@type":"Organization","@id":"https:\/\/seopaying.com\/da\/#organization","name":"SEOPAYING","url":"https:\/\/seopaying.com\/da\/","logo":{"@type":"ImageObject","inLanguage":"da-DK","@id":"https:\/\/seopaying.com\/da\/#\/schema\/logo\/image\/","url":"https:\/\/seopaying.com\/wp-content\/uploads\/2025\/09\/SEO-PAYING-Buy-Reviews-1.svg","contentUrl":"https:\/\/seopaying.com\/wp-content\/uploads\/2025\/09\/SEO-PAYING-Buy-Reviews-1.svg","width":450,"height":179,"caption":"SEOPAYING"},"image":{"@id":"https:\/\/seopaying.com\/da\/#\/schema\/logo\/image\/"}}]}},"jetpack_sharing_enabled":true,"_links":{"self":[{"href":"https:\/\/seopaying.com\/da\/wp-json\/wp\/v2\/pages\/40270","targetHints":{"allow":["GET"]}}],"collection":[{"href":"https:\/\/seopaying.com\/da\/wp-json\/wp\/v2\/pages"}],"about":[{"href":"https:\/\/seopaying.com\/da\/wp-json\/wp\/v2\/types\/page"}],"author":[{"embeddable":true,"href":"https:\/\/seopaying.com\/da\/wp-json\/wp\/v2\/users\/1"}],"replies":[{"embeddable":true,"href":"https:\/\/seopaying.com\/da\/wp-json\/wp\/v2\/comments?post=40270"}],"version-history":[{"count":0,"href":"https:\/\/seopaying.com\/da\/wp-json\/wp\/v2\/pages\/40270\/revisions"}],"wp:attachment":[{"href":"https:\/\/seopaying.com\/da\/wp-json\/wp\/v2\/media?parent=40270"}],"curies":[{"name":"wp","href":"https:\/\/api.w.org\/{rel}","templated":true}]}}