{"id":40226,"date":"2025-10-01T10:03:35","date_gmt":"2025-10-01T02:03:35","guid":{"rendered":"https:\/\/www.seopaying.com\/professionel-online-omdoemmestyring-og-support-til-anmeldelsesplatforme\/"},"modified":"2025-10-01T10:06:13","modified_gmt":"2025-10-01T02:06:13","slug":"professionel-online-omdoemmestyring-og-support-til-anmeldelsesplatforme","status":"publish","type":"page","link":"https:\/\/seopaying.com\/da\/professionel-online-omdoemmestyring-og-support-til-anmeldelsesplatforme\/","title":{"rendered":"Professionel online omd\u00f8mmestyring og support til anmeldelsesplatforme"},"content":{"rendered":"\t\t<div data-elementor-type=\"wp-page\" data-elementor-id=\"40226\" class=\"elementor elementor-40226 elementor-40195\" data-elementor-post-type=\"page\">\n\t\t\t\t<div class=\"elementor-element elementor-element-2272c627 e-flex e-con-boxed e-con e-parent\" data-id=\"2272c627\" data-element_type=\"container\" data-settings=\"{&quot;background_background&quot;:&quot;classic&quot;}\">\n\t\t\t\t\t<div class=\"e-con-inner\">\n\t\t\t\t<div class=\"elementor-element elementor-element-acfb222 elementor-widget elementor-widget-etheme_animated_headline\" data-id=\"acfb222\" data-element_type=\"widget\" data-settings=\"{&quot;shape&quot;:&quot;custom&quot;,&quot;text_style&quot;:&quot;highlight&quot;,&quot;duration&quot;:{&quot;unit&quot;:&quot;px&quot;,&quot;size&quot;:&quot;&quot;,&quot;sizes&quot;:[]},&quot;delay&quot;:{&quot;unit&quot;:&quot;px&quot;,&quot;size&quot;:&quot;&quot;,&quot;sizes&quot;:[]}}\" data-widget_type=\"etheme_animated_headline.default\">\n\t\t\t\t<div class=\"elementor-widget-container\">\n\t\t\t\t\t        \n        <div class=\"etheme-headline-wrapper\">\n            <h1 class=\"etheme-headline\" data-style=\"highlight\">\n\t\t                        <span class=\"etheme-headline-text-wrapper\">\n                \n\t\t        Professionel online omd\u00f8mmestyring og support til anmeldelsesplatforme                \n                <\/span>\n                            <\/h1>\n        <\/div>\n        \n\t\t\t\t\t\t<\/div>\n\t\t\t\t<\/div>\n\t\t\t\t<div class=\"elementor-element elementor-element-5936258c elementor-widget elementor-widget-text-editor\" data-id=\"5936258c\" data-element_type=\"widget\" data-widget_type=\"text-editor.default\">\n\t\t\t\t\t\t\t\t\t\n<p>Velkommen til vores professionelle online reputation management service. Vi er dedikeret til at levere kompatibel og gennemsigtig kontoadministration og support til virksomheder p\u00e5 st\u00f8rre anmeldelsesplatforme (s\u00e5som Trustpilot, SiteJabber osv.), der opererer <strong>strengt inden for rammerne af deres respektive servicevilk\u00e5r og politikker.<\/strong> Vores rolle er at fungere som en autoriseret udvidelse af din virksomhed og hj\u00e6lpe dig med at h\u00e5ndtere forbrugerinteraktioner mere effektivt og professionelt.  <\/p>\n\n<p><strong>Vores kernetjenester<\/strong><br>Vi leverer f\u00f8lgende manuelle administrationstjenester, som alle er baseret p\u00e5 de autentiske kundedata, du leverer, og din legitime adgang til de relevante platformskonti:<\/p>\n\n<ol class=\"wp-block-list\" start=\"1\">\n<li><strong>Ops\u00e6tning og optimering af konto:<\/strong> Vi hj\u00e6lper dig med at udfylde og forbedre din virksomheds profil p\u00e5 anmeldelsesplatforme for at sikre, at den er pr\u00e6cis og professionel.<\/li>\n\n<li><strong>Udl\u00f8sning af invitationer til anmeldelser:<\/strong> Efter din godkendelse hj\u00e6lper vi dig med at bruge <strong>platformenes legitime kanaler<\/strong> (f.eks. ved at uploade en kundeliste for at udl\u00f8se officielle invitationsmails) til at invitere dine \u00e6gte kunder til at dele deres erfaringer. Vi opdigter eller skriver absolut ikke falske anmeldelser. <\/li>\n\n<li><strong>Svar p\u00e5 anmeldelser og administration:<\/strong> Som din autoriserede repr\u00e6sentant svarer vi professionelt og h\u00f8fligt offentligt p\u00e5 alle anmeldelser (positive, neutrale og negative) p\u00e5 dine vegne, hvilket viser dit engagement i kundefeedback.<\/li>\n\n<li><strong>Overensstemmende rapportering af anmeldelser:<\/strong> Vi hj\u00e6lper dig med at overv\u00e5ge anmeldelsernes indhold. N\u00e5r der identificeres anmeldelser, der klart overtr\u00e6der platformens politikker (f.eks. indeholder hadefuld tale, p\u00e5viseligt falske oplysninger eller spam, der ikke er relateret til virksomheden), vil vi efter din bekr\u00e6ftelse rapportere dem via platformens officielle kanaler. <\/li>\n\n<li><strong>Dataanalyse og rapportering:<\/strong> Vi giver dig regelm\u00e6ssige vurderings- og analyserapporter, som hj\u00e6lper dig med at forst\u00e5 tendenser i kundetilfredsheden.<\/li>\n<\/ol>\n\n<p><strong>Vores forpligtelse til at overholde reglerne<\/strong><br>Vi erkl\u00e6rer h\u00f8jtideligt, at vores tjenester <strong>strengt udelukker f\u00f8lgende aktiviteter, som er forbudt af alle st\u00f8rre platforme<\/strong>:<\/p>\n\n<ul class=\"wp-block-list\">\n<li><strong>Vi fabrikerer IKKE anmeldelser:<\/strong> Vi vil aldrig skrive eller k\u00f8be falske anmeldelser til forhandlere.<\/li>\n\n<li><strong>Vi giver IKKE incitament til positive anmeldelser:<\/strong> Vi tilbyder ikke \u00f8konomiske incitamenter, rabatter eller andre bel\u00f8nninger til geng\u00e6ld for positive anmeldelser.<\/li>\n\n<li><strong>Vi manipulerer IKKE med den offentlige mening:<\/strong> Vi vil ikke deltage i nogen aktivitet, der har til form\u00e5l ondsindet at forstyrre den naturlige r\u00e6kkef\u00f8lge af anmeldelser, herunder men ikke begr\u00e6nset til udstationering, masserapportering med henblik p\u00e5 fjernelse eller kunstig p\u00e5virkning af pr\u00e6sentationen af anmeldelser.<\/li>\n<\/ul>\n\t\t\t\t\t\t\t\t<\/div>\n\t\t\t\t\t<\/div>\n\t\t\t\t<\/div>\n\t\t\t\t<\/div>\n\t\t","protected":false},"excerpt":{"rendered":"<p>Professional Online Reputation Management &#038; Review Platform Support Welcome to our professional online reputation management service. We are dedicated to providing compliant and transparent account&#8230;<\/p>\n","protected":false},"author":1,"featured_media":0,"parent":0,"menu_order":0,"comment_status":"closed","ping_status":"closed","template":"","meta":{"footnotes":""},"class_list":["post-40226","page","type-page","status-publish","hentry"],"yoast_head":"<!-- This site is optimized with the Yoast SEO plugin v27.1.1 - https:\/\/yoast.com\/product\/yoast-seo-wordpress\/ -->\n<title>Professionel online omd\u00f8mmestyring og support til anmeldelsesplatforme - SEOPAYING<\/title>\n<meta name=\"robots\" content=\"index, follow, max-snippet:-1, max-image-preview:large, max-video-preview:-1\" \/>\n<link rel=\"canonical\" href=\"https:\/\/seopaying.com\/da\/professionel-online-omdoemmestyring-og-support-til-anmeldelsesplatforme\/\" \/>\n<meta property=\"og:locale\" content=\"da_DK\" \/>\n<meta property=\"og:type\" content=\"article\" \/>\n<meta property=\"og:title\" content=\"Professionel online omd\u00f8mmestyring og support til anmeldelsesplatforme - SEOPAYING\" \/>\n<meta property=\"og:description\" content=\"Professional Online Reputation Management &#038; Review Platform Support Welcome to our professional online reputation management service. We are dedicated to providing compliant and transparent account...\" \/>\n<meta property=\"og:url\" content=\"https:\/\/seopaying.com\/da\/professionel-online-omdoemmestyring-og-support-til-anmeldelsesplatforme\/\" \/>\n<meta property=\"og:site_name\" content=\"SEOPAYING\" \/>\n<meta property=\"article:modified_time\" content=\"2025-10-01T02:06:13+00:00\" \/>\n<meta name=\"twitter:card\" content=\"summary_large_image\" \/>\n<meta name=\"twitter:label1\" content=\"Estimeret l\u00e6setid\" \/>\n\t<meta name=\"twitter:data1\" content=\"2 minutter\" \/>\n<script type=\"application\/ld+json\" class=\"yoast-schema-graph\">{\"@context\":\"https:\/\/schema.org\",\"@graph\":[{\"@type\":\"WebPage\",\"@id\":\"https:\/\/seopaying.com\/da\/professionel-online-omdoemmestyring-og-support-til-anmeldelsesplatforme\/\",\"url\":\"https:\/\/seopaying.com\/da\/professionel-online-omdoemmestyring-og-support-til-anmeldelsesplatforme\/\",\"name\":\"Professionel online omd\u00f8mmestyring og support til anmeldelsesplatforme - SEOPAYING\",\"isPartOf\":{\"@id\":\"https:\/\/seopaying.com\/da\/#website\"},\"datePublished\":\"2025-10-01T02:03:35+00:00\",\"dateModified\":\"2025-10-01T02:06:13+00:00\",\"breadcrumb\":{\"@id\":\"https:\/\/seopaying.com\/da\/professionel-online-omdoemmestyring-og-support-til-anmeldelsesplatforme\/#breadcrumb\"},\"inLanguage\":\"da-DK\",\"potentialAction\":[{\"@type\":\"ReadAction\",\"target\":[\"https:\/\/seopaying.com\/da\/professionel-online-omdoemmestyring-og-support-til-anmeldelsesplatforme\/\"]}]},{\"@type\":\"BreadcrumbList\",\"@id\":\"https:\/\/seopaying.com\/da\/professionel-online-omdoemmestyring-og-support-til-anmeldelsesplatforme\/#breadcrumb\",\"itemListElement\":[{\"@type\":\"ListItem\",\"position\":1,\"name\":\"Hjem\",\"item\":\"https:\/\/seopaying.com\/da\/\"},{\"@type\":\"ListItem\",\"position\":2,\"name\":\"Professionel online omd\u00f8mmestyring og support til anmeldelsesplatforme\"}]},{\"@type\":\"WebSite\",\"@id\":\"https:\/\/seopaying.com\/da\/#website\",\"url\":\"https:\/\/seopaying.com\/da\/\",\"name\":\"SEOPAYING\",\"description\":\"K\u00f8b anmeldelser online, og forbedr dit websites online-omd\u00f8mme\",\"publisher\":{\"@id\":\"https:\/\/seopaying.com\/da\/#organization\"},\"potentialAction\":[{\"@type\":\"SearchAction\",\"target\":{\"@type\":\"EntryPoint\",\"urlTemplate\":\"https:\/\/seopaying.com\/da\/?s={search_term_string}\"},\"query-input\":{\"@type\":\"PropertyValueSpecification\",\"valueRequired\":true,\"valueName\":\"search_term_string\"}}],\"inLanguage\":\"da-DK\"},{\"@type\":\"Organization\",\"@id\":\"https:\/\/seopaying.com\/da\/#organization\",\"name\":\"SEOPAYING\",\"url\":\"https:\/\/seopaying.com\/da\/\",\"logo\":{\"@type\":\"ImageObject\",\"inLanguage\":\"da-DK\",\"@id\":\"https:\/\/seopaying.com\/da\/#\/schema\/logo\/image\/\",\"url\":\"https:\/\/seopaying.com\/wp-content\/uploads\/2025\/09\/SEO-PAYING-Buy-Reviews-1.svg\",\"contentUrl\":\"https:\/\/seopaying.com\/wp-content\/uploads\/2025\/09\/SEO-PAYING-Buy-Reviews-1.svg\",\"width\":450,\"height\":179,\"caption\":\"SEOPAYING\"},\"image\":{\"@id\":\"https:\/\/seopaying.com\/da\/#\/schema\/logo\/image\/\"}}]}<\/script>\n<!-- \/ Yoast SEO plugin. -->","yoast_head_json":{"title":"Professionel online omd\u00f8mmestyring og support til anmeldelsesplatforme - SEOPAYING","robots":{"index":"index","follow":"follow","max-snippet":"max-snippet:-1","max-image-preview":"max-image-preview:large","max-video-preview":"max-video-preview:-1"},"canonical":"https:\/\/seopaying.com\/da\/professionel-online-omdoemmestyring-og-support-til-anmeldelsesplatforme\/","og_locale":"da_DK","og_type":"article","og_title":"Professionel online omd\u00f8mmestyring og support til anmeldelsesplatforme - SEOPAYING","og_description":"Professional Online Reputation Management &#038; Review Platform Support Welcome to our professional online reputation management service. We are dedicated to providing compliant and transparent account...","og_url":"https:\/\/seopaying.com\/da\/professionel-online-omdoemmestyring-og-support-til-anmeldelsesplatforme\/","og_site_name":"SEOPAYING","article_modified_time":"2025-10-01T02:06:13+00:00","twitter_card":"summary_large_image","twitter_misc":{"Estimeret l\u00e6setid":"2 minutter"},"schema":{"@context":"https:\/\/schema.org","@graph":[{"@type":"WebPage","@id":"https:\/\/seopaying.com\/da\/professionel-online-omdoemmestyring-og-support-til-anmeldelsesplatforme\/","url":"https:\/\/seopaying.com\/da\/professionel-online-omdoemmestyring-og-support-til-anmeldelsesplatforme\/","name":"Professionel online omd\u00f8mmestyring og support til anmeldelsesplatforme - SEOPAYING","isPartOf":{"@id":"https:\/\/seopaying.com\/da\/#website"},"datePublished":"2025-10-01T02:03:35+00:00","dateModified":"2025-10-01T02:06:13+00:00","breadcrumb":{"@id":"https:\/\/seopaying.com\/da\/professionel-online-omdoemmestyring-og-support-til-anmeldelsesplatforme\/#breadcrumb"},"inLanguage":"da-DK","potentialAction":[{"@type":"ReadAction","target":["https:\/\/seopaying.com\/da\/professionel-online-omdoemmestyring-og-support-til-anmeldelsesplatforme\/"]}]},{"@type":"BreadcrumbList","@id":"https:\/\/seopaying.com\/da\/professionel-online-omdoemmestyring-og-support-til-anmeldelsesplatforme\/#breadcrumb","itemListElement":[{"@type":"ListItem","position":1,"name":"Hjem","item":"https:\/\/seopaying.com\/da\/"},{"@type":"ListItem","position":2,"name":"Professionel online omd\u00f8mmestyring og support til anmeldelsesplatforme"}]},{"@type":"WebSite","@id":"https:\/\/seopaying.com\/da\/#website","url":"https:\/\/seopaying.com\/da\/","name":"SEOPAYING","description":"K\u00f8b anmeldelser online, og forbedr dit websites online-omd\u00f8mme","publisher":{"@id":"https:\/\/seopaying.com\/da\/#organization"},"potentialAction":[{"@type":"SearchAction","target":{"@type":"EntryPoint","urlTemplate":"https:\/\/seopaying.com\/da\/?s={search_term_string}"},"query-input":{"@type":"PropertyValueSpecification","valueRequired":true,"valueName":"search_term_string"}}],"inLanguage":"da-DK"},{"@type":"Organization","@id":"https:\/\/seopaying.com\/da\/#organization","name":"SEOPAYING","url":"https:\/\/seopaying.com\/da\/","logo":{"@type":"ImageObject","inLanguage":"da-DK","@id":"https:\/\/seopaying.com\/da\/#\/schema\/logo\/image\/","url":"https:\/\/seopaying.com\/wp-content\/uploads\/2025\/09\/SEO-PAYING-Buy-Reviews-1.svg","contentUrl":"https:\/\/seopaying.com\/wp-content\/uploads\/2025\/09\/SEO-PAYING-Buy-Reviews-1.svg","width":450,"height":179,"caption":"SEOPAYING"},"image":{"@id":"https:\/\/seopaying.com\/da\/#\/schema\/logo\/image\/"}}]}},"jetpack_sharing_enabled":true,"_links":{"self":[{"href":"https:\/\/seopaying.com\/da\/wp-json\/wp\/v2\/pages\/40226","targetHints":{"allow":["GET"]}}],"collection":[{"href":"https:\/\/seopaying.com\/da\/wp-json\/wp\/v2\/pages"}],"about":[{"href":"https:\/\/seopaying.com\/da\/wp-json\/wp\/v2\/types\/page"}],"author":[{"embeddable":true,"href":"https:\/\/seopaying.com\/da\/wp-json\/wp\/v2\/users\/1"}],"replies":[{"embeddable":true,"href":"https:\/\/seopaying.com\/da\/wp-json\/wp\/v2\/comments?post=40226"}],"version-history":[{"count":0,"href":"https:\/\/seopaying.com\/da\/wp-json\/wp\/v2\/pages\/40226\/revisions"}],"wp:attachment":[{"href":"https:\/\/seopaying.com\/da\/wp-json\/wp\/v2\/media?parent=40226"}],"curies":[{"name":"wp","href":"https:\/\/api.w.org\/{rel}","templated":true}]}}