{"id":40173,"date":"2025-10-01T09:53:43","date_gmt":"2025-10-01T01:53:43","guid":{"rendered":"https:\/\/www.seopaying.com\/politik-for-tilbagebetaling\/"},"modified":"2025-10-01T10:10:48","modified_gmt":"2025-10-01T02:10:48","slug":"politik-for-tilbagebetaling","status":"publish","type":"page","link":"https:\/\/seopaying.com\/da\/politik-for-tilbagebetaling\/","title":{"rendered":"Politik for tilbagebetaling"},"content":{"rendered":"\t\t<div data-elementor-type=\"wp-page\" data-elementor-id=\"40173\" class=\"elementor elementor-40173 elementor-40149\" data-elementor-post-type=\"page\">\n\t\t\t\t<div class=\"elementor-element elementor-element-892021d e-flex e-con-boxed e-con e-parent\" data-id=\"892021d\" data-element_type=\"container\" data-settings=\"{&quot;background_background&quot;:&quot;classic&quot;}\">\n\t\t\t\t\t<div class=\"e-con-inner\">\n\t\t\t\t<div class=\"elementor-element elementor-element-4a23d86f elementor-widget elementor-widget-etheme_animated_headline\" data-id=\"4a23d86f\" data-element_type=\"widget\" data-settings=\"{&quot;shape&quot;:&quot;double_underline&quot;,&quot;text_style&quot;:&quot;highlight&quot;,&quot;duration&quot;:{&quot;unit&quot;:&quot;px&quot;,&quot;size&quot;:&quot;&quot;,&quot;sizes&quot;:[]},&quot;delay&quot;:{&quot;unit&quot;:&quot;px&quot;,&quot;size&quot;:&quot;&quot;,&quot;sizes&quot;:[]}}\" data-widget_type=\"etheme_animated_headline.default\">\n\t\t\t\t<div class=\"elementor-widget-container\">\n\t\t\t\t\t        \n        <div class=\"etheme-headline-wrapper\">\n            <h1 class=\"etheme-headline\" data-style=\"highlight\">\n\t\t                        <span class=\"etheme-headline-text-wrapper\">\n                \n\t\t        Politik for tilbagebetaling<svg xmlns=\"http:\/\/www.w3.org\/2000\/svg\" viewBox=\"0 0 500 150\" preserveAspectRatio=\"none\"><path d=\"M5 130.476C199.783 121.045 295.145 109.078 495 127.639M50.6522 146.306C165.797 137.383 343.333 128.045 457.464 142.755\"><\/path><\/svg>                \n                <\/span>\n                            <\/h1>\n        <\/div>\n        \n\t\t\t\t\t\t<\/div>\n\t\t\t\t<\/div>\n\t\t\t\t<div class=\"elementor-element elementor-element-ab0fed4 elementor-widget elementor-widget-text-editor\" data-id=\"ab0fed4\" data-element_type=\"widget\" data-widget_type=\"text-editor.default\">\n\t\t\t\t\t\t\t\t\t\n<p class=\"ds-markdown-paragraph\">Hos SEOPAYING er vi forpligtet til at levere p\u00e5lidelige tjenester af h\u00f8j kvalitet. Denne refusionspolitik beskriver de omst\u00e6ndigheder, hvorunder der kan ydes refusion. L\u00e6s den omhyggeligt, f\u00f8r du afgiver en ordre.  <\/p>\n<h4><strong>1. Berettigelse til tilbagebetaling<\/strong><\/h4>\n<p class=\"ds-markdown-paragraph\">En anmodning om tilbagebetaling kan <strong>kun<\/strong> overvejes, <strong>hvis tjenesten endnu ikke er leveret fuldt ud.<\/strong> Vores politik er designet til at v\u00e6re fair over for b\u00e5de vores kunder og vores driftsomkostninger. <\/p>\n<ul>\n<li>\n<p class=\"ds-markdown-paragraph\"><strong>F\u00f8r p\u00e5begyndelse af service:<\/strong> Hvis du anmoder om annullering, <strong>f\u00f8r<\/strong> vores team er begyndt at arbejde p\u00e5 din ordre, er du berettiget til fuld refusion.<\/p>\n<\/li>\n<li>\n<p class=\"ds-markdown-paragraph\"><strong>Under levering af tjenesten:<\/strong> Hvis du anmoder om annullering <strong>, efter at<\/strong> tjenesten er startet, men f\u00f8r det aftalte antal anmeldelser er leveret, kan der udstedes en <strong>delvis refusion<\/strong>. Refusionsbel\u00f8bet beregnes som f\u00f8lger: Samlet ordrev\u00e6rdi minus prisen p\u00e5 allerede leverede anmeldelser og et behandlingsgebyr. <\/p>\n<\/li>\n<\/ul>\n<h4><strong>2. Situationer, der ikke kan refunderes<\/strong><\/h4>\n<p class=\"ds-markdown-paragraph\">Bem\u00e6rk, at der <strong>ikke<\/strong> gives refusion i f\u00f8lgende tilf\u00e6lde:<\/p>\n<ul>\n<li>\n<p class=\"ds-markdown-paragraph\"><strong>Afsluttede ordrer:<\/strong> N\u00e5r tjenesten er helt afsluttet, og den endelige gennemgang er leveret, betragtes ordren som endelig, og der vil ikke blive udstedt nogen refusion.<\/p>\n<\/li>\n<li>\n<p class=\"ds-markdown-paragraph\"><strong>Fjernelse af anmeldelser fra platforme:<\/strong> Vi garanterer kvaliteten og leveringen af vores service. <strong>Vi kan<\/strong> dog <strong>ikke kontrollere politikkerne for tredjepartsplatforme<\/strong> (s\u00e5som Google, Yelp, Trustpilot osv.). Hvis en platform fjerner eller filtrerer anmeldelserne, efter at vi har leveret dem, udg\u00f8r dette ikke en fejl i vores service, og der vil ikke blive givet refusion. Vores arbejde involverer en betydelig manuel indsats og ressourcer, som bruges ved levering.   <\/p>\n<\/li>\n<\/ul>\n<h4><strong>3. Proces for tilbagebetaling<\/strong><\/h4>\n<ul>\n<li>\n<p class=\"ds-markdown-paragraph\"><strong>Metode:<\/strong> Refusioner, n\u00e5r de er godkendt, vil blive udstedt tilbage til den oprindelige betalingsmetode, der blev brugt til transaktionen.<\/p>\n<\/li>\n<li>\n<p class=\"ds-markdown-paragraph\"><strong>Behandlingsgebyr:<\/strong> Bem\u00e6rk, at alle godkendte tilbagebetalinger er underlagt et administrations- og behandlingsgebyr til d\u00e6kning af transaktionsomkostninger, der afholdes af vores betalingsgateways.<\/p>\n<\/li>\n<li>\n<p class=\"ds-markdown-paragraph\"><strong>Tidslinje:<\/strong> Der g\u00e5r 5-10 arbejdsdage, f\u00f8r refusionen st\u00e5r p\u00e5 din konto efter godkendelse.<\/p>\n<\/li>\n<\/ul>\n<h4><strong>S\u00e5dan anmoder du om tilbagebetaling<\/strong><\/h4>\n<p class=\"ds-markdown-paragraph\">Hvis du vil anmode om tilbagebetaling, bedes du kontakte vores supportteam p\u00e5 <a href=\"mailto:contact@seopaying.com\">\n  <span style=\"text-decoration: underline;\">\n    <strong>contact@seopaying.com<\/strong>\n  <\/span>\n<\/a> med dit ordrenummer og \u00e5rsagen til din anmodning. Vores team vil gennemg\u00e5 din sag ud fra de kriterier, der er skitseret ovenfor, og svare med det samme. <\/p>\n<p class=\"ds-markdown-paragraph\"><strong>Kontakt os:<\/strong><br>Hvis du har sp\u00f8rgsm\u00e5l til denne refusionspolitik, bedes du <strong>kontakte<\/strong><strong>\n  <a href=\"https:\/\/www.seopaying.com\/da\/kontakt-os\/\">\n    <span style=\"text-decoration: underline;\">kontakt os<\/span>\n  <\/a>\n<\/strong> p\u00e5.<\/p>\n\t\t\t\t\t\t\t\t<\/div>\n\t\t\t\t\t<\/div>\n\t\t\t\t<\/div>\n\t\t\t\t<\/div>\n\t\t","protected":false},"excerpt":{"rendered":"<p>Politik for tilbagebetaling Hos SEOPAYING er vi forpligtet til at levere p\u00e5lidelige tjenester af h\u00f8j kvalitet. Denne refusionspolitik beskriver de omst\u00e6ndigheder, hvorunder der kan ydes&#8230;<\/p>\n","protected":false},"author":1,"featured_media":0,"parent":0,"menu_order":0,"comment_status":"closed","ping_status":"closed","template":"","meta":{"footnotes":""},"class_list":["post-40173","page","type-page","status-publish","hentry"],"yoast_head":"<!-- This site is optimized with the Yoast SEO plugin v27.1.1 - https:\/\/yoast.com\/product\/yoast-seo-wordpress\/ -->\n<title>Politik for tilbagebetaling - SEOPAYING<\/title>\n<meta name=\"robots\" content=\"index, follow, max-snippet:-1, max-image-preview:large, max-video-preview:-1\" \/>\n<link rel=\"canonical\" href=\"https:\/\/seopaying.com\/da\/politik-for-tilbagebetaling\/\" \/>\n<meta property=\"og:locale\" content=\"da_DK\" \/>\n<meta property=\"og:type\" content=\"article\" \/>\n<meta property=\"og:title\" content=\"Politik for tilbagebetaling - SEOPAYING\" \/>\n<meta property=\"og:description\" content=\"Politik for tilbagebetaling Hos SEOPAYING er vi forpligtet til at levere p\u00e5lidelige tjenester af h\u00f8j kvalitet. Denne refusionspolitik beskriver de omst\u00e6ndigheder, hvorunder der kan ydes...\" \/>\n<meta property=\"og:url\" content=\"https:\/\/seopaying.com\/da\/politik-for-tilbagebetaling\/\" \/>\n<meta property=\"og:site_name\" content=\"SEOPAYING\" \/>\n<meta property=\"article:modified_time\" content=\"2025-10-01T02:10:48+00:00\" \/>\n<meta name=\"twitter:card\" content=\"summary_large_image\" \/>\n<meta name=\"twitter:label1\" content=\"Estimeret l\u00e6setid\" \/>\n\t<meta name=\"twitter:data1\" content=\"2 minutter\" \/>\n<script type=\"application\/ld+json\" class=\"yoast-schema-graph\">{\"@context\":\"https:\/\/schema.org\",\"@graph\":[{\"@type\":\"WebPage\",\"@id\":\"https:\/\/seopaying.com\/da\/politik-for-tilbagebetaling\/\",\"url\":\"https:\/\/seopaying.com\/da\/politik-for-tilbagebetaling\/\",\"name\":\"Politik for tilbagebetaling - SEOPAYING\",\"isPartOf\":{\"@id\":\"https:\/\/seopaying.com\/da\/#website\"},\"datePublished\":\"2025-10-01T01:53:43+00:00\",\"dateModified\":\"2025-10-01T02:10:48+00:00\",\"breadcrumb\":{\"@id\":\"https:\/\/seopaying.com\/da\/politik-for-tilbagebetaling\/#breadcrumb\"},\"inLanguage\":\"da-DK\",\"potentialAction\":[{\"@type\":\"ReadAction\",\"target\":[\"https:\/\/seopaying.com\/da\/politik-for-tilbagebetaling\/\"]}]},{\"@type\":\"BreadcrumbList\",\"@id\":\"https:\/\/seopaying.com\/da\/politik-for-tilbagebetaling\/#breadcrumb\",\"itemListElement\":[{\"@type\":\"ListItem\",\"position\":1,\"name\":\"Hjem\",\"item\":\"https:\/\/seopaying.com\/da\/\"},{\"@type\":\"ListItem\",\"position\":2,\"name\":\"Politik for tilbagebetaling\"}]},{\"@type\":\"WebSite\",\"@id\":\"https:\/\/seopaying.com\/da\/#website\",\"url\":\"https:\/\/seopaying.com\/da\/\",\"name\":\"SEOPAYING\",\"description\":\"K\u00f8b anmeldelser online, og forbedr dit websites online-omd\u00f8mme\",\"publisher\":{\"@id\":\"https:\/\/seopaying.com\/da\/#organization\"},\"potentialAction\":[{\"@type\":\"SearchAction\",\"target\":{\"@type\":\"EntryPoint\",\"urlTemplate\":\"https:\/\/seopaying.com\/da\/?s={search_term_string}\"},\"query-input\":{\"@type\":\"PropertyValueSpecification\",\"valueRequired\":true,\"valueName\":\"search_term_string\"}}],\"inLanguage\":\"da-DK\"},{\"@type\":\"Organization\",\"@id\":\"https:\/\/seopaying.com\/da\/#organization\",\"name\":\"SEOPAYING\",\"url\":\"https:\/\/seopaying.com\/da\/\",\"logo\":{\"@type\":\"ImageObject\",\"inLanguage\":\"da-DK\",\"@id\":\"https:\/\/seopaying.com\/da\/#\/schema\/logo\/image\/\",\"url\":\"https:\/\/seopaying.com\/wp-content\/uploads\/2025\/09\/SEO-PAYING-Buy-Reviews-1.svg\",\"contentUrl\":\"https:\/\/seopaying.com\/wp-content\/uploads\/2025\/09\/SEO-PAYING-Buy-Reviews-1.svg\",\"width\":450,\"height\":179,\"caption\":\"SEOPAYING\"},\"image\":{\"@id\":\"https:\/\/seopaying.com\/da\/#\/schema\/logo\/image\/\"}}]}<\/script>\n<!-- \/ Yoast SEO plugin. -->","yoast_head_json":{"title":"Politik for tilbagebetaling - SEOPAYING","robots":{"index":"index","follow":"follow","max-snippet":"max-snippet:-1","max-image-preview":"max-image-preview:large","max-video-preview":"max-video-preview:-1"},"canonical":"https:\/\/seopaying.com\/da\/politik-for-tilbagebetaling\/","og_locale":"da_DK","og_type":"article","og_title":"Politik for tilbagebetaling - SEOPAYING","og_description":"Politik for tilbagebetaling Hos SEOPAYING er vi forpligtet til at levere p\u00e5lidelige tjenester af h\u00f8j kvalitet. Denne refusionspolitik beskriver de omst\u00e6ndigheder, hvorunder der kan ydes...","og_url":"https:\/\/seopaying.com\/da\/politik-for-tilbagebetaling\/","og_site_name":"SEOPAYING","article_modified_time":"2025-10-01T02:10:48+00:00","twitter_card":"summary_large_image","twitter_misc":{"Estimeret l\u00e6setid":"2 minutter"},"schema":{"@context":"https:\/\/schema.org","@graph":[{"@type":"WebPage","@id":"https:\/\/seopaying.com\/da\/politik-for-tilbagebetaling\/","url":"https:\/\/seopaying.com\/da\/politik-for-tilbagebetaling\/","name":"Politik for tilbagebetaling - SEOPAYING","isPartOf":{"@id":"https:\/\/seopaying.com\/da\/#website"},"datePublished":"2025-10-01T01:53:43+00:00","dateModified":"2025-10-01T02:10:48+00:00","breadcrumb":{"@id":"https:\/\/seopaying.com\/da\/politik-for-tilbagebetaling\/#breadcrumb"},"inLanguage":"da-DK","potentialAction":[{"@type":"ReadAction","target":["https:\/\/seopaying.com\/da\/politik-for-tilbagebetaling\/"]}]},{"@type":"BreadcrumbList","@id":"https:\/\/seopaying.com\/da\/politik-for-tilbagebetaling\/#breadcrumb","itemListElement":[{"@type":"ListItem","position":1,"name":"Hjem","item":"https:\/\/seopaying.com\/da\/"},{"@type":"ListItem","position":2,"name":"Politik for tilbagebetaling"}]},{"@type":"WebSite","@id":"https:\/\/seopaying.com\/da\/#website","url":"https:\/\/seopaying.com\/da\/","name":"SEOPAYING","description":"K\u00f8b anmeldelser online, og forbedr dit websites online-omd\u00f8mme","publisher":{"@id":"https:\/\/seopaying.com\/da\/#organization"},"potentialAction":[{"@type":"SearchAction","target":{"@type":"EntryPoint","urlTemplate":"https:\/\/seopaying.com\/da\/?s={search_term_string}"},"query-input":{"@type":"PropertyValueSpecification","valueRequired":true,"valueName":"search_term_string"}}],"inLanguage":"da-DK"},{"@type":"Organization","@id":"https:\/\/seopaying.com\/da\/#organization","name":"SEOPAYING","url":"https:\/\/seopaying.com\/da\/","logo":{"@type":"ImageObject","inLanguage":"da-DK","@id":"https:\/\/seopaying.com\/da\/#\/schema\/logo\/image\/","url":"https:\/\/seopaying.com\/wp-content\/uploads\/2025\/09\/SEO-PAYING-Buy-Reviews-1.svg","contentUrl":"https:\/\/seopaying.com\/wp-content\/uploads\/2025\/09\/SEO-PAYING-Buy-Reviews-1.svg","width":450,"height":179,"caption":"SEOPAYING"},"image":{"@id":"https:\/\/seopaying.com\/da\/#\/schema\/logo\/image\/"}}]}},"jetpack_sharing_enabled":true,"_links":{"self":[{"href":"https:\/\/seopaying.com\/da\/wp-json\/wp\/v2\/pages\/40173","targetHints":{"allow":["GET"]}}],"collection":[{"href":"https:\/\/seopaying.com\/da\/wp-json\/wp\/v2\/pages"}],"about":[{"href":"https:\/\/seopaying.com\/da\/wp-json\/wp\/v2\/types\/page"}],"author":[{"embeddable":true,"href":"https:\/\/seopaying.com\/da\/wp-json\/wp\/v2\/users\/1"}],"replies":[{"embeddable":true,"href":"https:\/\/seopaying.com\/da\/wp-json\/wp\/v2\/comments?post=40173"}],"version-history":[{"count":0,"href":"https:\/\/seopaying.com\/da\/wp-json\/wp\/v2\/pages\/40173\/revisions"}],"wp:attachment":[{"href":"https:\/\/seopaying.com\/da\/wp-json\/wp\/v2\/media?parent=40173"}],"curies":[{"name":"wp","href":"https:\/\/api.w.org\/{rel}","templated":true}]}}